{"id":23558,"date":"2025-04-17T14:43:20","date_gmt":"2025-04-17T13:43:20","guid":{"rendered":"https:\/\/baralivres.ma\/?post_type=product&#038;p=23558"},"modified":"2025-04-17T14:43:21","modified_gmt":"2025-04-17T13:43:21","slug":"as-de-pique","status":"publish","type":"product","link":"https:\/\/baralivres.ma\/?product=as-de-pique","title":{"rendered":"As de pique"},"content":{"rendered":"<p><strong data-start=\"67\" data-end=\"82\">As de pique<\/strong> \u2013 <em data-start=\"85\" data-end=\"108\">Faridah \u00c0b\u00edk\u00e9-\u00cdy\u00edm\u00edd\u00e9<\/em><br data-start=\"108\" data-end=\"111\" \/>Devon et Chiamaka, seuls \u00e9l\u00e8ves noirs d\u2019un lyc\u00e9e priv\u00e9 prestigieux, voient leur vie basculer quand un myst\u00e9rieux \u00ab\u00a0As de pique\u00a0\u00bb r\u00e9v\u00e8le leurs secrets \u00e0 toute l\u2019\u00e9cole. Ce qui semble d\u2019abord \u00eatre une mauvaise blague devient une v\u00e9ritable machination raciste et violente.<br data-start=\"377\" data-end=\"380\" \/>Un thriller haletant, engag\u00e9, qui d\u00e9nonce le racisme et l\u2019homophobie dans les institutions.<\/p>\n","protected":false},"excerpt":{"rendered":"<p><span class=\"relative -mx-px my-[-0.2rem] rounded px-px py-[0.2rem] transition-colors duration-100 ease-in-out\">ce roman explore les th\u00e8mes du racisme syst\u00e9mique, de l\u2019homophobie et des in\u00e9galit\u00e9s sociales dans un cadre scolaire \u00e9litiste.<\/span>\u200b<\/p>\n","protected":false},"featured_media":23559,"comment_status":"open","ping_status":"closed","template":"","meta":{"inline_featured_image":false},"product_cat":[4326,3873,143],"product_tag":[],"class_list":{"0":"post-23558","1":"product","2":"type-product","3":"status-publish","4":"has-post-thumbnail","6":"product_cat-fantasy","7":"product_cat-roman-en-francais","8":"product_cat-roman","9":"pa_auteurs-faridah-abike-iyimide","11":"first","12":"instock","13":"shipping-taxable","14":"purchasable","15":"product-type-simple"},"_links":{"self":[{"href":"https:\/\/baralivres.ma\/index.php?rest_route=\/wp\/v2\/product\/23558","targetHints":{"allow":["GET"]}}],"collection":[{"href":"https:\/\/baralivres.ma\/index.php?rest_route=\/wp\/v2\/product"}],"about":[{"href":"https:\/\/baralivres.ma\/index.php?rest_route=\/wp\/v2\/types\/product"}],"replies":[{"embeddable":true,"href":"https:\/\/baralivres.ma\/index.php?rest_route=%2Fwp%2Fv2%2Fcomments&post=23558"}],"version-history":[{"count":1,"href":"https:\/\/baralivres.ma\/index.php?rest_route=\/wp\/v2\/product\/23558\/revisions"}],"predecessor-version":[{"id":23560,"href":"https:\/\/baralivres.ma\/index.php?rest_route=\/wp\/v2\/product\/23558\/revisions\/23560"}],"wp:featuredmedia":[{"embeddable":true,"href":"https:\/\/baralivres.ma\/index.php?rest_route=\/wp\/v2\/media\/23559"}],"wp:attachment":[{"href":"https:\/\/baralivres.ma\/index.php?rest_route=%2Fwp%2Fv2%2Fmedia&parent=23558"}],"wp:term":[{"taxonomy":"product_cat","embeddable":true,"href":"https:\/\/baralivres.ma\/index.php?rest_route=%2Fwp%2Fv2%2Fproduct_cat&post=23558"},{"taxonomy":"product_tag","embeddable":true,"href":"https:\/\/baralivres.ma\/index.php?rest_route=%2Fwp%2Fv2%2Fproduct_tag&post=23558"}],"curies":[{"name":"wp","href":"https:\/\/api.w.org\/{rel}","templated":true}]}}