{"id":23555,"date":"2025-04-17T12:30:17","date_gmt":"2025-04-17T11:30:17","guid":{"rendered":"https:\/\/baralivres.ma\/?post_type=product&#038;p=23555"},"modified":"2025-04-17T12:30:18","modified_gmt":"2025-04-17T11:30:18","slug":"le-royaume-des-damnes-tome-02-le-royaume-des-maudits","status":"publish","type":"product","link":"https:\/\/baralivres.ma\/?product=le-royaume-des-damnes-tome-02-le-royaume-des-maudits","title":{"rendered":"Le Royaume des Damn\u00e9s &#8211; Tome 02 : Le Royaume des maudits"},"content":{"rendered":"<p><strong data-start=\"0\" data-end=\"60\" data-is-only-node=\"\">Le Royaume des Damn\u00e9s &#8211; Tome 02 : Le Royaume des Maudits<\/strong> de Kerri Maniscalco poursuit l&rsquo;aventure d&rsquo;Audrey Rose Wadsworth et de Thomas Cresswell. Confront\u00e9s \u00e0 une mal\u00e9diction ancienne, ils doivent naviguer entre myst\u00e8res, dangers et choix difficiles. Ce roman m\u00eale romance, magie et suspense dans un univers sombre et gothique, o\u00f9 l&rsquo;amour et le sacrifice se jouent \u00e0 chaque instant.<\/p>\n","protected":false},"excerpt":{"rendered":"<p><strong data-start=\"0\" data-end=\"60\">Le Royaume des Damn\u00e9s &#8211; Tome 02 : Le Royaume des Maudits<\/strong> de Kerri Maniscalco est un roman de fantasy sombre et captivant, qui continue l&rsquo;histoire \u00e9pique du premier tome.<\/p>\n","protected":false},"featured_media":23556,"comment_status":"open","ping_status":"closed","template":"","meta":{"inline_featured_image":false},"product_cat":[4326,3873,143],"product_tag":[],"class_list":{"0":"post-23555","1":"product","2":"type-product","3":"status-publish","4":"has-post-thumbnail","6":"product_cat-fantasy","7":"product_cat-roman-en-francais","8":"product_cat-roman","9":"pa_auteurs-kerri-maniscalco","11":"first","12":"instock","13":"shipping-taxable","14":"purchasable","15":"product-type-simple"},"_links":{"self":[{"href":"https:\/\/baralivres.ma\/index.php?rest_route=\/wp\/v2\/product\/23555","targetHints":{"allow":["GET"]}}],"collection":[{"href":"https:\/\/baralivres.ma\/index.php?rest_route=\/wp\/v2\/product"}],"about":[{"href":"https:\/\/baralivres.ma\/index.php?rest_route=\/wp\/v2\/types\/product"}],"replies":[{"embeddable":true,"href":"https:\/\/baralivres.ma\/index.php?rest_route=%2Fwp%2Fv2%2Fcomments&post=23555"}],"version-history":[{"count":1,"href":"https:\/\/baralivres.ma\/index.php?rest_route=\/wp\/v2\/product\/23555\/revisions"}],"predecessor-version":[{"id":23557,"href":"https:\/\/baralivres.ma\/index.php?rest_route=\/wp\/v2\/product\/23555\/revisions\/23557"}],"wp:featuredmedia":[{"embeddable":true,"href":"https:\/\/baralivres.ma\/index.php?rest_route=\/wp\/v2\/media\/23556"}],"wp:attachment":[{"href":"https:\/\/baralivres.ma\/index.php?rest_route=%2Fwp%2Fv2%2Fmedia&parent=23555"}],"wp:term":[{"taxonomy":"product_cat","embeddable":true,"href":"https:\/\/baralivres.ma\/index.php?rest_route=%2Fwp%2Fv2%2Fproduct_cat&post=23555"},{"taxonomy":"product_tag","embeddable":true,"href":"https:\/\/baralivres.ma\/index.php?rest_route=%2Fwp%2Fv2%2Fproduct_tag&post=23555"}],"curies":[{"name":"wp","href":"https:\/\/api.w.org\/{rel}","templated":true}]}}