{"id":23551,"date":"2025-04-17T12:13:37","date_gmt":"2025-04-17T11:13:37","guid":{"rendered":"https:\/\/baralivres.ma\/?post_type=product&#038;p=23551"},"modified":"2025-04-17T12:13:37","modified_gmt":"2025-04-17T11:13:37","slug":"le-livre-de-la-nuit-tome-01","status":"publish","type":"product","link":"https:\/\/baralivres.ma\/?product=le-livre-de-la-nuit-tome-01","title":{"rendered":"Le Livre de la nuit &#8211; Tome 01"},"content":{"rendered":"<p><em data-start=\"0\" data-end=\"30\" data-is-only-node=\"\">Le Livre de la nuit &#8211; Tome 1<\/em> de Holly Black suit Charlie Hall, une ancienne voleuse d&rsquo;objets magiques qui cherche \u00e0 \u00e9chapper \u00e0 son pass\u00e9. Dans un monde o\u00f9 les ombres ont des pouvoirs mystiques, elle se retrouve impliqu\u00e9e dans un secret qui pourrait tout bouleverser. Un roman sombre et captivant, o\u00f9 magie et myst\u00e8re s&rsquo;entrelacent.<\/p>\n","protected":false},"excerpt":{"rendered":"<p>Ce roman est id\u00e9al pour les amateurs de fantasy urbaine \u00e0 la recherche d&rsquo;une histoire riche en \u00e9motions et en rebondissements.<\/p>\n","protected":false},"featured_media":23552,"comment_status":"open","ping_status":"closed","template":"","meta":{"inline_featured_image":false},"product_cat":[4326,3873,143],"product_tag":[],"class_list":{"0":"post-23551","1":"product","2":"type-product","3":"status-publish","4":"has-post-thumbnail","6":"product_cat-fantasy","7":"product_cat-roman-en-francais","8":"product_cat-roman","9":"pa_auteurs-holly-black","11":"first","12":"instock","13":"shipping-taxable","14":"purchasable","15":"product-type-simple"},"_links":{"self":[{"href":"https:\/\/baralivres.ma\/index.php?rest_route=\/wp\/v2\/product\/23551","targetHints":{"allow":["GET"]}}],"collection":[{"href":"https:\/\/baralivres.ma\/index.php?rest_route=\/wp\/v2\/product"}],"about":[{"href":"https:\/\/baralivres.ma\/index.php?rest_route=\/wp\/v2\/types\/product"}],"replies":[{"embeddable":true,"href":"https:\/\/baralivres.ma\/index.php?rest_route=%2Fwp%2Fv2%2Fcomments&post=23551"}],"version-history":[{"count":1,"href":"https:\/\/baralivres.ma\/index.php?rest_route=\/wp\/v2\/product\/23551\/revisions"}],"predecessor-version":[{"id":23553,"href":"https:\/\/baralivres.ma\/index.php?rest_route=\/wp\/v2\/product\/23551\/revisions\/23553"}],"wp:featuredmedia":[{"embeddable":true,"href":"https:\/\/baralivres.ma\/index.php?rest_route=\/wp\/v2\/media\/23552"}],"wp:attachment":[{"href":"https:\/\/baralivres.ma\/index.php?rest_route=%2Fwp%2Fv2%2Fmedia&parent=23551"}],"wp:term":[{"taxonomy":"product_cat","embeddable":true,"href":"https:\/\/baralivres.ma\/index.php?rest_route=%2Fwp%2Fv2%2Fproduct_cat&post=23551"},{"taxonomy":"product_tag","embeddable":true,"href":"https:\/\/baralivres.ma\/index.php?rest_route=%2Fwp%2Fv2%2Fproduct_tag&post=23551"}],"curies":[{"name":"wp","href":"https:\/\/api.w.org\/{rel}","templated":true}]}}