{"id":23548,"date":"2025-04-17T12:09:28","date_gmt":"2025-04-17T11:09:28","guid":{"rendered":"https:\/\/baralivres.ma\/?post_type=product&#038;p=23548"},"modified":"2025-04-17T12:09:29","modified_gmt":"2025-04-17T11:09:29","slug":"gilded-tome-01","status":"publish","type":"product","link":"https:\/\/baralivres.ma\/?product=gilded-tome-01","title":{"rendered":"Gilded &#8211; Tome 01"},"content":{"rendered":"<p>\u2728 <strong data-start=\"51\" data-end=\"70\">Gilded \u2013 Tome 1<\/strong> de Marissa Meyer<br data-start=\"87\" data-end=\"90\" \/>Une r\u00e9\u00e9criture sombre et envo\u00fbtante du conte de Rumpelstiltskin.<br data-start=\"154\" data-end=\"157\" \/>Serilda, une jeune fille aux dons myst\u00e9rieux, se retrouve prisonni\u00e8re d\u2019un roi mal\u00e9fique apr\u00e8s avoir pr\u00e9tendu pouvoir filer de la paille en or&#8230; Un univers gothique, magique et romantique \u00e0 d\u00e9couvrir absolument !<\/p>\n","protected":false},"excerpt":{"rendered":"<p>Une r\u00e9\u00e9criture sombre et magique de Rumpelstiltskin, o\u00f9 une jeune conteuse se retrouve pi\u00e9g\u00e9e dans un royaume hant\u00e9 par ses propres mensonges.<\/p>\n","protected":false},"featured_media":23549,"comment_status":"open","ping_status":"closed","template":"","meta":{"inline_featured_image":false},"product_cat":[4326,3873,143],"product_tag":[],"class_list":{"0":"post-23548","1":"product","2":"type-product","3":"status-publish","4":"has-post-thumbnail","6":"product_cat-fantasy","7":"product_cat-roman-en-francais","8":"product_cat-roman","9":"pa_auteurs-marissa-meyer","11":"first","12":"instock","13":"shipping-taxable","14":"purchasable","15":"product-type-simple"},"_links":{"self":[{"href":"https:\/\/baralivres.ma\/index.php?rest_route=\/wp\/v2\/product\/23548","targetHints":{"allow":["GET"]}}],"collection":[{"href":"https:\/\/baralivres.ma\/index.php?rest_route=\/wp\/v2\/product"}],"about":[{"href":"https:\/\/baralivres.ma\/index.php?rest_route=\/wp\/v2\/types\/product"}],"replies":[{"embeddable":true,"href":"https:\/\/baralivres.ma\/index.php?rest_route=%2Fwp%2Fv2%2Fcomments&post=23548"}],"version-history":[{"count":1,"href":"https:\/\/baralivres.ma\/index.php?rest_route=\/wp\/v2\/product\/23548\/revisions"}],"predecessor-version":[{"id":23550,"href":"https:\/\/baralivres.ma\/index.php?rest_route=\/wp\/v2\/product\/23548\/revisions\/23550"}],"wp:featuredmedia":[{"embeddable":true,"href":"https:\/\/baralivres.ma\/index.php?rest_route=\/wp\/v2\/media\/23549"}],"wp:attachment":[{"href":"https:\/\/baralivres.ma\/index.php?rest_route=%2Fwp%2Fv2%2Fmedia&parent=23548"}],"wp:term":[{"taxonomy":"product_cat","embeddable":true,"href":"https:\/\/baralivres.ma\/index.php?rest_route=%2Fwp%2Fv2%2Fproduct_cat&post=23548"},{"taxonomy":"product_tag","embeddable":true,"href":"https:\/\/baralivres.ma\/index.php?rest_route=%2Fwp%2Fv2%2Fproduct_tag&post=23548"}],"curies":[{"name":"wp","href":"https:\/\/api.w.org\/{rel}","templated":true}]}}