{"id":23545,"date":"2025-04-17T12:04:23","date_gmt":"2025-04-17T11:04:23","guid":{"rendered":"https:\/\/baralivres.ma\/?post_type=product&#038;p=23545"},"modified":"2025-04-17T12:04:23","modified_gmt":"2025-04-17T11:04:23","slug":"les-sables-darawiya-tome-01-chasseurs-de-flamme","status":"publish","type":"product","link":"https:\/\/baralivres.ma\/?product=les-sables-darawiya-tome-01-chasseurs-de-flamme","title":{"rendered":"Les sables d&rsquo;Arawiya &#8211; Tome 01 : Chasseurs de flamme"},"content":{"rendered":"<p><strong data-start=\"67\" data-end=\"122\">Les Sables d&rsquo;Arawiya \u2013 Tome 1 : Chasseurs de flamme<\/strong> de Hafsah Faizal est un roman de fantasy inspir\u00e9 de l\u2019Arabie ancienne. On y suit <strong data-start=\"204\" data-end=\"214\">Zafira<\/strong>, une jeune femme d\u00e9guis\u00e9e en homme pour survivre, et <strong data-start=\"268\" data-end=\"277\">Nasir<\/strong>, prince et assassin du sultan. Tous deux partent en qu\u00eate d\u2019un artefact l\u00e9gendaire capable de ramener la magie dans leur monde. Mais leurs objectifs sont oppos\u00e9s\u2026 et leurs destins li\u00e9s. Un r\u00e9cit captivant m\u00ealant aventure, magie et romance.<\/p>\n","protected":false},"excerpt":{"rendered":"<p><span class=\"relative -mx-px my-[-0.2rem] rounded px-px py-[0.2rem] transition-colors duration-100 ease-in-out\"><strong data-start=\"0\" data-end=\"55\" data-is-only-node=\"\">Les Sables d&rsquo;Arawiya \u2013 Tome 1 : Chasseurs de flamme<\/strong> est un roman de fantasy jeunesse \u00e9crit par Hafsah Faizal.<\/span> <span class=\"relative -mx-px my-[-0.2rem] rounded px-px py-[0.2rem] transition-colors duration-100 ease-in-out\">Publi\u00e9 en 2019 sous le titre original <em data-start=\"38\" data-end=\"57\">We Hunt the Flame<\/em>, il s&rsquo;agit du premier tome d&rsquo;une duologie inspir\u00e9e de l&rsquo;Arabie ancienne.<\/span><\/p>\n","protected":false},"featured_media":23546,"comment_status":"open","ping_status":"closed","template":"","meta":{"inline_featured_image":false},"product_cat":[4326,3873,143],"product_tag":[],"class_list":{"0":"post-23545","1":"product","2":"type-product","3":"status-publish","4":"has-post-thumbnail","6":"product_cat-fantasy","7":"product_cat-roman-en-francais","8":"product_cat-roman","9":"pa_auteurs-hafsah-faizal","11":"first","12":"instock","13":"shipping-taxable","14":"purchasable","15":"product-type-simple"},"_links":{"self":[{"href":"https:\/\/baralivres.ma\/index.php?rest_route=\/wp\/v2\/product\/23545","targetHints":{"allow":["GET"]}}],"collection":[{"href":"https:\/\/baralivres.ma\/index.php?rest_route=\/wp\/v2\/product"}],"about":[{"href":"https:\/\/baralivres.ma\/index.php?rest_route=\/wp\/v2\/types\/product"}],"replies":[{"embeddable":true,"href":"https:\/\/baralivres.ma\/index.php?rest_route=%2Fwp%2Fv2%2Fcomments&post=23545"}],"version-history":[{"count":1,"href":"https:\/\/baralivres.ma\/index.php?rest_route=\/wp\/v2\/product\/23545\/revisions"}],"predecessor-version":[{"id":23547,"href":"https:\/\/baralivres.ma\/index.php?rest_route=\/wp\/v2\/product\/23545\/revisions\/23547"}],"wp:featuredmedia":[{"embeddable":true,"href":"https:\/\/baralivres.ma\/index.php?rest_route=\/wp\/v2\/media\/23546"}],"wp:attachment":[{"href":"https:\/\/baralivres.ma\/index.php?rest_route=%2Fwp%2Fv2%2Fmedia&parent=23545"}],"wp:term":[{"taxonomy":"product_cat","embeddable":true,"href":"https:\/\/baralivres.ma\/index.php?rest_route=%2Fwp%2Fv2%2Fproduct_cat&post=23545"},{"taxonomy":"product_tag","embeddable":true,"href":"https:\/\/baralivres.ma\/index.php?rest_route=%2Fwp%2Fv2%2Fproduct_tag&post=23545"}],"curies":[{"name":"wp","href":"https:\/\/api.w.org\/{rel}","templated":true}]}}