{"id":23542,"date":"2025-04-17T11:59:21","date_gmt":"2025-04-17T10:59:21","guid":{"rendered":"https:\/\/baralivres.ma\/?post_type=product&#038;p=23542"},"modified":"2025-04-17T11:59:21","modified_gmt":"2025-04-17T10:59:21","slug":"les-guerrieres-au-sang-dore-tome-01-les-immortelles","status":"publish","type":"product","link":"https:\/\/baralivres.ma\/?product=les-guerrieres-au-sang-dore-tome-01-les-immortelles","title":{"rendered":"Les Guerri\u00e8res au sang dor\u00e9 Tome 01 : Les Immortelles"},"content":{"rendered":"<p class=\"\" data-start=\"49\" data-end=\"167\"><strong data-start=\"49\" data-end=\"107\">Les Immortelles \u2013 Tome 1 : Les Guerri\u00e8res au sang dor\u00e9<\/strong> de Namina Forna est un roman de fantasy f\u00e9ministe haletant.<\/p>\n<p class=\"\" data-start=\"169\" data-end=\"497\">Dans le royaume d\u2019Otera, le sang dor\u00e9 des filles est synonyme de mal\u00e9diction. \u00c0 16 ans, D\u00e9ka d\u00e9couvre qu\u2019elle est l\u2019une d\u2019elles. Condamn\u00e9e, elle re\u00e7oit une offre inattendue : rejoindre une arm\u00e9e de guerri\u00e8res immortelles pour d\u00e9fendre le royaume. En acceptant, elle plonge dans un univers de secrets, de pouvoir et de r\u00e9bellion.<\/p>\n","protected":false},"excerpt":{"rendered":"<p><span class=\"relative -mx-px my-[-0.2rem] rounded px-px py-[0.2rem] transition-colors duration-100 ease-in-out\">ce roman a rapidement int\u00e9gr\u00e9 les listes des meilleures ventes du <em data-start=\"82\" data-end=\"98\">New York Times<\/em> et a \u00e9t\u00e9 salu\u00e9 pour sa mythologie inspir\u00e9e de l\u2019Afrique de l\u2019Ouest et son message d\u2019empowerment f\u00e9minin<\/span><\/p>\n","protected":false},"featured_media":23543,"comment_status":"open","ping_status":"closed","template":"","meta":{"inline_featured_image":false},"product_cat":[4326,3873,143],"product_tag":[],"class_list":{"0":"post-23542","1":"product","2":"type-product","3":"status-publish","4":"has-post-thumbnail","6":"product_cat-fantasy","7":"product_cat-roman-en-francais","8":"product_cat-roman","9":"pa_auteurs-namina-forna","11":"first","12":"instock","13":"shipping-taxable","14":"purchasable","15":"product-type-simple"},"_links":{"self":[{"href":"https:\/\/baralivres.ma\/index.php?rest_route=\/wp\/v2\/product\/23542","targetHints":{"allow":["GET"]}}],"collection":[{"href":"https:\/\/baralivres.ma\/index.php?rest_route=\/wp\/v2\/product"}],"about":[{"href":"https:\/\/baralivres.ma\/index.php?rest_route=\/wp\/v2\/types\/product"}],"replies":[{"embeddable":true,"href":"https:\/\/baralivres.ma\/index.php?rest_route=%2Fwp%2Fv2%2Fcomments&post=23542"}],"version-history":[{"count":1,"href":"https:\/\/baralivres.ma\/index.php?rest_route=\/wp\/v2\/product\/23542\/revisions"}],"predecessor-version":[{"id":23544,"href":"https:\/\/baralivres.ma\/index.php?rest_route=\/wp\/v2\/product\/23542\/revisions\/23544"}],"wp:featuredmedia":[{"embeddable":true,"href":"https:\/\/baralivres.ma\/index.php?rest_route=\/wp\/v2\/media\/23543"}],"wp:attachment":[{"href":"https:\/\/baralivres.ma\/index.php?rest_route=%2Fwp%2Fv2%2Fmedia&parent=23542"}],"wp:term":[{"taxonomy":"product_cat","embeddable":true,"href":"https:\/\/baralivres.ma\/index.php?rest_route=%2Fwp%2Fv2%2Fproduct_cat&post=23542"},{"taxonomy":"product_tag","embeddable":true,"href":"https:\/\/baralivres.ma\/index.php?rest_route=%2Fwp%2Fv2%2Fproduct_tag&post=23542"}],"curies":[{"name":"wp","href":"https:\/\/api.w.org\/{rel}","templated":true}]}}