{"id":23539,"date":"2025-04-17T11:53:11","date_gmt":"2025-04-17T10:53:11","guid":{"rendered":"https:\/\/baralivres.ma\/?post_type=product&#038;p=23539"},"modified":"2025-04-17T11:53:11","modified_gmt":"2025-04-17T10:53:11","slug":"le-royaume-assassine","status":"publish","type":"product","link":"https:\/\/baralivres.ma\/?product=le-royaume-assassine","title":{"rendered":"Le Royaume assassin\u00e9"},"content":{"rendered":"<p><strong data-start=\"0\" data-end=\"24\" data-is-only-node=\"\">Le Royaume assassin\u00e9<\/strong> d\u2019Alexandra Christo est une r\u00e9\u00e9criture sombre de <em data-start=\"74\" data-end=\"92\">La Petite Sir\u00e8ne<\/em>. Lira, sir\u00e8ne cruelle surnomm\u00e9e \u00ab le Fl\u00e9au des Princes \u00bb, est transform\u00e9e en humaine par sa m\u00e8re, la Reine des Mers. Pour redevenir sir\u00e8ne, elle doit arracher le c\u0153ur du prince Elian, chasseur de sir\u00e8nes. Mais quand leurs chemins se croisent, tout bascule\u2026 Un roman captivant m\u00ealant magie, aventure et romance.<\/p>\n","protected":false},"excerpt":{"rendered":"<p>Ce roman a \u00e9t\u00e9 salu\u00e9 pour sa narration \u00e0 deux voix, offrant une immersion profonde dans les pens\u00e9es de Lira et Elian, et pour son univers riche m\u00ealant magie, politique et romance<\/p>\n","protected":false},"featured_media":23540,"comment_status":"open","ping_status":"closed","template":"","meta":{"inline_featured_image":false},"product_cat":[4326,3873,68,143],"product_tag":[],"class_list":{"0":"post-23539","1":"product","2":"type-product","3":"status-publish","4":"has-post-thumbnail","6":"product_cat-fantasy","7":"product_cat-roman-en-francais","8":"product_cat-romance","9":"product_cat-roman","10":"pa_auteurs-alexandra-christo","12":"first","13":"instock","14":"shipping-taxable","15":"purchasable","16":"product-type-simple"},"_links":{"self":[{"href":"https:\/\/baralivres.ma\/index.php?rest_route=\/wp\/v2\/product\/23539","targetHints":{"allow":["GET"]}}],"collection":[{"href":"https:\/\/baralivres.ma\/index.php?rest_route=\/wp\/v2\/product"}],"about":[{"href":"https:\/\/baralivres.ma\/index.php?rest_route=\/wp\/v2\/types\/product"}],"replies":[{"embeddable":true,"href":"https:\/\/baralivres.ma\/index.php?rest_route=%2Fwp%2Fv2%2Fcomments&post=23539"}],"version-history":[{"count":1,"href":"https:\/\/baralivres.ma\/index.php?rest_route=\/wp\/v2\/product\/23539\/revisions"}],"predecessor-version":[{"id":23541,"href":"https:\/\/baralivres.ma\/index.php?rest_route=\/wp\/v2\/product\/23539\/revisions\/23541"}],"wp:featuredmedia":[{"embeddable":true,"href":"https:\/\/baralivres.ma\/index.php?rest_route=\/wp\/v2\/media\/23540"}],"wp:attachment":[{"href":"https:\/\/baralivres.ma\/index.php?rest_route=%2Fwp%2Fv2%2Fmedia&parent=23539"}],"wp:term":[{"taxonomy":"product_cat","embeddable":true,"href":"https:\/\/baralivres.ma\/index.php?rest_route=%2Fwp%2Fv2%2Fproduct_cat&post=23539"},{"taxonomy":"product_tag","embeddable":true,"href":"https:\/\/baralivres.ma\/index.php?rest_route=%2Fwp%2Fv2%2Fproduct_tag&post=23539"}],"curies":[{"name":"wp","href":"https:\/\/api.w.org\/{rel}","templated":true}]}}