{"id":23536,"date":"2025-04-17T11:49:15","date_gmt":"2025-04-17T10:49:15","guid":{"rendered":"https:\/\/baralivres.ma\/?post_type=product&#038;p=23536"},"modified":"2025-04-17T11:49:16","modified_gmt":"2025-04-17T10:49:16","slug":"ces-promesses-maudites-tome-01","status":"publish","type":"product","link":"https:\/\/baralivres.ma\/?product=ces-promesses-maudites-tome-01","title":{"rendered":"Ces promesses maudites &#8211; Tome 01"},"content":{"rendered":"<p><strong data-start=\"0\" data-end=\"35\" data-is-only-node=\"\">Ces promesses maudites &#8211; Tome 1<\/strong> de Lexi Ryan suit Brie, une voleuse humaine, qui doit sauver sa s\u0153ur en Fa\u00ebrie. Elle fait un pacte avec le roi de la Cour de la Lune pour obtenir sa libert\u00e9, mais pour cela, elle doit voler trois artefacts magiques \u00e0 la Cour du Soleil. En se faisant passer pour une pr\u00e9tendante au prince Ronan, elle se retrouve d\u00e9chir\u00e9e entre ses missions secr\u00e8tes et ses sentiments croissants pour lui et Finn, un rebelle charismatique. Un roman m\u00ealant magie, intrigues politiques et dilemmes amoureux.<\/p>\n","protected":false},"excerpt":{"rendered":"<p><span class=\"relative -mx-px my-[-0.2rem] rounded px-px py-[0.2rem] transition-colors duration-100 ease-in-out\"><em data-start=\"0\" data-end=\"33\" data-is-only-node=\"\">Ces promesses maudites \u2013 Tome 1<\/em> de Lexi Ryan est un roman de fantasy romantique publi\u00e9 en ao\u00fbt 2023 aux \u00e9ditions De Saxus.<\/span> <span class=\"relative -mx-px my-[-0.2rem] rounded px-px py-[0.2rem] transition-colors duration-100 ease-in-out\">Il s&rsquo;agit du premier tome d&rsquo;une duologie captivante m\u00ealant magie, trahisons et dilemmes de c\u0153ur.<\/span><\/p>\n","protected":false},"featured_media":23537,"comment_status":"open","ping_status":"closed","template":"","meta":{"inline_featured_image":false},"product_cat":[4326,3873,143],"product_tag":[],"class_list":{"0":"post-23536","1":"product","2":"type-product","3":"status-publish","4":"has-post-thumbnail","6":"product_cat-fantasy","7":"product_cat-roman-en-francais","8":"product_cat-roman","9":"pa_auteurs-lexi-ryan","11":"first","12":"instock","13":"shipping-taxable","14":"purchasable","15":"product-type-simple"},"_links":{"self":[{"href":"https:\/\/baralivres.ma\/index.php?rest_route=\/wp\/v2\/product\/23536","targetHints":{"allow":["GET"]}}],"collection":[{"href":"https:\/\/baralivres.ma\/index.php?rest_route=\/wp\/v2\/product"}],"about":[{"href":"https:\/\/baralivres.ma\/index.php?rest_route=\/wp\/v2\/types\/product"}],"replies":[{"embeddable":true,"href":"https:\/\/baralivres.ma\/index.php?rest_route=%2Fwp%2Fv2%2Fcomments&post=23536"}],"version-history":[{"count":1,"href":"https:\/\/baralivres.ma\/index.php?rest_route=\/wp\/v2\/product\/23536\/revisions"}],"predecessor-version":[{"id":23538,"href":"https:\/\/baralivres.ma\/index.php?rest_route=\/wp\/v2\/product\/23536\/revisions\/23538"}],"wp:featuredmedia":[{"embeddable":true,"href":"https:\/\/baralivres.ma\/index.php?rest_route=\/wp\/v2\/media\/23537"}],"wp:attachment":[{"href":"https:\/\/baralivres.ma\/index.php?rest_route=%2Fwp%2Fv2%2Fmedia&parent=23536"}],"wp:term":[{"taxonomy":"product_cat","embeddable":true,"href":"https:\/\/baralivres.ma\/index.php?rest_route=%2Fwp%2Fv2%2Fproduct_cat&post=23536"},{"taxonomy":"product_tag","embeddable":true,"href":"https:\/\/baralivres.ma\/index.php?rest_route=%2Fwp%2Fv2%2Fproduct_tag&post=23536"}],"curies":[{"name":"wp","href":"https:\/\/api.w.org\/{rel}","templated":true}]}}