{"id":23533,"date":"2025-04-17T11:45:13","date_gmt":"2025-04-17T10:45:13","guid":{"rendered":"https:\/\/baralivres.ma\/?post_type=product&#038;p=23533"},"modified":"2025-04-17T11:45:14","modified_gmt":"2025-04-17T10:45:14","slug":"les-oiselles-de-nuit-tome-01","status":"publish","type":"product","link":"https:\/\/baralivres.ma\/?product=les-oiselles-de-nuit-tome-01","title":{"rendered":"Les Oiselles de Nuit &#8211; Tome 01"},"content":{"rendered":"<p class=\"\" data-start=\"0\" data-end=\"469\"><em data-start=\"0\" data-end=\"31\">Les Oiselles de Nuit \u2013 Tome 1<\/em> de Kate J. Armstrong se d\u00e9roule dans un monde o\u00f9 la magie f\u00e9minine est interdite. Trois jeunes femmes, dot\u00e9es de pouvoirs surnaturels, vivent cach\u00e9es : Matilde, \u00c6sa et Sayer. Un jour, une tentative d&rsquo;assassinat les force \u00e0 fuir, et elles se retrouvent traqu\u00e9es par l&rsquo;\u00c9glise. Leurs pouvoirs, capables de changer le cours des \u00e9l\u00e9ments, les placent au centre d&rsquo;un complot dangereux. Elles doivent choisir entre se soumettre ou se rebeller.<\/p>\n","protected":false},"excerpt":{"rendered":"<p>Un roman d\u2019aventure magique, riche en suspense et en f\u00e9minisme.<\/p>\n","protected":false},"featured_media":23534,"comment_status":"open","ping_status":"closed","template":"","meta":{"inline_featured_image":false},"product_cat":[4326,3873,143],"product_tag":[],"class_list":{"0":"post-23533","1":"product","2":"type-product","3":"status-publish","4":"has-post-thumbnail","6":"product_cat-fantasy","7":"product_cat-roman-en-francais","8":"product_cat-roman","9":"pa_auteurs-kate-j-armstrong","11":"first","12":"instock","13":"shipping-taxable","14":"purchasable","15":"product-type-simple"},"_links":{"self":[{"href":"https:\/\/baralivres.ma\/index.php?rest_route=\/wp\/v2\/product\/23533","targetHints":{"allow":["GET"]}}],"collection":[{"href":"https:\/\/baralivres.ma\/index.php?rest_route=\/wp\/v2\/product"}],"about":[{"href":"https:\/\/baralivres.ma\/index.php?rest_route=\/wp\/v2\/types\/product"}],"replies":[{"embeddable":true,"href":"https:\/\/baralivres.ma\/index.php?rest_route=%2Fwp%2Fv2%2Fcomments&post=23533"}],"version-history":[{"count":1,"href":"https:\/\/baralivres.ma\/index.php?rest_route=\/wp\/v2\/product\/23533\/revisions"}],"predecessor-version":[{"id":23535,"href":"https:\/\/baralivres.ma\/index.php?rest_route=\/wp\/v2\/product\/23533\/revisions\/23535"}],"wp:featuredmedia":[{"embeddable":true,"href":"https:\/\/baralivres.ma\/index.php?rest_route=\/wp\/v2\/media\/23534"}],"wp:attachment":[{"href":"https:\/\/baralivres.ma\/index.php?rest_route=%2Fwp%2Fv2%2Fmedia&parent=23533"}],"wp:term":[{"taxonomy":"product_cat","embeddable":true,"href":"https:\/\/baralivres.ma\/index.php?rest_route=%2Fwp%2Fv2%2Fproduct_cat&post=23533"},{"taxonomy":"product_tag","embeddable":true,"href":"https:\/\/baralivres.ma\/index.php?rest_route=%2Fwp%2Fv2%2Fproduct_tag&post=23533"}],"curies":[{"name":"wp","href":"https:\/\/api.w.org\/{rel}","templated":true}]}}