{"id":23530,"date":"2025-04-17T11:39:59","date_gmt":"2025-04-17T10:39:59","guid":{"rendered":"https:\/\/baralivres.ma\/?post_type=product&#038;p=23530"},"modified":"2025-04-17T11:39:59","modified_gmt":"2025-04-17T10:39:59","slug":"godkiller-tome-01-les-dieux-dechus","status":"publish","type":"product","link":"https:\/\/baralivres.ma\/?product=godkiller-tome-01-les-dieux-dechus","title":{"rendered":"Godkiller Tome 01 : Les Dieux d\u00e9chus"},"content":{"rendered":"<p><em data-start=\"0\" data-end=\"39\" data-is-only-node=\"\">Les Dieux d\u00e9chus \u2013 Tome 1 : Godkiller<\/em> de Hannah Kaner est un roman de fantasy adulte o\u00f9 Kissen, une \u00ab\u00a0d\u00e9esse tueuse\u00a0\u00bb, traque les dieux d\u00e9chus. Son pass\u00e9, marqu\u00e9 par la perte de sa famille, la pousse \u00e0 venger leur mort. Lorsqu\u2019elle rencontre Inara, li\u00e9e \u00e0 un dieu mineur, elle doit choisir entre la tuer ou la prot\u00e9ger. Ensemble avec Elogast, un chevalier en qu\u00eate de r\u00e9demption, ils partent en qu\u00eate de r\u00e9ponses. Ce roman explore la vengeance, la r\u00e9demption et les relations divines dans un univers sombre et captivant.<\/p>\n","protected":false},"excerpt":{"rendered":"<p><span class=\"relative -mx-px my-[-0.2rem] rounded px-px py-[0.2rem] transition-colors duration-100 ease-in-out\"><em data-start=\"0\" data-end=\"39\" data-is-only-node=\"\">Les Dieux d\u00e9chus \u2013 Tome 1 : Godkiller<\/em> est le premier volet de la s\u00e9rie <em data-start=\"73\" data-end=\"86\">Fallen Gods<\/em> \u00e9crite par Hannah Kaner.<\/span> <span class=\"relative -mx-px my-[-0.2rem] rounded px-px py-[0.2rem] transition-colors duration-100 ease-in-out\">Ce roman de fantasy adulte se distingue par son univers riche, ses personnages profonds et une intrigue captivante<\/span><\/p>\n","protected":false},"featured_media":23531,"comment_status":"open","ping_status":"closed","template":"","meta":{"inline_featured_image":false},"product_cat":[4326,3873,143],"product_tag":[],"class_list":{"0":"post-23530","1":"product","2":"type-product","3":"status-publish","4":"has-post-thumbnail","6":"product_cat-fantasy","7":"product_cat-roman-en-francais","8":"product_cat-roman","9":"pa_auteurs-hannah-kaner","11":"first","12":"instock","13":"shipping-taxable","14":"purchasable","15":"product-type-simple"},"_links":{"self":[{"href":"https:\/\/baralivres.ma\/index.php?rest_route=\/wp\/v2\/product\/23530","targetHints":{"allow":["GET"]}}],"collection":[{"href":"https:\/\/baralivres.ma\/index.php?rest_route=\/wp\/v2\/product"}],"about":[{"href":"https:\/\/baralivres.ma\/index.php?rest_route=\/wp\/v2\/types\/product"}],"replies":[{"embeddable":true,"href":"https:\/\/baralivres.ma\/index.php?rest_route=%2Fwp%2Fv2%2Fcomments&post=23530"}],"version-history":[{"count":1,"href":"https:\/\/baralivres.ma\/index.php?rest_route=\/wp\/v2\/product\/23530\/revisions"}],"predecessor-version":[{"id":23532,"href":"https:\/\/baralivres.ma\/index.php?rest_route=\/wp\/v2\/product\/23530\/revisions\/23532"}],"wp:featuredmedia":[{"embeddable":true,"href":"https:\/\/baralivres.ma\/index.php?rest_route=\/wp\/v2\/media\/23531"}],"wp:attachment":[{"href":"https:\/\/baralivres.ma\/index.php?rest_route=%2Fwp%2Fv2%2Fmedia&parent=23530"}],"wp:term":[{"taxonomy":"product_cat","embeddable":true,"href":"https:\/\/baralivres.ma\/index.php?rest_route=%2Fwp%2Fv2%2Fproduct_cat&post=23530"},{"taxonomy":"product_tag","embeddable":true,"href":"https:\/\/baralivres.ma\/index.php?rest_route=%2Fwp%2Fv2%2Fproduct_tag&post=23530"}],"curies":[{"name":"wp","href":"https:\/\/api.w.org\/{rel}","templated":true}]}}