{"id":23520,"date":"2025-04-17T11:24:57","date_gmt":"2025-04-17T10:24:57","guid":{"rendered":"https:\/\/baralivres.ma\/?post_type=product&#038;p=23520"},"modified":"2025-04-17T11:26:21","modified_gmt":"2025-04-17T10:26:21","slug":"god-of-ruin","status":"publish","type":"product","link":"https:\/\/baralivres.ma\/?product=god-of-ruin","title":{"rendered":"God of Ruin Tome 4"},"content":{"rendered":"<p><em data-start=\"0\" data-end=\"13\" data-is-only-node=\"\">God of Ruin<\/em> de Rina Kent est un roman de dark romance, quatri\u00e8me tome de la s\u00e9rie <em data-start=\"84\" data-end=\"100\">Legacy of Gods<\/em>. Mia Sokolov, h\u00e9riti\u00e8re d&rsquo;une famille mafieuse, cherche \u00e0 venger sa famille, mais son plan est perturb\u00e9 par Landon King, un artiste charismatique. Ensemble, ils s&rsquo;engagent dans un duel o\u00f9 haine et d\u00e9sir se confondent. L&rsquo;intrigue intense explore la vengeance, la manipulation et l&rsquo;\u00e9volution d&rsquo;une relation ennemis \u00e0 amants. Id\u00e9al pour les amateurs de r\u00e9cits psychologiquement complexes et passionn\u00e9s.<\/p>\n","protected":false},"excerpt":{"rendered":"<p><span class=\"relative -mx-px my-[-0.2rem] rounded px-px py-[0.2rem] transition-colors duration-100 ease-in-out\"><em data-start=\"0\" data-end=\"13\" data-is-only-node=\"\">God of Ruin<\/em> est le quatri\u00e8me tome de la s\u00e9rie <em data-start=\"48\" data-end=\"64\">Legacy of Gods<\/em> de Rina Kent, une romance sombre et envo\u00fbtante qui plonge le lecteur dans un univers o\u00f9 vengeance, passion et manipulation s&rsquo;entrelacent.<\/span>\u200b<\/p>\n","protected":false},"featured_media":23521,"comment_status":"open","ping_status":"closed","template":"","meta":{"inline_featured_image":false},"product_cat":[3874,68,143],"product_tag":[],"class_list":{"0":"post-23520","1":"product","2":"type-product","3":"status-publish","4":"has-post-thumbnail","6":"product_cat-roman-en-anglais","7":"product_cat-romance","8":"product_cat-roman","9":"pa_auteurs-rina-kent","11":"first","12":"instock","13":"shipping-taxable","14":"purchasable","15":"product-type-simple"},"_links":{"self":[{"href":"https:\/\/baralivres.ma\/index.php?rest_route=\/wp\/v2\/product\/23520","targetHints":{"allow":["GET"]}}],"collection":[{"href":"https:\/\/baralivres.ma\/index.php?rest_route=\/wp\/v2\/product"}],"about":[{"href":"https:\/\/baralivres.ma\/index.php?rest_route=\/wp\/v2\/types\/product"}],"replies":[{"embeddable":true,"href":"https:\/\/baralivres.ma\/index.php?rest_route=%2Fwp%2Fv2%2Fcomments&post=23520"}],"version-history":[{"count":2,"href":"https:\/\/baralivres.ma\/index.php?rest_route=\/wp\/v2\/product\/23520\/revisions"}],"predecessor-version":[{"id":23523,"href":"https:\/\/baralivres.ma\/index.php?rest_route=\/wp\/v2\/product\/23520\/revisions\/23523"}],"wp:featuredmedia":[{"embeddable":true,"href":"https:\/\/baralivres.ma\/index.php?rest_route=\/wp\/v2\/media\/23521"}],"wp:attachment":[{"href":"https:\/\/baralivres.ma\/index.php?rest_route=%2Fwp%2Fv2%2Fmedia&parent=23520"}],"wp:term":[{"taxonomy":"product_cat","embeddable":true,"href":"https:\/\/baralivres.ma\/index.php?rest_route=%2Fwp%2Fv2%2Fproduct_cat&post=23520"},{"taxonomy":"product_tag","embeddable":true,"href":"https:\/\/baralivres.ma\/index.php?rest_route=%2Fwp%2Fv2%2Fproduct_tag&post=23520"}],"curies":[{"name":"wp","href":"https:\/\/api.w.org\/{rel}","templated":true}]}}