{"id":23517,"date":"2025-04-17T11:21:41","date_gmt":"2025-04-17T10:21:41","guid":{"rendered":"https:\/\/baralivres.ma\/?post_type=product&#038;p=23517"},"modified":"2025-04-17T11:27:27","modified_gmt":"2025-04-17T10:27:27","slug":"god-of-malice","status":"publish","type":"product","link":"https:\/\/baralivres.ma\/?product=god-of-malice","title":{"rendered":"God of Malice Tome 1"},"content":{"rendered":"<p><strong data-start=\"0\" data-end=\"17\" data-is-only-node=\"\">God of Malice<\/strong> de Rina Kent est un roman sombre de romance et suspense. Il suit Zeth, un homme puissant et impitoyable, qui rencontre Eva, une jeune femme myst\u00e9rieuse. Leur relation complexe oscille entre haine et passion, alors qu&rsquo;ils naviguent dans un monde de secrets, de vengeance et de r\u00e9demption. Un r\u00e9cit intense o\u00f9 d\u00e9sir et conflit int\u00e9rieur se m\u00ealent.<\/p>\n","protected":false},"excerpt":{"rendered":"<p><strong data-start=\"0\" data-end=\"17\">God of Malice<\/strong> de Rina Kent est un roman captivant de genre romance sombre et suspense<\/p>\n","protected":false},"featured_media":23518,"comment_status":"open","ping_status":"closed","template":"","meta":{"inline_featured_image":false},"product_cat":[3874,68,143],"product_tag":[],"class_list":{"0":"post-23517","1":"product","2":"type-product","3":"status-publish","4":"has-post-thumbnail","6":"product_cat-roman-en-anglais","7":"product_cat-romance","8":"product_cat-roman","9":"pa_auteurs-rina-kent","11":"first","12":"instock","13":"shipping-taxable","14":"purchasable","15":"product-type-simple"},"_links":{"self":[{"href":"https:\/\/baralivres.ma\/index.php?rest_route=\/wp\/v2\/product\/23517","targetHints":{"allow":["GET"]}}],"collection":[{"href":"https:\/\/baralivres.ma\/index.php?rest_route=\/wp\/v2\/product"}],"about":[{"href":"https:\/\/baralivres.ma\/index.php?rest_route=\/wp\/v2\/types\/product"}],"replies":[{"embeddable":true,"href":"https:\/\/baralivres.ma\/index.php?rest_route=%2Fwp%2Fv2%2Fcomments&post=23517"}],"version-history":[{"count":3,"href":"https:\/\/baralivres.ma\/index.php?rest_route=\/wp\/v2\/product\/23517\/revisions"}],"predecessor-version":[{"id":23527,"href":"https:\/\/baralivres.ma\/index.php?rest_route=\/wp\/v2\/product\/23517\/revisions\/23527"}],"wp:featuredmedia":[{"embeddable":true,"href":"https:\/\/baralivres.ma\/index.php?rest_route=\/wp\/v2\/media\/23518"}],"wp:attachment":[{"href":"https:\/\/baralivres.ma\/index.php?rest_route=%2Fwp%2Fv2%2Fmedia&parent=23517"}],"wp:term":[{"taxonomy":"product_cat","embeddable":true,"href":"https:\/\/baralivres.ma\/index.php?rest_route=%2Fwp%2Fv2%2Fproduct_cat&post=23517"},{"taxonomy":"product_tag","embeddable":true,"href":"https:\/\/baralivres.ma\/index.php?rest_route=%2Fwp%2Fv2%2Fproduct_tag&post=23517"}],"curies":[{"name":"wp","href":"https:\/\/api.w.org\/{rel}","templated":true}]}}