{"id":23514,"date":"2025-04-17T11:18:07","date_gmt":"2025-04-17T10:18:07","guid":{"rendered":"https:\/\/baralivres.ma\/?post_type=product&#038;p=23514"},"modified":"2025-04-17T11:27:36","modified_gmt":"2025-04-17T10:27:36","slug":"god-of-pain","status":"publish","type":"product","link":"https:\/\/baralivres.ma\/?product=god-of-pain","title":{"rendered":"God of Pain Tome 2"},"content":{"rendered":"<p><em data-start=\"0\" data-end=\"13\" data-is-only-node=\"\">God of Pain<\/em> de Rina Kent est le deuxi\u00e8me tome de la s\u00e9rie <em data-start=\"60\" data-end=\"76\">Legacy of Gods<\/em>. Il suit l\u2019histoire d&rsquo;Annika Volkov, une princesse de la mafia, et de Creighton King, un homme marqu\u00e9 par un pass\u00e9 sombre. Malgr\u00e9 leurs diff\u00e9rences, ils sont irr\u00e9sistiblement attir\u00e9s l\u2019un par l\u2019autre. Le livre m\u00eale passion, domination, et r\u00e9demption, dans un cadre o\u00f9 secrets et violences familiales sont omnipr\u00e9sents. C\u2019est une romance sombre et intense, id\u00e9ale pour les amateurs de r\u00e9cits \u00e9motionnels avec une tension palpable.<\/p>\n","protected":false},"excerpt":{"rendered":"<p><em data-start=\"0\" data-end=\"13\" data-is-only-node=\"\">God of Pain<\/em> est le deuxi\u00e8me tome de la s\u00e9rie <em data-start=\"47\" data-end=\"63\">Legacy of Gods<\/em> de Rina Kent, une romance sombre et envo\u00fbtante m\u00ealant mafia, secrets familiaux et dynamiques de pouvoir intenses.<\/p>\n","protected":false},"featured_media":23515,"comment_status":"open","ping_status":"closed","template":"","meta":{"inline_featured_image":false},"product_cat":[3874,68,143],"product_tag":[],"class_list":{"0":"post-23514","1":"product","2":"type-product","3":"status-publish","4":"has-post-thumbnail","6":"product_cat-roman-en-anglais","7":"product_cat-romance","8":"product_cat-roman","9":"pa_auteurs-rina-kent","11":"first","12":"instock","13":"shipping-taxable","14":"purchasable","15":"product-type-simple"},"_links":{"self":[{"href":"https:\/\/baralivres.ma\/index.php?rest_route=\/wp\/v2\/product\/23514","targetHints":{"allow":["GET"]}}],"collection":[{"href":"https:\/\/baralivres.ma\/index.php?rest_route=\/wp\/v2\/product"}],"about":[{"href":"https:\/\/baralivres.ma\/index.php?rest_route=\/wp\/v2\/types\/product"}],"replies":[{"embeddable":true,"href":"https:\/\/baralivres.ma\/index.php?rest_route=%2Fwp%2Fv2%2Fcomments&post=23514"}],"version-history":[{"count":3,"href":"https:\/\/baralivres.ma\/index.php?rest_route=\/wp\/v2\/product\/23514\/revisions"}],"predecessor-version":[{"id":23528,"href":"https:\/\/baralivres.ma\/index.php?rest_route=\/wp\/v2\/product\/23514\/revisions\/23528"}],"wp:featuredmedia":[{"embeddable":true,"href":"https:\/\/baralivres.ma\/index.php?rest_route=\/wp\/v2\/media\/23515"}],"wp:attachment":[{"href":"https:\/\/baralivres.ma\/index.php?rest_route=%2Fwp%2Fv2%2Fmedia&parent=23514"}],"wp:term":[{"taxonomy":"product_cat","embeddable":true,"href":"https:\/\/baralivres.ma\/index.php?rest_route=%2Fwp%2Fv2%2Fproduct_cat&post=23514"},{"taxonomy":"product_tag","embeddable":true,"href":"https:\/\/baralivres.ma\/index.php?rest_route=%2Fwp%2Fv2%2Fproduct_tag&post=23514"}],"curies":[{"name":"wp","href":"https:\/\/api.w.org\/{rel}","templated":true}]}}