{"id":23511,"date":"2025-04-17T11:14:00","date_gmt":"2025-04-17T10:14:00","guid":{"rendered":"https:\/\/baralivres.ma\/?post_type=product&#038;p=23511"},"modified":"2025-04-17T11:27:13","modified_gmt":"2025-04-17T10:27:13","slug":"god-of-wrath","status":"publish","type":"product","link":"https:\/\/baralivres.ma\/?product=god-of-wrath","title":{"rendered":"God of Wrath Tome 3"},"content":{"rendered":"<p><em data-start=\"0\" data-end=\"14\">God of Wrath<\/em> de Rina Kent est une romance sombre et intense. Cecily Knight, une \u00e9tudiante introvertie, voit sa vie boulevers\u00e9e lorsqu\u2019elle rencontre Jeremy Volkov, h\u00e9ritier d&rsquo;un empire mafieux russe. Ce dernier, \u00e0 la fois charismatique et dangereux, l&rsquo;attire dans un jeu de pouvoir et de manipulation. Entre peur et d\u00e9sir, Cecily se retrouve pi\u00e9g\u00e9e dans une relation complexe o\u00f9 la fronti\u00e8re entre amour et contr\u00f4le devient floue.<\/p>\n","protected":false},"excerpt":{"rendered":"<p>Ce livre explore les th\u00e8mes de la domination, de l&rsquo;obsession et de la psychologie humaine.<\/p>\n","protected":false},"featured_media":23512,"comment_status":"open","ping_status":"closed","template":"","meta":{"inline_featured_image":false},"product_cat":[3874,68,143],"product_tag":[],"class_list":{"0":"post-23511","1":"product","2":"type-product","3":"status-publish","4":"has-post-thumbnail","6":"product_cat-roman-en-anglais","7":"product_cat-romance","8":"product_cat-roman","9":"pa_auteurs-rina-kent","11":"first","12":"instock","13":"shipping-taxable","14":"purchasable","15":"product-type-simple"},"_links":{"self":[{"href":"https:\/\/baralivres.ma\/index.php?rest_route=\/wp\/v2\/product\/23511","targetHints":{"allow":["GET"]}}],"collection":[{"href":"https:\/\/baralivres.ma\/index.php?rest_route=\/wp\/v2\/product"}],"about":[{"href":"https:\/\/baralivres.ma\/index.php?rest_route=\/wp\/v2\/types\/product"}],"replies":[{"embeddable":true,"href":"https:\/\/baralivres.ma\/index.php?rest_route=%2Fwp%2Fv2%2Fcomments&post=23511"}],"version-history":[{"count":2,"href":"https:\/\/baralivres.ma\/index.php?rest_route=\/wp\/v2\/product\/23511\/revisions"}],"predecessor-version":[{"id":23526,"href":"https:\/\/baralivres.ma\/index.php?rest_route=\/wp\/v2\/product\/23511\/revisions\/23526"}],"wp:featuredmedia":[{"embeddable":true,"href":"https:\/\/baralivres.ma\/index.php?rest_route=\/wp\/v2\/media\/23512"}],"wp:attachment":[{"href":"https:\/\/baralivres.ma\/index.php?rest_route=%2Fwp%2Fv2%2Fmedia&parent=23511"}],"wp:term":[{"taxonomy":"product_cat","embeddable":true,"href":"https:\/\/baralivres.ma\/index.php?rest_route=%2Fwp%2Fv2%2Fproduct_cat&post=23511"},{"taxonomy":"product_tag","embeddable":true,"href":"https:\/\/baralivres.ma\/index.php?rest_route=%2Fwp%2Fv2%2Fproduct_tag&post=23511"}],"curies":[{"name":"wp","href":"https:\/\/api.w.org\/{rel}","templated":true}]}}