{"id":23508,"date":"2025-04-17T11:10:08","date_gmt":"2025-04-17T10:10:08","guid":{"rendered":"https:\/\/baralivres.ma\/?post_type=product&#038;p=23508"},"modified":"2025-04-17T11:27:49","modified_gmt":"2025-04-17T10:27:49","slug":"god-of-fury","status":"publish","type":"product","link":"https:\/\/baralivres.ma\/?product=god-of-fury","title":{"rendered":"God of Fury Tome 5"},"content":{"rendered":"<p><em data-start=\"0\" data-end=\"13\" data-is-only-node=\"\">God of Fury<\/em> de Rina Kent est le cinqui\u00e8me tome de la s\u00e9rie <em data-start=\"61\" data-end=\"77\">Legacy of Gods<\/em>. C&rsquo;est une romance MM sombre o\u00f9 Brandon, un artiste calme, rencontre Nikolai Sokolov, h\u00e9ritier d&rsquo;une mafia. Leur rencontre bouleverse leur monde, marqu\u00e9e par des conflits familiaux, une attraction intense et des luttes int\u00e9rieures. Ce livre explore l&rsquo;identit\u00e9, le pouvoir et la r\u00e9demption dans un cadre criminel. Une lecture id\u00e9ale pour ceux qui aiment les r\u00e9cits passionn\u00e9s et conflictuels.<\/p>\n","protected":false},"excerpt":{"rendered":"<p><span class=\"relative -mx-px my-[-0.2rem] rounded px-px py-[0.2rem] transition-colors duration-100 ease-in-out\"><em data-start=\"0\" data-end=\"13\" data-is-only-node=\"\">God of Fury<\/em> est le cinqui\u00e8me tome de la s\u00e9rie <em data-start=\"48\" data-end=\"64\">Legacy of Gods<\/em> de Rina Kent.<\/span> <span class=\"relative -mx-px my-[-0.2rem] rounded px-px py-[0.2rem] transition-colors duration-100 ease-in-out\">Il s&rsquo;agit d&rsquo;une romance MM sombre et intense, se d\u00e9roulant dans l&rsquo;univers impitoyable des familles criminelles \u00e9lites.<\/span><\/p>\n","protected":false},"featured_media":23509,"comment_status":"open","ping_status":"closed","template":"","meta":{"inline_featured_image":false},"product_cat":[3874,68,143],"product_tag":[],"class_list":{"0":"post-23508","1":"product","2":"type-product","3":"status-publish","4":"has-post-thumbnail","6":"product_cat-roman-en-anglais","7":"product_cat-romance","8":"product_cat-roman","9":"pa_auteurs-rina-kent","11":"first","12":"instock","13":"shipping-taxable","14":"purchasable","15":"product-type-simple"},"_links":{"self":[{"href":"https:\/\/baralivres.ma\/index.php?rest_route=\/wp\/v2\/product\/23508","targetHints":{"allow":["GET"]}}],"collection":[{"href":"https:\/\/baralivres.ma\/index.php?rest_route=\/wp\/v2\/product"}],"about":[{"href":"https:\/\/baralivres.ma\/index.php?rest_route=\/wp\/v2\/types\/product"}],"replies":[{"embeddable":true,"href":"https:\/\/baralivres.ma\/index.php?rest_route=%2Fwp%2Fv2%2Fcomments&post=23508"}],"version-history":[{"count":2,"href":"https:\/\/baralivres.ma\/index.php?rest_route=\/wp\/v2\/product\/23508\/revisions"}],"predecessor-version":[{"id":23529,"href":"https:\/\/baralivres.ma\/index.php?rest_route=\/wp\/v2\/product\/23508\/revisions\/23529"}],"wp:featuredmedia":[{"embeddable":true,"href":"https:\/\/baralivres.ma\/index.php?rest_route=\/wp\/v2\/media\/23509"}],"wp:attachment":[{"href":"https:\/\/baralivres.ma\/index.php?rest_route=%2Fwp%2Fv2%2Fmedia&parent=23508"}],"wp:term":[{"taxonomy":"product_cat","embeddable":true,"href":"https:\/\/baralivres.ma\/index.php?rest_route=%2Fwp%2Fv2%2Fproduct_cat&post=23508"},{"taxonomy":"product_tag","embeddable":true,"href":"https:\/\/baralivres.ma\/index.php?rest_route=%2Fwp%2Fv2%2Fproduct_tag&post=23508"}],"curies":[{"name":"wp","href":"https:\/\/api.w.org\/{rel}","templated":true}]}}