{"id":23502,"date":"2025-04-17T11:00:44","date_gmt":"2025-04-17T10:00:44","guid":{"rendered":"https:\/\/baralivres.ma\/?post_type=product&#038;p=23502"},"modified":"2025-04-17T11:00:44","modified_gmt":"2025-04-17T10:00:44","slug":"the-coming-wave","status":"publish","type":"product","link":"https:\/\/baralivres.ma\/?product=the-coming-wave","title":{"rendered":"The Coming Wave"},"content":{"rendered":"<p><strong data-start=\"0\" data-end=\"19\" data-is-only-node=\"\">The Coming Wave<\/strong> de Mustafa Suleyman explore les bouleversements cr\u00e9\u00e9s par l&rsquo;intelligence artificielle (IA) et la biotechnologie. L&rsquo;auteur met en lumi\u00e8re les risques potentiels, comme les cyberattaques ou les pand\u00e9mies biologiques, tout en soulignant les opportunit\u00e9s pour la prosp\u00e9rit\u00e9. Il plaide pour une r\u00e9gulation proactive afin d&rsquo;\u00e9viter des cons\u00e9quences n\u00e9fastes. Le livre a \u00e9t\u00e9 salu\u00e9 par des figures comme Bill Gates et Yuval Noah Harari.<\/p>\n","protected":false},"excerpt":{"rendered":"<div class=\"flex max-w-full flex-col grow\">\n<div class=\"min-h-8 text-message relative flex w-full flex-col items-end gap-2 text-start break-words whitespace-normal [.text-message+&amp;]:mt-5\" dir=\"auto\" data-message-author-role=\"assistant\" data-message-id=\"c3e54ce0-fbbc-4ba1-be96-818f5b11d5bc\" data-message-model-slug=\"gpt-4o-mini\">\n<div class=\"flex w-full flex-col gap-1 empty:hidden first:pt-[3px]\">\n<div class=\"markdown prose dark:prose-invert w-full break-words light\">\n<p class=\"\" data-start=\"0\" data-end=\"232\"><strong data-start=\"0\" data-end=\"19\" data-is-only-node=\"\">The Coming Wave<\/strong> de Mustafa Suleyman explore les impacts potentiels de l&rsquo;intelligence artificielle et de la biotechnologie, en mettant en garde contre les risques tout en appelant \u00e0 une r\u00e9gulation pour en maximiser les b\u00e9n\u00e9fices.<\/p>\n<\/div>\n<\/div>\n<\/div>\n<\/div>\n","protected":false},"featured_media":23503,"comment_status":"open","ping_status":"closed","template":"","meta":{"inline_featured_image":false},"product_cat":[3897,91],"product_tag":[],"class_list":{"0":"post-23502","1":"product","2":"type-product","3":"status-publish","4":"has-post-thumbnail","6":"product_cat-developpement-anglais","7":"product_cat-developpement","8":"pa_auteurs-mustafa-suleyman","10":"first","11":"instock","12":"shipping-taxable","13":"purchasable","14":"product-type-simple"},"_links":{"self":[{"href":"https:\/\/baralivres.ma\/index.php?rest_route=\/wp\/v2\/product\/23502","targetHints":{"allow":["GET"]}}],"collection":[{"href":"https:\/\/baralivres.ma\/index.php?rest_route=\/wp\/v2\/product"}],"about":[{"href":"https:\/\/baralivres.ma\/index.php?rest_route=\/wp\/v2\/types\/product"}],"replies":[{"embeddable":true,"href":"https:\/\/baralivres.ma\/index.php?rest_route=%2Fwp%2Fv2%2Fcomments&post=23502"}],"version-history":[{"count":1,"href":"https:\/\/baralivres.ma\/index.php?rest_route=\/wp\/v2\/product\/23502\/revisions"}],"predecessor-version":[{"id":23504,"href":"https:\/\/baralivres.ma\/index.php?rest_route=\/wp\/v2\/product\/23502\/revisions\/23504"}],"wp:featuredmedia":[{"embeddable":true,"href":"https:\/\/baralivres.ma\/index.php?rest_route=\/wp\/v2\/media\/23503"}],"wp:attachment":[{"href":"https:\/\/baralivres.ma\/index.php?rest_route=%2Fwp%2Fv2%2Fmedia&parent=23502"}],"wp:term":[{"taxonomy":"product_cat","embeddable":true,"href":"https:\/\/baralivres.ma\/index.php?rest_route=%2Fwp%2Fv2%2Fproduct_cat&post=23502"},{"taxonomy":"product_tag","embeddable":true,"href":"https:\/\/baralivres.ma\/index.php?rest_route=%2Fwp%2Fv2%2Fproduct_tag&post=23502"}],"curies":[{"name":"wp","href":"https:\/\/api.w.org\/{rel}","templated":true}]}}