{"id":23496,"date":"2025-04-17T10:44:26","date_gmt":"2025-04-17T09:44:26","guid":{"rendered":"https:\/\/baralivres.ma\/?post_type=product&#038;p=23496"},"modified":"2025-04-17T10:44:26","modified_gmt":"2025-04-17T09:44:26","slug":"ai-2041-ten-visions-for-our-future","status":"publish","type":"product","link":"https:\/\/baralivres.ma\/?product=ai-2041-ten-visions-for-our-future","title":{"rendered":"AI 2041: Ten Visions for Our Future"},"content":{"rendered":"<p><strong data-start=\"0\" data-end=\"39\">AI 2041: Ten Visions for Our Future<\/strong> de Kai-Fu Lee et Chen Qiufan explore l&rsquo;impact futur de l&rsquo;intelligence artificielle \u00e0 travers dix r\u00e9cits de science-fiction, chacun centr\u00e9 sur un aspect diff\u00e9rent de l&rsquo;IA, comme l&rsquo;\u00e9ducation personnalis\u00e9e, la m\u00e9decine de pr\u00e9cision, et les v\u00e9hicules autonomes. Chaque histoire est suivie d&rsquo;une analyse technique et soci\u00e9tale pour mieux comprendre les implications de ces technologies. Ce livre combine fiction et r\u00e9flexion pour d\u00e9mystifier l&rsquo;IA et inciter \u00e0 une discussion sur son avenir dans nos vies.<\/p>\n","protected":false},"excerpt":{"rendered":"<p><span class=\"relative -mx-px my-[-0.2rem] rounded px-px py-[0.2rem] transition-colors duration-100 ease-in-out\">L&rsquo;objectif principal de <strong data-start=\"24\" data-end=\"35\">AI 2041<\/strong> est de <strong data-start=\"43\" data-end=\"86\">d\u00e9mystifier l&rsquo;intelligence artificielle<\/strong> et de <strong data-start=\"93\" data-end=\"118\">stimuler la r\u00e9flexion<\/strong> sur son int\u00e9gration dans nos soci\u00e9t\u00e9s.<\/span> <span class=\"relative -mx-px my-[-0.2rem] rounded px-px py-[0.2rem] transition-colors duration-100 ease-in-out\">En combinant fiction et analyse, les auteurs cherchent \u00e0 rendre l&rsquo;IA accessible et \u00e0 encourager une discussion \u00e9clair\u00e9e sur ses implications futures.<\/span><\/p>\n","protected":false},"featured_media":23497,"comment_status":"open","ping_status":"closed","template":"","meta":{"inline_featured_image":false},"product_cat":[3897,91],"product_tag":[],"class_list":{"0":"post-23496","1":"product","2":"type-product","3":"status-publish","4":"has-post-thumbnail","6":"product_cat-developpement-anglais","7":"product_cat-developpement","8":"pa_auteurs-chen-qiufan","10":"first","11":"instock","12":"shipping-taxable","13":"purchasable","14":"product-type-simple"},"_links":{"self":[{"href":"https:\/\/baralivres.ma\/index.php?rest_route=\/wp\/v2\/product\/23496","targetHints":{"allow":["GET"]}}],"collection":[{"href":"https:\/\/baralivres.ma\/index.php?rest_route=\/wp\/v2\/product"}],"about":[{"href":"https:\/\/baralivres.ma\/index.php?rest_route=\/wp\/v2\/types\/product"}],"replies":[{"embeddable":true,"href":"https:\/\/baralivres.ma\/index.php?rest_route=%2Fwp%2Fv2%2Fcomments&post=23496"}],"version-history":[{"count":1,"href":"https:\/\/baralivres.ma\/index.php?rest_route=\/wp\/v2\/product\/23496\/revisions"}],"predecessor-version":[{"id":23498,"href":"https:\/\/baralivres.ma\/index.php?rest_route=\/wp\/v2\/product\/23496\/revisions\/23498"}],"wp:featuredmedia":[{"embeddable":true,"href":"https:\/\/baralivres.ma\/index.php?rest_route=\/wp\/v2\/media\/23497"}],"wp:attachment":[{"href":"https:\/\/baralivres.ma\/index.php?rest_route=%2Fwp%2Fv2%2Fmedia&parent=23496"}],"wp:term":[{"taxonomy":"product_cat","embeddable":true,"href":"https:\/\/baralivres.ma\/index.php?rest_route=%2Fwp%2Fv2%2Fproduct_cat&post=23496"},{"taxonomy":"product_tag","embeddable":true,"href":"https:\/\/baralivres.ma\/index.php?rest_route=%2Fwp%2Fv2%2Fproduct_tag&post=23496"}],"curies":[{"name":"wp","href":"https:\/\/api.w.org\/{rel}","templated":true}]}}