{"id":23490,"date":"2025-04-17T10:16:34","date_gmt":"2025-04-17T09:16:34","guid":{"rendered":"https:\/\/baralivres.ma\/?post_type=product&#038;p=23490"},"modified":"2025-04-17T10:16:34","modified_gmt":"2025-04-17T09:16:34","slug":"quel-bonheur-de-vieillir","status":"publish","type":"product","link":"https:\/\/baralivres.ma\/?product=quel-bonheur-de-vieillir","title":{"rendered":"Quel bonheur de vieillir !"},"content":{"rendered":"<p><strong data-start=\"49\" data-end=\"79\">Quel bonheur de vieillir !<\/strong> de <strong data-start=\"83\" data-end=\"100\">Sophie Davant<\/strong> est un livre positif et inspirant sur le vieillissement. L\u2019animatrice y partage ses r\u00e9flexions et des conseils d\u2019experts (nutrition, forme, sexualit\u00e9, beaut\u00e9, etc.) pour aborder l\u2019\u00e2ge avec s\u00e9r\u00e9nit\u00e9, plaisir et confiance. Un guide bienveillant pour rester actif, \u00e9panoui et pleinement vivant apr\u00e8s 50 ans.<\/p>\n","protected":false},"excerpt":{"rendered":"<p>Ce guide s&rsquo;adresse \u00e0 toutes les personnes souhaitant aborder le vieillissement de mani\u00e8re positive et proactive, en valorisant les exp\u00e9riences acquises et en continuant \u00e0 s&rsquo;\u00e9panouir pleinement.<\/p>\n","protected":false},"featured_media":23491,"comment_status":"open","ping_status":"closed","template":"","meta":{"inline_featured_image":false},"product_cat":[3896,91],"product_tag":[],"class_list":{"0":"post-23490","1":"product","2":"type-product","3":"status-publish","4":"has-post-thumbnail","6":"product_cat-developpement-francais","7":"product_cat-developpement","8":"pa_auteurs-sophie-davant","10":"first","11":"instock","12":"shipping-taxable","13":"purchasable","14":"product-type-simple"},"_links":{"self":[{"href":"https:\/\/baralivres.ma\/index.php?rest_route=\/wp\/v2\/product\/23490","targetHints":{"allow":["GET"]}}],"collection":[{"href":"https:\/\/baralivres.ma\/index.php?rest_route=\/wp\/v2\/product"}],"about":[{"href":"https:\/\/baralivres.ma\/index.php?rest_route=\/wp\/v2\/types\/product"}],"replies":[{"embeddable":true,"href":"https:\/\/baralivres.ma\/index.php?rest_route=%2Fwp%2Fv2%2Fcomments&post=23490"}],"version-history":[{"count":1,"href":"https:\/\/baralivres.ma\/index.php?rest_route=\/wp\/v2\/product\/23490\/revisions"}],"predecessor-version":[{"id":23495,"href":"https:\/\/baralivres.ma\/index.php?rest_route=\/wp\/v2\/product\/23490\/revisions\/23495"}],"wp:featuredmedia":[{"embeddable":true,"href":"https:\/\/baralivres.ma\/index.php?rest_route=\/wp\/v2\/media\/23491"}],"wp:attachment":[{"href":"https:\/\/baralivres.ma\/index.php?rest_route=%2Fwp%2Fv2%2Fmedia&parent=23490"}],"wp:term":[{"taxonomy":"product_cat","embeddable":true,"href":"https:\/\/baralivres.ma\/index.php?rest_route=%2Fwp%2Fv2%2Fproduct_cat&post=23490"},{"taxonomy":"product_tag","embeddable":true,"href":"https:\/\/baralivres.ma\/index.php?rest_route=%2Fwp%2Fv2%2Fproduct_tag&post=23490"}],"curies":[{"name":"wp","href":"https:\/\/api.w.org\/{rel}","templated":true}]}}