{"id":23486,"date":"2025-04-17T10:07:22","date_gmt":"2025-04-17T09:07:22","guid":{"rendered":"https:\/\/baralivres.ma\/?post_type=product&#038;p=23486"},"modified":"2025-04-17T10:07:22","modified_gmt":"2025-04-17T09:07:22","slug":"beyonce-est-elle-feministe","status":"publish","type":"product","link":"https:\/\/baralivres.ma\/?product=beyonce-est-elle-feministe","title":{"rendered":"Beyonc\u00e9 est-elle f\u00e9ministe"},"content":{"rendered":"<p><strong data-start=\"33\" data-end=\"116\">\u00ab\u00a0Beyonc\u00e9 est-elle f\u00e9ministe ? Et autres questions pour comprendre le f\u00e9minisme\u00a0\u00bb<\/strong> est un livre de <strong data-start=\"133\" data-end=\"157\">Rapha\u00eblle R\u00e9my Leleu<\/strong> et <strong data-start=\"161\" data-end=\"179\" data-is-only-node=\"\">Margaux Collet<\/strong>, illustr\u00e9 par <strong data-start=\"194\" data-end=\"204\">Diglee<\/strong>. Accessible et percutant, il r\u00e9pond \u00e0 10 questions fr\u00e9quentes sur le f\u00e9minisme : sexisme, st\u00e9r\u00e9otypes, harc\u00e8lement, place des femmes dans l&rsquo;histoire\u2026 Un guide clair et engag\u00e9 pour mieux comprendre les enjeux f\u00e9ministes d\u2019aujourd\u2019hui.<\/p>\n","protected":false},"excerpt":{"rendered":"<p>Un petit guide illustr\u00e9 qui r\u00e9pond simplement \u00e0 10 grandes questions sur le f\u00e9minisme. Engag\u00e9, accessible et percutant.<\/p>\n","protected":false},"featured_media":23487,"comment_status":"open","ping_status":"closed","template":"","meta":{"inline_featured_image":false},"product_cat":[3896,91],"product_tag":[],"class_list":{"0":"post-23486","1":"product","2":"type-product","3":"status-publish","4":"has-post-thumbnail","6":"product_cat-developpement-francais","7":"product_cat-developpement","8":"pa_auteurs-margaux-collet","9":"pa_auteurs-raphaelle-remy-leleu","11":"first","12":"instock","13":"shipping-taxable","14":"purchasable","15":"product-type-simple"},"_links":{"self":[{"href":"https:\/\/baralivres.ma\/index.php?rest_route=\/wp\/v2\/product\/23486","targetHints":{"allow":["GET"]}}],"collection":[{"href":"https:\/\/baralivres.ma\/index.php?rest_route=\/wp\/v2\/product"}],"about":[{"href":"https:\/\/baralivres.ma\/index.php?rest_route=\/wp\/v2\/types\/product"}],"replies":[{"embeddable":true,"href":"https:\/\/baralivres.ma\/index.php?rest_route=%2Fwp%2Fv2%2Fcomments&post=23486"}],"version-history":[{"count":1,"href":"https:\/\/baralivres.ma\/index.php?rest_route=\/wp\/v2\/product\/23486\/revisions"}],"predecessor-version":[{"id":23489,"href":"https:\/\/baralivres.ma\/index.php?rest_route=\/wp\/v2\/product\/23486\/revisions\/23489"}],"wp:featuredmedia":[{"embeddable":true,"href":"https:\/\/baralivres.ma\/index.php?rest_route=\/wp\/v2\/media\/23487"}],"wp:attachment":[{"href":"https:\/\/baralivres.ma\/index.php?rest_route=%2Fwp%2Fv2%2Fmedia&parent=23486"}],"wp:term":[{"taxonomy":"product_cat","embeddable":true,"href":"https:\/\/baralivres.ma\/index.php?rest_route=%2Fwp%2Fv2%2Fproduct_cat&post=23486"},{"taxonomy":"product_tag","embeddable":true,"href":"https:\/\/baralivres.ma\/index.php?rest_route=%2Fwp%2Fv2%2Fproduct_tag&post=23486"}],"curies":[{"name":"wp","href":"https:\/\/api.w.org\/{rel}","templated":true}]}}