{"id":23468,"date":"2025-04-12T11:15:54","date_gmt":"2025-04-12T10:15:54","guid":{"rendered":"https:\/\/baralivres.ma\/?post_type=product&#038;p=23468"},"modified":"2025-04-12T11:15:54","modified_gmt":"2025-04-12T10:15:54","slug":"et-si-la-punition-netait-pas-la-solution","status":"publish","type":"product","link":"https:\/\/baralivres.ma\/?product=et-si-la-punition-netait-pas-la-solution","title":{"rendered":"Et si la punition n\u2019\u00e9tait pas la solution ?"},"content":{"rendered":"<h3 class=\"\" data-start=\"212\" data-end=\"285\">\ud83d\udcd6 <em data-start=\"219\" data-end=\"264\">Et si la punition n\u2019\u00e9tait pas la solution ?<\/em> \u2013 Isabelle Filliozat<\/h3>\n<p class=\"\" data-start=\"287\" data-end=\"389\">Et si, au lieu de punir, on apprenait \u00e0 <strong data-start=\"327\" data-end=\"365\">comprendre, \u00e9couter et accompagner<\/strong> nos enfants autrement ?<\/p>\n<p class=\"\" data-start=\"391\" data-end=\"733\">Dans cet ouvrage \u00e9clairant, Isabelle Filliozat, psychoth\u00e9rapeute et sp\u00e9cialiste de la parentalit\u00e9 positive, nous invite \u00e0 repenser l\u2019\u00e9ducation traditionnelle fond\u00e9e sur les punitions. Elle propose des pistes concr\u00e8tes pour <strong data-start=\"614\" data-end=\"654\">poser des limites avec bienveillance<\/strong>, encourager les comportements responsables et renforcer le lien parent-enfant.<\/p>\n<p class=\"\" data-start=\"735\" data-end=\"831\">Gr\u00e2ce \u00e0 des exemples concrets, des t\u00e9moignages et des outils pratiques, ce livre vous aidera \u00e0 :<\/p>\n<ul data-start=\"832\" data-end=\"1034\">\n<li class=\"\" data-start=\"832\" data-end=\"901\">\n<p class=\"\" data-start=\"834\" data-end=\"901\">comprendre ce qui se cache derri\u00e8re les comportements \u00ab\u00a0inad\u00e9quats\u00a0\u00bb,<\/p>\n<\/li>\n<li class=\"\" data-start=\"902\" data-end=\"935\">\n<p class=\"\" data-start=\"904\" data-end=\"935\">\u00e9viter les crises \u00e0 r\u00e9p\u00e9tition,<\/p>\n<\/li>\n<li class=\"\" data-start=\"936\" data-end=\"979\">\n<p class=\"\" data-start=\"938\" data-end=\"979\">instaurer un climat familial plus serein,<\/p>\n<\/li>\n<li class=\"\" data-start=\"980\" data-end=\"1034\">\n<p class=\"\" data-start=\"982\" data-end=\"1034\">cultiver la coop\u00e9ration au lieu du rapport de force.<\/p>\n<\/li>\n<\/ul>\n<p class=\"\" data-start=\"1036\" data-end=\"1225\">Un guide indispensable pour tous les parents, enseignants ou professionnels de l\u2019enfance d\u00e9sireux de construire une relation \u00e9ducative <strong data-start=\"1171\" data-end=\"1224\">fond\u00e9e sur le respect, l\u2019empathie et la confiance<\/strong>.<\/p>\n","protected":false},"excerpt":{"rendered":"<p>Un guide indispensable pour tous les parents, enseignants ou professionnels de l\u2019enfance d\u00e9sireux de construire une relation \u00e9ducative <strong data-start=\"1171\" data-end=\"1224\">fond\u00e9e sur le respect, l\u2019empathie et la confiance<\/strong><\/p>\n","protected":false},"featured_media":23471,"comment_status":"open","ping_status":"closed","template":"","meta":{"inline_featured_image":false},"product_cat":[3873,143],"product_tag":[],"class_list":{"0":"post-23468","1":"product","2":"type-product","3":"status-publish","4":"has-post-thumbnail","6":"product_cat-roman-en-francais","7":"product_cat-roman","8":"pa_auteurs-isabelle-filliozat","10":"first","11":"instock","12":"shipping-taxable","13":"purchasable","14":"product-type-simple"},"_links":{"self":[{"href":"https:\/\/baralivres.ma\/index.php?rest_route=\/wp\/v2\/product\/23468","targetHints":{"allow":["GET"]}}],"collection":[{"href":"https:\/\/baralivres.ma\/index.php?rest_route=\/wp\/v2\/product"}],"about":[{"href":"https:\/\/baralivres.ma\/index.php?rest_route=\/wp\/v2\/types\/product"}],"replies":[{"embeddable":true,"href":"https:\/\/baralivres.ma\/index.php?rest_route=%2Fwp%2Fv2%2Fcomments&post=23468"}],"version-history":[{"count":1,"href":"https:\/\/baralivres.ma\/index.php?rest_route=\/wp\/v2\/product\/23468\/revisions"}],"predecessor-version":[{"id":23470,"href":"https:\/\/baralivres.ma\/index.php?rest_route=\/wp\/v2\/product\/23468\/revisions\/23470"}],"wp:featuredmedia":[{"embeddable":true,"href":"https:\/\/baralivres.ma\/index.php?rest_route=\/wp\/v2\/media\/23471"}],"wp:attachment":[{"href":"https:\/\/baralivres.ma\/index.php?rest_route=%2Fwp%2Fv2%2Fmedia&parent=23468"}],"wp:term":[{"taxonomy":"product_cat","embeddable":true,"href":"https:\/\/baralivres.ma\/index.php?rest_route=%2Fwp%2Fv2%2Fproduct_cat&post=23468"},{"taxonomy":"product_tag","embeddable":true,"href":"https:\/\/baralivres.ma\/index.php?rest_route=%2Fwp%2Fv2%2Fproduct_tag&post=23468"}],"curies":[{"name":"wp","href":"https:\/\/api.w.org\/{rel}","templated":true}]}}