{"id":23465,"date":"2025-04-12T11:08:38","date_gmt":"2025-04-12T10:08:38","guid":{"rendered":"https:\/\/baralivres.ma\/?post_type=product&#038;p=23465"},"modified":"2025-04-12T11:08:38","modified_gmt":"2025-04-12T10:08:38","slug":"les-amants-de-casablanca-tome-1","status":"publish","type":"product","link":"https:\/\/baralivres.ma\/?product=les-amants-de-casablanca-tome-1","title":{"rendered":"Les Amants de Casablanca \u2013 Tome 1"},"content":{"rendered":"<p><strong data-start=\"49\" data-end=\"86\">Les Amants de Casablanca \u2013 Tome 1<\/strong> de Tahar Ben Jelloun raconte l\u2019histoire de Nabile et Lamia, un couple mari\u00e9 depuis dix ans. Leur \u00e9quilibre vole en \u00e9clats lorsque Lamia tombe amoureuse d\u2019un autre homme et demande le divorce. \u00c0 travers les voix altern\u00e9es des deux \u00e9poux, le roman explore les tensions entre amour, libert\u00e9, tradition et d\u00e9sir dans le Maroc contemporain. Un r\u00e9cit poignant sur les choix de vie et les contradictions humaines.<\/p>\n","protected":false},"excerpt":{"rendered":"<p><em data-start=\"83\" data-end=\"109\">Les Amants de Casablanca<\/em> \u2013 Quand l\u2019amour s\u2019effrite, la libert\u00e9 s\u2019impose. Un roman poignant de Tahar Ben Jelloun sur le couple, le d\u00e9sir et les choix de vie dans le Maroc moderne.<\/p>\n","protected":false},"featured_media":23466,"comment_status":"open","ping_status":"closed","template":"","meta":{"inline_featured_image":false},"product_cat":[3873,143],"product_tag":[],"class_list":{"0":"post-23465","1":"product","2":"type-product","3":"status-publish","4":"has-post-thumbnail","6":"product_cat-roman-en-francais","7":"product_cat-roman","8":"pa_auteurs-tahar-ben-jelloun","10":"first","11":"instock","12":"shipping-taxable","13":"purchasable","14":"product-type-simple"},"_links":{"self":[{"href":"https:\/\/baralivres.ma\/index.php?rest_route=\/wp\/v2\/product\/23465","targetHints":{"allow":["GET"]}}],"collection":[{"href":"https:\/\/baralivres.ma\/index.php?rest_route=\/wp\/v2\/product"}],"about":[{"href":"https:\/\/baralivres.ma\/index.php?rest_route=\/wp\/v2\/types\/product"}],"replies":[{"embeddable":true,"href":"https:\/\/baralivres.ma\/index.php?rest_route=%2Fwp%2Fv2%2Fcomments&post=23465"}],"version-history":[{"count":2,"href":"https:\/\/baralivres.ma\/index.php?rest_route=\/wp\/v2\/product\/23465\/revisions"}],"predecessor-version":[{"id":23469,"href":"https:\/\/baralivres.ma\/index.php?rest_route=\/wp\/v2\/product\/23465\/revisions\/23469"}],"wp:featuredmedia":[{"embeddable":true,"href":"https:\/\/baralivres.ma\/index.php?rest_route=\/wp\/v2\/media\/23466"}],"wp:attachment":[{"href":"https:\/\/baralivres.ma\/index.php?rest_route=%2Fwp%2Fv2%2Fmedia&parent=23465"}],"wp:term":[{"taxonomy":"product_cat","embeddable":true,"href":"https:\/\/baralivres.ma\/index.php?rest_route=%2Fwp%2Fv2%2Fproduct_cat&post=23465"},{"taxonomy":"product_tag","embeddable":true,"href":"https:\/\/baralivres.ma\/index.php?rest_route=%2Fwp%2Fv2%2Fproduct_tag&post=23465"}],"curies":[{"name":"wp","href":"https:\/\/api.w.org\/{rel}","templated":true}]}}