{"id":23433,"date":"2025-04-11T12:19:09","date_gmt":"2025-04-11T11:19:09","guid":{"rendered":"https:\/\/baralivres.ma\/?post_type=product&#038;p=23433"},"modified":"2025-04-11T12:19:09","modified_gmt":"2025-04-11T11:19:09","slug":"la-magie-de-lordinaire","status":"publish","type":"product","link":"https:\/\/baralivres.ma\/?product=la-magie-de-lordinaire","title":{"rendered":"LA MAGIE DE L&rsquo;ORDINAIRE"},"content":{"rendered":"<p class=\"\" data-start=\"0\" data-end=\"526\"><strong data-start=\"0\" data-end=\"27\">La Magie de l&rsquo;Ordinaire<\/strong> de Fabrice Midal est un ouvrage qui invite \u00e0 trouver la beaut\u00e9 et la s\u00e9r\u00e9nit\u00e9 dans les moments les plus simples de la vie quotidienne. \u00c0 travers ce livre, l&rsquo;auteur nous encourage \u00e0 cultiver l&rsquo;art de la pleine conscience et \u00e0 adopter une attitude d\u2019\u00e9merveillement face \u00e0 l\u2019ordinaire. L&rsquo;id\u00e9e principale du livre est que, souvent, nous cherchons le bonheur dans des \u00e9v\u00e9nements exceptionnels, mais c&rsquo;est dans les gestes de tous les jours, dans la simplicit\u00e9, que se cache une v\u00e9ritable source de magie.<\/p>\n<p class=\"\" data-start=\"528\" data-end=\"954\">Fabrice Midal explore des pratiques de m\u00e9ditation, des r\u00e9flexions sur l\u2019importance de ralentir et d\u2019observer, tout en offrant des pistes pour vivre une existence plus pr\u00e9sente et plus \u00e9panouie. Il cherche \u00e0 nous reconnecter avec la beaut\u00e9 qui r\u00e9side dans chaque instant et chaque d\u00e9tail de notre quotidien. L&rsquo;ouvrage est \u00e0 la fois un guide pratique et une invitation \u00e0 un changement de perspective sur notre mani\u00e8re de vivre.<\/p>\n","protected":false},"excerpt":{"rendered":"<p>Ce livre s&rsquo;adresse \u00e0 tous ceux qui souhaitent apprendre \u00e0 savourer pleinement la vie, sans avoir besoin de grandes occasions ou de moments spectaculaires.<\/p>\n","protected":false},"featured_media":23434,"comment_status":"open","ping_status":"closed","template":"","meta":{"inline_featured_image":false},"product_cat":[3896,91],"product_tag":[],"class_list":{"0":"post-23433","1":"product","2":"type-product","3":"status-publish","4":"has-post-thumbnail","6":"product_cat-developpement-francais","7":"product_cat-developpement","8":"pa_auteurs-fabrice-midal","10":"first","11":"instock","12":"shipping-taxable","13":"purchasable","14":"product-type-simple"},"_links":{"self":[{"href":"https:\/\/baralivres.ma\/index.php?rest_route=\/wp\/v2\/product\/23433","targetHints":{"allow":["GET"]}}],"collection":[{"href":"https:\/\/baralivres.ma\/index.php?rest_route=\/wp\/v2\/product"}],"about":[{"href":"https:\/\/baralivres.ma\/index.php?rest_route=\/wp\/v2\/types\/product"}],"replies":[{"embeddable":true,"href":"https:\/\/baralivres.ma\/index.php?rest_route=%2Fwp%2Fv2%2Fcomments&post=23433"}],"version-history":[{"count":1,"href":"https:\/\/baralivres.ma\/index.php?rest_route=\/wp\/v2\/product\/23433\/revisions"}],"predecessor-version":[{"id":23435,"href":"https:\/\/baralivres.ma\/index.php?rest_route=\/wp\/v2\/product\/23433\/revisions\/23435"}],"wp:featuredmedia":[{"embeddable":true,"href":"https:\/\/baralivres.ma\/index.php?rest_route=\/wp\/v2\/media\/23434"}],"wp:attachment":[{"href":"https:\/\/baralivres.ma\/index.php?rest_route=%2Fwp%2Fv2%2Fmedia&parent=23433"}],"wp:term":[{"taxonomy":"product_cat","embeddable":true,"href":"https:\/\/baralivres.ma\/index.php?rest_route=%2Fwp%2Fv2%2Fproduct_cat&post=23433"},{"taxonomy":"product_tag","embeddable":true,"href":"https:\/\/baralivres.ma\/index.php?rest_route=%2Fwp%2Fv2%2Fproduct_tag&post=23433"}],"curies":[{"name":"wp","href":"https:\/\/api.w.org\/{rel}","templated":true}]}}