{"id":23424,"date":"2025-04-11T11:50:00","date_gmt":"2025-04-11T10:50:00","guid":{"rendered":"https:\/\/baralivres.ma\/?post_type=product&#038;p=23424"},"modified":"2025-04-11T18:05:27","modified_gmt":"2025-04-11T17:05:27","slug":"la-montagne-cest-toi","status":"publish","type":"product","link":"https:\/\/baralivres.ma\/?product=la-montagne-cest-toi","title":{"rendered":"LA MONTAGNE, C&rsquo;EST TOI"},"content":{"rendered":"<p><strong data-start=\"0\" data-end=\"26\" data-is-only-node=\"\">La Montagne, C\u2019est Toi<\/strong> est un livre qui invite les lecteurs \u00e0 percevoir la montagne comme une m\u00e9taphore de la vie et de ses d\u00e9fis. \u00c0 travers une narration po\u00e9tique et des illustrations \u00e9vocatrices, l&rsquo;histoire explore la mani\u00e8re dont la montagne refl\u00e8te les \u00e9motions humaines et les exp\u00e9riences de vie. L\u2019ouvrage montre comment chacun peut s&rsquo;identifier \u00e0 la montagne : tant\u00f4t imposante et pleine de d\u00e9fis, tant\u00f4t tranquille et r\u00e9confortante. Ce livre permet de susciter une r\u00e9flexion sur les obstacles \u00e0 surmonter, la recherche de s\u00e9r\u00e9nit\u00e9 et l\u2019importance de se connecter avec la nature et soi-m\u00eame. Il propose aux enfants un cheminement int\u00e9rieur enrichissant, tout en les incitant \u00e0 appr\u00e9cier la beaut\u00e9 et la grandeur du monde naturel.<\/p>\n","protected":false},"excerpt":{"rendered":"<p>C&rsquo;est un livre \u00e0 la fois simple et profond, parfait pour partager un moment de calme et de r\u00e9flexion avec les plus jeunes.<\/p>\n","protected":false},"featured_media":23425,"comment_status":"open","ping_status":"closed","template":"","meta":{"inline_featured_image":false},"product_cat":[4229,3896,91],"product_tag":[],"class_list":{"0":"post-23424","1":"product","2":"type-product","3":"status-publish","4":"has-post-thumbnail","6":"product_cat-bibliotheque_a_moins-cher","7":"product_cat-developpement-francais","8":"product_cat-developpement","9":"pa_auteurs-brianna-wiest","11":"first","12":"instock","13":"sale","14":"shipping-taxable","15":"purchasable","16":"product-type-simple"},"_links":{"self":[{"href":"https:\/\/baralivres.ma\/index.php?rest_route=\/wp\/v2\/product\/23424","targetHints":{"allow":["GET"]}}],"collection":[{"href":"https:\/\/baralivres.ma\/index.php?rest_route=\/wp\/v2\/product"}],"about":[{"href":"https:\/\/baralivres.ma\/index.php?rest_route=\/wp\/v2\/types\/product"}],"replies":[{"embeddable":true,"href":"https:\/\/baralivres.ma\/index.php?rest_route=%2Fwp%2Fv2%2Fcomments&post=23424"}],"version-history":[{"count":1,"href":"https:\/\/baralivres.ma\/index.php?rest_route=\/wp\/v2\/product\/23424\/revisions"}],"predecessor-version":[{"id":23426,"href":"https:\/\/baralivres.ma\/index.php?rest_route=\/wp\/v2\/product\/23424\/revisions\/23426"}],"wp:featuredmedia":[{"embeddable":true,"href":"https:\/\/baralivres.ma\/index.php?rest_route=\/wp\/v2\/media\/23425"}],"wp:attachment":[{"href":"https:\/\/baralivres.ma\/index.php?rest_route=%2Fwp%2Fv2%2Fmedia&parent=23424"}],"wp:term":[{"taxonomy":"product_cat","embeddable":true,"href":"https:\/\/baralivres.ma\/index.php?rest_route=%2Fwp%2Fv2%2Fproduct_cat&post=23424"},{"taxonomy":"product_tag","embeddable":true,"href":"https:\/\/baralivres.ma\/index.php?rest_route=%2Fwp%2Fv2%2Fproduct_tag&post=23424"}],"curies":[{"name":"wp","href":"https:\/\/api.w.org\/{rel}","templated":true}]}}