{"id":23421,"date":"2025-04-11T11:38:10","date_gmt":"2025-04-11T10:38:10","guid":{"rendered":"https:\/\/baralivres.ma\/?post_type=product&#038;p=23421"},"modified":"2025-04-11T11:38:10","modified_gmt":"2025-04-11T10:38:10","slug":"guide-de-lecoute-active","status":"publish","type":"product","link":"https:\/\/baralivres.ma\/?product=guide-de-lecoute-active","title":{"rendered":"Guide de l&rsquo;\u00e9coute active"},"content":{"rendered":"<p>Le <strong data-start=\"3\" data-end=\"33\">\u00ab\u00a0Guide de l&rsquo;\u00e9coute active\u00a0\u00bb<\/strong> est un manuel pratique d\u00e9di\u00e9 \u00e0 l&rsquo;am\u00e9lioration des comp\u00e9tences en communication, en mettant l&rsquo;accent sur l&rsquo;\u00e9coute active. Ce livre explique l&rsquo;importance de pr\u00eater attention aux paroles de l&rsquo;autre de mani\u00e8re sinc\u00e8re et bienveillante, sans jugement. Il propose des techniques concr\u00e8tes pour pratiquer l&rsquo;\u00e9coute active, comme la reformulation, la gestion des \u00e9motions et l&#8217;empathie. Le guide explore \u00e9galement les obstacles \u00e0 une \u00e9coute efficace, tels que les distractions ou les jugements, et fournit des exercices pour surmonter ces d\u00e9fis. L&rsquo;objectif est d&rsquo;aider le lecteur \u00e0 mieux comprendre les autres, \u00e0 r\u00e9duire les conflits et \u00e0 renforcer ses relations personnelles et professionnelles gr\u00e2ce \u00e0 une communication plus authentique et respectueuse.<\/p>\n","protected":false},"excerpt":{"rendered":"<p>Le <strong data-start=\"3\" data-end=\"33\">\u00ab\u00a0Guide de l&rsquo;\u00e9coute active\u00a0\u00bb<\/strong> enseigne des techniques pour am\u00e9liorer la communication en pratiquant l&rsquo;\u00e9coute attentive et empathique. Il propose des outils concrets pour mieux comprendre les autres, g\u00e9rer les \u00e9motions et \u00e9viter les obstacles \u00e0 une \u00e9coute efficace, afin de renforcer les relations personnelles et professionnelles.<\/p>\n","protected":false},"featured_media":23422,"comment_status":"open","ping_status":"closed","template":"","meta":{"inline_featured_image":false},"product_cat":[3896,91],"product_tag":[],"class_list":{"0":"post-23421","1":"product","2":"type-product","3":"status-publish","4":"has-post-thumbnail","6":"product_cat-developpement-francais","7":"product_cat-developpement","8":"pa_auteurs-patrick-king","10":"first","11":"instock","12":"shipping-taxable","13":"purchasable","14":"product-type-simple"},"_links":{"self":[{"href":"https:\/\/baralivres.ma\/index.php?rest_route=\/wp\/v2\/product\/23421","targetHints":{"allow":["GET"]}}],"collection":[{"href":"https:\/\/baralivres.ma\/index.php?rest_route=\/wp\/v2\/product"}],"about":[{"href":"https:\/\/baralivres.ma\/index.php?rest_route=\/wp\/v2\/types\/product"}],"replies":[{"embeddable":true,"href":"https:\/\/baralivres.ma\/index.php?rest_route=%2Fwp%2Fv2%2Fcomments&post=23421"}],"version-history":[{"count":1,"href":"https:\/\/baralivres.ma\/index.php?rest_route=\/wp\/v2\/product\/23421\/revisions"}],"predecessor-version":[{"id":23423,"href":"https:\/\/baralivres.ma\/index.php?rest_route=\/wp\/v2\/product\/23421\/revisions\/23423"}],"wp:featuredmedia":[{"embeddable":true,"href":"https:\/\/baralivres.ma\/index.php?rest_route=\/wp\/v2\/media\/23422"}],"wp:attachment":[{"href":"https:\/\/baralivres.ma\/index.php?rest_route=%2Fwp%2Fv2%2Fmedia&parent=23421"}],"wp:term":[{"taxonomy":"product_cat","embeddable":true,"href":"https:\/\/baralivres.ma\/index.php?rest_route=%2Fwp%2Fv2%2Fproduct_cat&post=23421"},{"taxonomy":"product_tag","embeddable":true,"href":"https:\/\/baralivres.ma\/index.php?rest_route=%2Fwp%2Fv2%2Fproduct_tag&post=23421"}],"curies":[{"name":"wp","href":"https:\/\/api.w.org\/{rel}","templated":true}]}}