{"id":23418,"date":"2025-04-11T11:32:26","date_gmt":"2025-04-11T10:32:26","guid":{"rendered":"https:\/\/baralivres.ma\/?post_type=product&#038;p=23418"},"modified":"2025-04-11T11:32:27","modified_gmt":"2025-04-11T10:32:27","slug":"faites-decoller-votre-petite-entreprise","status":"publish","type":"product","link":"https:\/\/baralivres.ma\/?product=faites-decoller-votre-petite-entreprise","title":{"rendered":"Faites D\u00e9coller Votre Petite Entreprise"},"content":{"rendered":"<p>Faites D\u00e9coller Votre Petite Entreprise\u00a0\u00bb est un guide pratique con\u00e7u pour les entrepreneurs et les porteurs de projets souhaitant propulser leur petite entreprise vers le succ\u00e8s. Ce livre propose des strat\u00e9gies concr\u00e8tes et des conseils adapt\u00e9s pour surmonter les d\u00e9fis fr\u00e9quents du lancement et du d\u00e9veloppement d&rsquo;une entreprise \u00e0 petite \u00e9chelle. \u00c0 travers des exemples inspirants et des outils pratiques, il aide les entrepreneurs \u00e0 d\u00e9finir une vision claire, \u00e0 structurer leur business plan, \u00e0 g\u00e9rer efficacement leurs finances et \u00e0 trouver leur client\u00e8le cible. Ce livre est un compagnon indispensable pour quiconque cherche \u00e0 dynamiser sa petite entreprise et \u00e0 la faire prosp\u00e9rer dans un environnement concurrentiel.<\/p>\n","protected":false},"excerpt":{"rendered":"<p>Faites D\u00e9coller Votre Petite Entreprise\u00a0\u00bb est un guide pratique offrant des strat\u00e9gies concr\u00e8tes pour aider les entrepreneurs \u00e0 lancer et d\u00e9velopper leur petite entreprise. Il propose des conseils pour structurer un plan d&rsquo;affaires, g\u00e9rer les finances et attirer des clients, avec des outils simples et efficaces pour r\u00e9ussir.<\/p>\n","protected":false},"featured_media":23419,"comment_status":"open","ping_status":"closed","template":"","meta":{"inline_featured_image":false},"product_cat":[3896,3677,91],"product_tag":[],"class_list":{"0":"post-23418","1":"product","2":"type-product","3":"status-publish","4":"has-post-thumbnail","6":"product_cat-developpement-francais","7":"product_cat-les-livres-pour-business","8":"product_cat-developpement","9":"pa_auteurs-donald-miller","11":"first","12":"instock","13":"shipping-taxable","14":"purchasable","15":"product-type-simple"},"_links":{"self":[{"href":"https:\/\/baralivres.ma\/index.php?rest_route=\/wp\/v2\/product\/23418","targetHints":{"allow":["GET"]}}],"collection":[{"href":"https:\/\/baralivres.ma\/index.php?rest_route=\/wp\/v2\/product"}],"about":[{"href":"https:\/\/baralivres.ma\/index.php?rest_route=\/wp\/v2\/types\/product"}],"replies":[{"embeddable":true,"href":"https:\/\/baralivres.ma\/index.php?rest_route=%2Fwp%2Fv2%2Fcomments&post=23418"}],"version-history":[{"count":1,"href":"https:\/\/baralivres.ma\/index.php?rest_route=\/wp\/v2\/product\/23418\/revisions"}],"predecessor-version":[{"id":23420,"href":"https:\/\/baralivres.ma\/index.php?rest_route=\/wp\/v2\/product\/23418\/revisions\/23420"}],"wp:featuredmedia":[{"embeddable":true,"href":"https:\/\/baralivres.ma\/index.php?rest_route=\/wp\/v2\/media\/23419"}],"wp:attachment":[{"href":"https:\/\/baralivres.ma\/index.php?rest_route=%2Fwp%2Fv2%2Fmedia&parent=23418"}],"wp:term":[{"taxonomy":"product_cat","embeddable":true,"href":"https:\/\/baralivres.ma\/index.php?rest_route=%2Fwp%2Fv2%2Fproduct_cat&post=23418"},{"taxonomy":"product_tag","embeddable":true,"href":"https:\/\/baralivres.ma\/index.php?rest_route=%2Fwp%2Fv2%2Fproduct_tag&post=23418"}],"curies":[{"name":"wp","href":"https:\/\/api.w.org\/{rel}","templated":true}]}}