{"id":23414,"date":"2025-04-11T11:18:27","date_gmt":"2025-04-11T10:18:27","guid":{"rendered":"https:\/\/baralivres.ma\/?post_type=product&#038;p=23414"},"modified":"2025-04-11T11:24:30","modified_gmt":"2025-04-11T10:24:30","slug":"sorganiser-pour-reussir-n-e","status":"publish","type":"product","link":"https:\/\/baralivres.ma\/?product=sorganiser-pour-reussir-n-e","title":{"rendered":"S&rsquo;ORGANISER POUR REUSSIR (N.E.)"},"content":{"rendered":"<p class=\"\" data-start=\"0\" data-end=\"51\"><strong data-start=\"0\" data-end=\"47\">R\u00e9sum\u00e9 de \u00ab\u00a0S&rsquo;organiser pour r\u00e9ussir (N.E.)\u00a0\u00bb<\/strong> :<\/p>\n<p class=\"\" data-start=\"53\" data-end=\"385\">Dans ce livre, <strong data-start=\"68\" data-end=\"83\">David Allen<\/strong> pr\u00e9sente sa c\u00e9l\u00e8bre m\u00e9thode <strong data-start=\"112\" data-end=\"141\">Getting Things Done (GTD)<\/strong>, con\u00e7ue pour am\u00e9liorer l&rsquo;organisation personnelle et professionnelle. L&rsquo;objectif principal est de lib\u00e9rer l&rsquo;esprit des pr\u00e9occupations en apprenant \u00e0 mieux g\u00e9rer les t\u00e2ches et les projets, r\u00e9duisant ainsi le stress et augmentant l&rsquo;efficacit\u00e9.<\/p>\n<p class=\"\" data-start=\"387\" data-end=\"433\">La m\u00e9thode GTD repose sur cinq \u00e9tapes cl\u00e9s :<\/p>\n<ol data-start=\"434\" data-end=\"843\">\n<li class=\"\" data-start=\"434\" data-end=\"520\">\n<p class=\"\" data-start=\"437\" data-end=\"520\"><strong data-start=\"437\" data-end=\"449\">Capturer<\/strong> : Notez toutes les id\u00e9es, t\u00e2ches et projets dans un syst\u00e8me externe.<\/p>\n<\/li>\n<li class=\"\" data-start=\"521\" data-end=\"604\">\n<p class=\"\" data-start=\"524\" data-end=\"604\"><strong data-start=\"524\" data-end=\"537\">Clarifier<\/strong> : D\u00e9terminez ce qui doit \u00eatre fait avec chaque \u00e9l\u00e9ment collect\u00e9.<\/p>\n<\/li>\n<li class=\"\" data-start=\"605\" data-end=\"698\">\n<p class=\"\" data-start=\"608\" data-end=\"698\"><strong data-start=\"608\" data-end=\"621\">Organiser<\/strong> : Classez les actions \u00e0 entreprendre selon leur priorit\u00e9 et leur contexte.<\/p>\n<\/li>\n<li class=\"\" data-start=\"699\" data-end=\"773\">\n<p class=\"\" data-start=\"702\" data-end=\"773\"><strong data-start=\"702\" data-end=\"715\">R\u00e9fl\u00e9chir<\/strong> : Revue r\u00e9guli\u00e8re des t\u00e2ches pour ajuster et prioriser.<\/p>\n<\/li>\n<li class=\"\" data-start=\"774\" data-end=\"843\">\n<p class=\"\" data-start=\"777\" data-end=\"843\"><strong data-start=\"777\" data-end=\"785\">Agir<\/strong> : Passez \u00e0 l\u2019action en fonction des priorit\u00e9s d\u00e9finies.<\/p>\n<\/li>\n<\/ol>\n<p class=\"\" data-start=\"845\" data-end=\"1173\">Avec des conseils pratiques, des exemples concrets et des strat\u00e9gies pour mieux g\u00e9rer son temps, <strong data-start=\"942\" data-end=\"970\">S&rsquo;organiser pour r\u00e9ussir<\/strong> propose une approche efficace pour ma\u00eetriser ses projets et r\u00e9duire le chaos mental au quotidien. Ce guide est un v\u00e9ritable outil pour ceux qui cherchent \u00e0 devenir plus productifs, sereins et organis\u00e9s<\/p>\n","protected":false},"excerpt":{"rendered":"<p class=\"\" data-start=\"0\" data-end=\"51\"><strong data-start=\"0\" data-end=\"47\">R\u00e9sum\u00e9 de \u00ab\u00a0S&rsquo;organiser pour r\u00e9ussir (N.E.)\u00a0\u00bb<\/strong> :<\/p>\n<p class=\"\" data-start=\"53\" data-end=\"447\">David Allen pr\u00e9sente la m\u00e9thode <strong data-start=\"85\" data-end=\"114\">Getting Things Done (GTD)<\/strong> pour am\u00e9liorer l&rsquo;organisation personnelle et professionnelle. Elle repose sur cinq \u00e9tapes : capturer, clarifier, organiser, r\u00e9fl\u00e9chir, et agir. Cette approche permet de mieux g\u00e9rer les t\u00e2ches, r\u00e9duire le stress et augmenter la productivit\u00e9. Un guide essentiel pour ceux qui souhaitent s&rsquo;organiser efficacement et gagner en s\u00e9r\u00e9nit\u00e9.<\/p>\n","protected":false},"featured_media":23416,"comment_status":"open","ping_status":"closed","template":"","meta":{"inline_featured_image":false},"product_cat":[3896,3677,91],"product_tag":[],"class_list":{"0":"post-23414","1":"product","2":"type-product","3":"status-publish","4":"has-post-thumbnail","6":"product_cat-developpement-francais","7":"product_cat-les-livres-pour-business","8":"product_cat-developpement","9":"pa_auteurs-david-allen","11":"first","12":"instock","13":"shipping-taxable","14":"purchasable","15":"product-type-simple"},"_links":{"self":[{"href":"https:\/\/baralivres.ma\/index.php?rest_route=\/wp\/v2\/product\/23414","targetHints":{"allow":["GET"]}}],"collection":[{"href":"https:\/\/baralivres.ma\/index.php?rest_route=\/wp\/v2\/product"}],"about":[{"href":"https:\/\/baralivres.ma\/index.php?rest_route=\/wp\/v2\/types\/product"}],"replies":[{"embeddable":true,"href":"https:\/\/baralivres.ma\/index.php?rest_route=%2Fwp%2Fv2%2Fcomments&post=23414"}],"version-history":[{"count":1,"href":"https:\/\/baralivres.ma\/index.php?rest_route=\/wp\/v2\/product\/23414\/revisions"}],"predecessor-version":[{"id":23415,"href":"https:\/\/baralivres.ma\/index.php?rest_route=\/wp\/v2\/product\/23414\/revisions\/23415"}],"wp:featuredmedia":[{"embeddable":true,"href":"https:\/\/baralivres.ma\/index.php?rest_route=\/wp\/v2\/media\/23416"}],"wp:attachment":[{"href":"https:\/\/baralivres.ma\/index.php?rest_route=%2Fwp%2Fv2%2Fmedia&parent=23414"}],"wp:term":[{"taxonomy":"product_cat","embeddable":true,"href":"https:\/\/baralivres.ma\/index.php?rest_route=%2Fwp%2Fv2%2Fproduct_cat&post=23414"},{"taxonomy":"product_tag","embeddable":true,"href":"https:\/\/baralivres.ma\/index.php?rest_route=%2Fwp%2Fv2%2Fproduct_tag&post=23414"}],"curies":[{"name":"wp","href":"https:\/\/api.w.org\/{rel}","templated":true}]}}