{"id":23411,"date":"2025-04-11T11:08:55","date_gmt":"2025-04-11T10:08:55","guid":{"rendered":"https:\/\/baralivres.ma\/?post_type=product&#038;p=23411"},"modified":"2025-04-11T11:08:55","modified_gmt":"2025-04-11T10:08:55","slug":"23411","status":"publish","type":"product","link":"https:\/\/baralivres.ma\/?product=23411","title":{"rendered":""},"content":{"rendered":"<p><strong data-start=\"0\" data-end=\"44\" data-is-only-node=\"\">Team. S\u2019organiser pour r\u00e9ussir en \u00e9quipe<\/strong> est un livre de David Allen et Edward Lamont qui adapte la c\u00e9l\u00e8bre m\u00e9thode <strong data-start=\"120\" data-end=\"150\">GTD\u00ae (Getting Things Done)<\/strong> \u00e0 la gestion du travail en \u00e9quipe. Il propose des strat\u00e9gies pour clarifier les r\u00f4les, optimiser la collaboration, d\u00e9l\u00e9guer efficacement et r\u00e9duire la pression collective. En int\u00e9grant les outils num\u00e9riques et les nouvelles formes de travail (distanciel, hybride), cet ouvrage aide les managers et \u00e9quipes \u00e0 am\u00e9liorer leur productivit\u00e9 tout en pr\u00e9servant l\u2019\u00e9quilibre et l\u2019efficacit\u00e9.<\/p>\n<h3 class=\"\" data-start=\"161\" data-end=\"182\">Objectif du livre<\/h3>\n<p class=\"\" data-start=\"184\" data-end=\"265\"><span class=\"relative -mx-px my-[-0.2rem] rounded px-px py-[0.2rem] transition-colors duration-100 ease-in-out\">L&rsquo;ouvrage vise \u00e0 transposer les principes de la m\u00e9thode GTD\u00ae au travail en \u00e9quipe, en fournissant des outils pour :<\/span>\u200b<\/p>\n<ul data-start=\"267\" data-end=\"874\">\n<li class=\"\" data-start=\"267\" data-end=\"350\">\n<p class=\"\" data-start=\"269\" data-end=\"350\"><span class=\"relative -mx-px my-[-0.2rem] rounded px-px py-[0.2rem] transition-colors duration-100 ease-in-out\">Clarifier les r\u00f4les et responsabilit\u00e9s de chacun.<\/span>\u200b<\/p>\n<\/li>\n<li class=\"\" data-start=\"351\" data-end=\"434\">\n<p class=\"\" data-start=\"353\" data-end=\"434\"><span class=\"relative -mx-px my-[-0.2rem] rounded px-px py-[0.2rem] transition-colors duration-100 ease-in-out\">\u00c9tablir des objectifs communs.<\/span>\u200b<\/p>\n<\/li>\n<li class=\"\" data-start=\"435\" data-end=\"522\">\n<p class=\"\" data-start=\"437\" data-end=\"522\"><span class=\"relative -mx-px my-[-0.2rem] rounded px-px py-[0.2rem] transition-colors duration-100 ease-in-out\">D\u00e9l\u00e9guer efficacement.<\/span><\/p>\n<\/li>\n<li class=\"\" data-start=\"523\" data-end=\"610\">\n<p class=\"\" data-start=\"525\" data-end=\"610\"><span class=\"relative -mx-px my-[-0.2rem] rounded px-px py-[0.2rem] transition-colors duration-100 ease-in-out\">G\u00e9rer la charge de travail collective.<\/span>\u200b<\/p>\n<\/li>\n<li class=\"\" data-start=\"611\" data-end=\"698\">\n<p class=\"\" data-start=\"613\" data-end=\"698\"><span class=\"relative -mx-px my-[-0.2rem] rounded px-px py-[0.2rem] transition-colors duration-100 ease-in-out\">R\u00e9duire la pression au sein des \u00e9quipes.<\/span>\u200b<\/p>\n<\/li>\n<li class=\"\" data-start=\"699\" data-end=\"786\">\n<p class=\"\" data-start=\"701\" data-end=\"786\"><span class=\"relative -mx-px my-[-0.2rem] rounded px-px py-[0.2rem] transition-colors duration-100 ease-in-out\">Int\u00e9grer les outils technologiques modernes.<\/span><\/p>\n<\/li>\n<\/ul>\n","protected":false},"excerpt":{"rendered":"<p><strong data-start=\"0\" data-end=\"44\" data-is-only-node=\"\">Team. S\u2019organiser pour r\u00e9ussir en \u00e9quipe<\/strong> adapte la m\u00e9thode <strong data-start=\"63\" data-end=\"71\">GTD\u00ae<\/strong> \u00e0 la collaboration en \u00e9quipe, en optimisant organisation, d\u00e9l\u00e9gation et efficacit\u00e9 collective.<\/p>\n","protected":false},"featured_media":23412,"comment_status":"open","ping_status":"closed","template":"","meta":{"inline_featured_image":false},"product_cat":[3896,3677,91],"product_tag":[],"class_list":{"0":"post-23411","1":"product","2":"type-product","3":"status-publish","4":"has-post-thumbnail","6":"product_cat-developpement-francais","7":"product_cat-les-livres-pour-business","8":"product_cat-developpement","9":"pa_auteurs-david-allen","10":"pa_auteurs-edward-lamont","12":"first","13":"instock","14":"shipping-taxable","15":"purchasable","16":"product-type-simple"},"_links":{"self":[{"href":"https:\/\/baralivres.ma\/index.php?rest_route=\/wp\/v2\/product\/23411","targetHints":{"allow":["GET"]}}],"collection":[{"href":"https:\/\/baralivres.ma\/index.php?rest_route=\/wp\/v2\/product"}],"about":[{"href":"https:\/\/baralivres.ma\/index.php?rest_route=\/wp\/v2\/types\/product"}],"replies":[{"embeddable":true,"href":"https:\/\/baralivres.ma\/index.php?rest_route=%2Fwp%2Fv2%2Fcomments&post=23411"}],"version-history":[{"count":1,"href":"https:\/\/baralivres.ma\/index.php?rest_route=\/wp\/v2\/product\/23411\/revisions"}],"predecessor-version":[{"id":23413,"href":"https:\/\/baralivres.ma\/index.php?rest_route=\/wp\/v2\/product\/23411\/revisions\/23413"}],"wp:featuredmedia":[{"embeddable":true,"href":"https:\/\/baralivres.ma\/index.php?rest_route=\/wp\/v2\/media\/23412"}],"wp:attachment":[{"href":"https:\/\/baralivres.ma\/index.php?rest_route=%2Fwp%2Fv2%2Fmedia&parent=23411"}],"wp:term":[{"taxonomy":"product_cat","embeddable":true,"href":"https:\/\/baralivres.ma\/index.php?rest_route=%2Fwp%2Fv2%2Fproduct_cat&post=23411"},{"taxonomy":"product_tag","embeddable":true,"href":"https:\/\/baralivres.ma\/index.php?rest_route=%2Fwp%2Fv2%2Fproduct_tag&post=23411"}],"curies":[{"name":"wp","href":"https:\/\/api.w.org\/{rel}","templated":true}]}}