{"id":23408,"date":"2025-04-11T10:58:45","date_gmt":"2025-04-11T09:58:45","guid":{"rendered":"https:\/\/baralivres.ma\/?post_type=product&#038;p=23408"},"modified":"2025-04-11T10:58:45","modified_gmt":"2025-04-11T09:58:45","slug":"leadership-strategie-et-tactique","status":"publish","type":"product","link":"https:\/\/baralivres.ma\/?product=leadership-strategie-et-tactique","title":{"rendered":"leadership, Strat\u00e9gie et Tactique"},"content":{"rendered":"<p class=\"\" data-start=\"69\" data-end=\"355\">Ce livre est un guide pratique sur le leadership, bas\u00e9 sur l\u2019exp\u00e9rience de Jocko Willink en tant qu\u2019officier des Navy SEALs et consultant en leadership. Il offre des strat\u00e9gies concr\u00e8tes et des tactiques applicables dans divers contextes : entreprise, arm\u00e9e, sport ou vie personnelle.<\/p>\n<p class=\"\" data-start=\"357\" data-end=\"510\">L\u2019auteur explique que le leadership repose sur la responsabilit\u00e9, la discipline et la capacit\u00e9 \u00e0 inspirer les autres. Il aborde des th\u00e8mes cl\u00e9s comme :<\/p>\n<ul data-start=\"511\" data-end=\"695\">\n<li class=\"\" data-start=\"511\" data-end=\"566\">\n<p class=\"\" data-start=\"513\" data-end=\"566\">La gestion des conflits et des d\u00e9cisions difficiles<\/p>\n<\/li>\n<li class=\"\" data-start=\"567\" data-end=\"609\">\n<p class=\"\" data-start=\"569\" data-end=\"609\">L\u2019\u00e9quilibre entre autorit\u00e9 et humilit\u00e9<\/p>\n<\/li>\n<li class=\"\" data-start=\"610\" data-end=\"639\">\n<p class=\"\" data-start=\"612\" data-end=\"639\">L\u2019adaptation aux impr\u00e9vus<\/p>\n<\/li>\n<li class=\"\" data-start=\"640\" data-end=\"695\">\n<p class=\"\" data-start=\"642\" data-end=\"695\">L\u2019importance de la communication claire et efficace<\/p>\n<\/li>\n<\/ul>\n<p class=\"\" data-start=\"697\" data-end=\"986\">Gr\u00e2ce \u00e0 des exemples concrets et un style direct, Jocko Willink fournit des conseils actionnables pour aider les leaders \u00e0 \u00eatre plus efficaces et respect\u00e9s. Ce livre est une ressource pr\u00e9cieuse pour toute personne cherchant \u00e0 renforcer ses comp\u00e9tences en leadership et en gestion d\u2019\u00e9quipe.<\/p>\n","protected":false},"excerpt":{"rendered":"<p>Dans <em data-start=\"27\" data-end=\"62\">Leadership, Strat\u00e9gie et Tactique<\/em>, Jocko Willink partage des principes de leadership issus de son exp\u00e9rience militaire et professionnelle. Il explique comment prendre des d\u00e9cisions sous pression, g\u00e9rer les conflits, communiquer efficacement et inspirer son \u00e9quipe. Un guide pratique pour devenir un leader respect\u00e9 et efficace.<\/p>\n","protected":false},"featured_media":23409,"comment_status":"open","ping_status":"closed","template":"","meta":{"inline_featured_image":false},"product_cat":[3896,91],"product_tag":[],"class_list":{"0":"post-23408","1":"product","2":"type-product","3":"status-publish","4":"has-post-thumbnail","6":"product_cat-developpement-francais","7":"product_cat-developpement","8":"pa_auteurs-jocko-willink","10":"first","11":"instock","12":"shipping-taxable","13":"purchasable","14":"product-type-simple"},"_links":{"self":[{"href":"https:\/\/baralivres.ma\/index.php?rest_route=\/wp\/v2\/product\/23408","targetHints":{"allow":["GET"]}}],"collection":[{"href":"https:\/\/baralivres.ma\/index.php?rest_route=\/wp\/v2\/product"}],"about":[{"href":"https:\/\/baralivres.ma\/index.php?rest_route=\/wp\/v2\/types\/product"}],"replies":[{"embeddable":true,"href":"https:\/\/baralivres.ma\/index.php?rest_route=%2Fwp%2Fv2%2Fcomments&post=23408"}],"version-history":[{"count":1,"href":"https:\/\/baralivres.ma\/index.php?rest_route=\/wp\/v2\/product\/23408\/revisions"}],"predecessor-version":[{"id":23410,"href":"https:\/\/baralivres.ma\/index.php?rest_route=\/wp\/v2\/product\/23408\/revisions\/23410"}],"wp:featuredmedia":[{"embeddable":true,"href":"https:\/\/baralivres.ma\/index.php?rest_route=\/wp\/v2\/media\/23409"}],"wp:attachment":[{"href":"https:\/\/baralivres.ma\/index.php?rest_route=%2Fwp%2Fv2%2Fmedia&parent=23408"}],"wp:term":[{"taxonomy":"product_cat","embeddable":true,"href":"https:\/\/baralivres.ma\/index.php?rest_route=%2Fwp%2Fv2%2Fproduct_cat&post=23408"},{"taxonomy":"product_tag","embeddable":true,"href":"https:\/\/baralivres.ma\/index.php?rest_route=%2Fwp%2Fv2%2Fproduct_tag&post=23408"}],"curies":[{"name":"wp","href":"https:\/\/api.w.org\/{rel}","templated":true}]}}