{"id":23405,"date":"2025-04-11T10:44:38","date_gmt":"2025-04-11T09:44:38","guid":{"rendered":"https:\/\/baralivres.ma\/?post_type=product&#038;p=23405"},"modified":"2025-04-11T10:44:38","modified_gmt":"2025-04-11T09:44:38","slug":"cette-douleur-nest-pas-la-mienne","status":"publish","type":"product","link":"https:\/\/baralivres.ma\/?product=cette-douleur-nest-pas-la-mienne","title":{"rendered":"Cette Douleur n&rsquo;est pas la mienne"},"content":{"rendered":"<p class=\"\" data-start=\"0\" data-end=\"386\"><em data-start=\"0\" data-end=\"37\">ette douleur n\u2019est pas la mienne\u00a0\u00bb<\/em> de <strong data-start=\"41\" data-end=\"56\">Mark Wolynn<\/strong> est un ouvrage fascinant sur la transmission des traumatismes familiaux \u00e0 travers les g\u00e9n\u00e9rations. S&rsquo;appuyant sur des recherches en \u00e9pig\u00e9n\u00e9tique, en neurosciences et en th\u00e9rapie transg\u00e9n\u00e9rationnelle, l\u2019auteur explique comment des blessures non r\u00e9solues de nos anc\u00eatres peuvent influencer notre bien-\u00eatre \u00e9motionnel et physique.<\/p>\n<p class=\"\" data-start=\"388\" data-end=\"686\">Gr\u00e2ce \u00e0 des t\u00e9moignages et des exercices pratiques, <strong data-start=\"440\" data-end=\"455\">Mark Wolynn<\/strong> propose une m\u00e9thode pour identifier ces h\u00e9ritages invisibles et s\u2019en lib\u00e9rer. Ce livre est une ressource pr\u00e9cieuse pour ceux qui souhaitent comprendre l\u2019origine profonde de certaines souffrances et amorcer un chemin de gu\u00e9rison.<\/p>\n<p class=\"\" data-start=\"688\" data-end=\"782\">C\u2019est un guide puissant pour briser les sch\u00e9mas familiaux et retrouver un bien-\u00eatre personnel.<\/p>\n","protected":false},"excerpt":{"rendered":"<p><em data-start=\"0\" data-end=\"37\" data-is-only-node=\"\">Cette douleur n\u2019est pas la mienne\u00a0\u00bb<\/em> de <strong data-start=\"41\" data-end=\"56\">Mark Wolynn<\/strong> explore la transmission des traumatismes familiaux \u00e0 travers les g\u00e9n\u00e9rations. S\u2019appuyant sur la science et la th\u00e9rapie transg\u00e9n\u00e9rationnelle, l\u2019auteur propose des outils pour identifier et surmonter ces blessures h\u00e9rit\u00e9es. Un guide puissant pour se lib\u00e9rer des souffrances du pass\u00e9.<\/p>\n","protected":false},"featured_media":23406,"comment_status":"open","ping_status":"closed","template":"","meta":{"inline_featured_image":false},"product_cat":[3896,91],"product_tag":[],"class_list":{"0":"post-23405","1":"product","2":"type-product","3":"status-publish","4":"has-post-thumbnail","6":"product_cat-developpement-francais","7":"product_cat-developpement","8":"pa_auteurs-mark-wolynn","10":"first","11":"instock","12":"shipping-taxable","13":"purchasable","14":"product-type-simple"},"_links":{"self":[{"href":"https:\/\/baralivres.ma\/index.php?rest_route=\/wp\/v2\/product\/23405","targetHints":{"allow":["GET"]}}],"collection":[{"href":"https:\/\/baralivres.ma\/index.php?rest_route=\/wp\/v2\/product"}],"about":[{"href":"https:\/\/baralivres.ma\/index.php?rest_route=\/wp\/v2\/types\/product"}],"replies":[{"embeddable":true,"href":"https:\/\/baralivres.ma\/index.php?rest_route=%2Fwp%2Fv2%2Fcomments&post=23405"}],"version-history":[{"count":1,"href":"https:\/\/baralivres.ma\/index.php?rest_route=\/wp\/v2\/product\/23405\/revisions"}],"predecessor-version":[{"id":23407,"href":"https:\/\/baralivres.ma\/index.php?rest_route=\/wp\/v2\/product\/23405\/revisions\/23407"}],"wp:featuredmedia":[{"embeddable":true,"href":"https:\/\/baralivres.ma\/index.php?rest_route=\/wp\/v2\/media\/23406"}],"wp:attachment":[{"href":"https:\/\/baralivres.ma\/index.php?rest_route=%2Fwp%2Fv2%2Fmedia&parent=23405"}],"wp:term":[{"taxonomy":"product_cat","embeddable":true,"href":"https:\/\/baralivres.ma\/index.php?rest_route=%2Fwp%2Fv2%2Fproduct_cat&post=23405"},{"taxonomy":"product_tag","embeddable":true,"href":"https:\/\/baralivres.ma\/index.php?rest_route=%2Fwp%2Fv2%2Fproduct_tag&post=23405"}],"curies":[{"name":"wp","href":"https:\/\/api.w.org\/{rel}","templated":true}]}}