{"id":23360,"date":"2025-03-20T12:13:11","date_gmt":"2025-03-20T11:13:11","guid":{"rendered":"https:\/\/baralivres.ma\/?post_type=product&#038;p=23360"},"modified":"2025-03-20T12:13:12","modified_gmt":"2025-03-20T11:13:12","slug":"guerir-de-la-blessure-de-rejet","status":"publish","type":"product","link":"https:\/\/baralivres.ma\/?product=guerir-de-la-blessure-de-rejet","title":{"rendered":"Gu\u00e9rir de la blessure de rejet"},"content":{"rendered":"<p><strong data-start=\"0\" data-end=\"36\" data-is-only-node=\"\">Gu\u00e9rir de la blessure de rejet<\/strong>\u00a0de <strong data-start=\"40\" data-end=\"57\">Lise Bourbeau<\/strong> aide \u00e0 comprendre et \u00e0 surmonter la blessure du rejet. \u00c0 travers des explications claires et des outils pratiques, l\u2019auteure guide le lecteur vers l\u2019acceptation de soi et la transformation int\u00e9rieure pour retrouver confiance et \u00e9panouissement.<\/p>\n","protected":false},"excerpt":{"rendered":"<p><strong data-start=\"0\" data-end=\"36\" data-is-only-node=\"\">Gu\u00e9rir de la blessure de rejet<\/strong>\u00a0de <strong data-start=\"40\" data-end=\"57\">Lise Bourbeau<\/strong> offre des cl\u00e9s pour comprendre, accepter et surmonter cette blessure afin de retrouver confiance en soi.<\/p>\n","protected":false},"featured_media":23361,"comment_status":"open","ping_status":"closed","template":"","meta":{"inline_featured_image":false},"product_cat":[3896,91],"product_tag":[],"class_list":{"0":"post-23360","1":"product","2":"type-product","3":"status-publish","4":"has-post-thumbnail","6":"product_cat-developpement-francais","7":"product_cat-developpement","8":"pa_auteurs-lise-bourbeau","10":"first","11":"instock","12":"shipping-taxable","13":"purchasable","14":"product-type-simple"},"_links":{"self":[{"href":"https:\/\/baralivres.ma\/index.php?rest_route=\/wp\/v2\/product\/23360","targetHints":{"allow":["GET"]}}],"collection":[{"href":"https:\/\/baralivres.ma\/index.php?rest_route=\/wp\/v2\/product"}],"about":[{"href":"https:\/\/baralivres.ma\/index.php?rest_route=\/wp\/v2\/types\/product"}],"replies":[{"embeddable":true,"href":"https:\/\/baralivres.ma\/index.php?rest_route=%2Fwp%2Fv2%2Fcomments&post=23360"}],"version-history":[{"count":1,"href":"https:\/\/baralivres.ma\/index.php?rest_route=\/wp\/v2\/product\/23360\/revisions"}],"predecessor-version":[{"id":23362,"href":"https:\/\/baralivres.ma\/index.php?rest_route=\/wp\/v2\/product\/23360\/revisions\/23362"}],"wp:featuredmedia":[{"embeddable":true,"href":"https:\/\/baralivres.ma\/index.php?rest_route=\/wp\/v2\/media\/23361"}],"wp:attachment":[{"href":"https:\/\/baralivres.ma\/index.php?rest_route=%2Fwp%2Fv2%2Fmedia&parent=23360"}],"wp:term":[{"taxonomy":"product_cat","embeddable":true,"href":"https:\/\/baralivres.ma\/index.php?rest_route=%2Fwp%2Fv2%2Fproduct_cat&post=23360"},{"taxonomy":"product_tag","embeddable":true,"href":"https:\/\/baralivres.ma\/index.php?rest_route=%2Fwp%2Fv2%2Fproduct_tag&post=23360"}],"curies":[{"name":"wp","href":"https:\/\/api.w.org\/{rel}","templated":true}]}}