{"id":23357,"date":"2025-03-20T12:06:57","date_gmt":"2025-03-20T11:06:57","guid":{"rendered":"https:\/\/baralivres.ma\/?post_type=product&#038;p=23357"},"modified":"2025-03-20T12:06:58","modified_gmt":"2025-03-20T11:06:58","slug":"de-zero-a-un","status":"publish","type":"product","link":"https:\/\/baralivres.ma\/?product=de-zero-a-un","title":{"rendered":"De Z\u00e9ro \u00e0 Un"},"content":{"rendered":"<p><strong data-start=\"0\" data-end=\"48\" data-is-only-node=\"\">De z\u00e9ro \u00e0 un : Comment construire le futur\u00a0\u00bb<\/strong> de <strong data-start=\"52\" data-end=\"67\">Peter Thiel<\/strong> est un guide incontournable pour les entrepreneurs et innovateurs. L\u2019auteur, cofondateur de PayPal, y partage sa vision sur la cr\u00e9ation d\u2019entreprises uniques et r\u00e9volutionnaires. Il explique pourquoi il vaut mieux inventer quelque chose de nouveau (passer de 0 \u00e0 1) plut\u00f4t que d\u2019am\u00e9liorer l\u2019existant (passer de 1 \u00e0 n). Avec des conseils concrets, il invite \u00e0 penser diff\u00e9remment pour b\u00e2tir l\u2019avenir<\/p>\n","protected":false},"excerpt":{"rendered":"<p><strong data-start=\"0\" data-end=\"18\" data-is-only-node=\"\">De z\u00e9ro \u00e0 un\u00a0\u00bb<\/strong> de <strong data-start=\"22\" data-end=\"37\">Peter Thiel<\/strong> est un guide pour innover et cr\u00e9er des entreprises uniques. Il encourage \u00e0 inventer plut\u00f4t qu&rsquo;\u00e0 am\u00e9liorer l&rsquo;existant pour b\u00e2tir le futur.<\/p>\n","protected":false},"featured_media":23358,"comment_status":"open","ping_status":"closed","template":"","meta":{"inline_featured_image":false},"product_cat":[3896,91],"product_tag":[],"class_list":{"0":"post-23357","1":"product","2":"type-product","3":"status-publish","4":"has-post-thumbnail","6":"product_cat-developpement-francais","7":"product_cat-developpement","8":"pa_auteurs-peter-thiel","10":"first","11":"instock","12":"shipping-taxable","13":"purchasable","14":"product-type-simple"},"_links":{"self":[{"href":"https:\/\/baralivres.ma\/index.php?rest_route=\/wp\/v2\/product\/23357","targetHints":{"allow":["GET"]}}],"collection":[{"href":"https:\/\/baralivres.ma\/index.php?rest_route=\/wp\/v2\/product"}],"about":[{"href":"https:\/\/baralivres.ma\/index.php?rest_route=\/wp\/v2\/types\/product"}],"replies":[{"embeddable":true,"href":"https:\/\/baralivres.ma\/index.php?rest_route=%2Fwp%2Fv2%2Fcomments&post=23357"}],"version-history":[{"count":1,"href":"https:\/\/baralivres.ma\/index.php?rest_route=\/wp\/v2\/product\/23357\/revisions"}],"predecessor-version":[{"id":23359,"href":"https:\/\/baralivres.ma\/index.php?rest_route=\/wp\/v2\/product\/23357\/revisions\/23359"}],"wp:featuredmedia":[{"embeddable":true,"href":"https:\/\/baralivres.ma\/index.php?rest_route=\/wp\/v2\/media\/23358"}],"wp:attachment":[{"href":"https:\/\/baralivres.ma\/index.php?rest_route=%2Fwp%2Fv2%2Fmedia&parent=23357"}],"wp:term":[{"taxonomy":"product_cat","embeddable":true,"href":"https:\/\/baralivres.ma\/index.php?rest_route=%2Fwp%2Fv2%2Fproduct_cat&post=23357"},{"taxonomy":"product_tag","embeddable":true,"href":"https:\/\/baralivres.ma\/index.php?rest_route=%2Fwp%2Fv2%2Fproduct_tag&post=23357"}],"curies":[{"name":"wp","href":"https:\/\/api.w.org\/{rel}","templated":true}]}}