{"id":23353,"date":"2025-03-20T11:57:52","date_gmt":"2025-03-20T10:57:52","guid":{"rendered":"https:\/\/baralivres.ma\/?post_type=product&#038;p=23353"},"modified":"2025-03-20T11:57:52","modified_gmt":"2025-03-20T10:57:52","slug":"etats-modifies-de-conscience","status":"publish","type":"product","link":"https:\/\/baralivres.ma\/?product=etats-modifies-de-conscience","title":{"rendered":"\u00c9tats Modifi\u00e9s de Conscience"},"content":{"rendered":"<p data-start=\"0\" data-end=\"191\"><strong data-start=\"0\" data-end=\"34\">\u00c9tats Modifi\u00e9s de Conscience\u00a0\u00bb<\/strong> de <strong data-start=\"38\" data-end=\"59\">Sylvie D\u00e9thiollaz<\/strong> et <strong data-start=\"63\" data-end=\"90\" data-is-only-node=\"\">Claude Charles Fourrier<\/strong> est un ouvrage fascinant qui explore les exp\u00e9riences hors du commun li\u00e9es \u00e0 la conscience humaine.<\/p>\n<p data-start=\"193\" data-end=\"645\">Les auteurs, sp\u00e9cialis\u00e9s en sciences et en psychologie, se penchent sur des ph\u00e9nom\u00e8nes tels que les exp\u00e9riences de mort imminente (EMI), les sorties hors du corps, la m\u00e9diumnit\u00e9 et d&rsquo;autres \u00e9tats modifi\u00e9s de conscience. \u00c0 travers des recherches approfondies et des t\u00e9moignages saisissants, ils analysent ces exp\u00e9riences sous un angle scientifique et philosophique, cherchant \u00e0 comprendre leur nature et leur impact sur notre perception de la r\u00e9alit\u00e9.<\/p>\n<p data-start=\"647\" data-end=\"812\" data-is-last-node=\"\" data-is-only-node=\"\">Ce livre s&rsquo;adresse aux passionn\u00e9s de neurosciences, de spiritualit\u00e9 et de ph\u00e9nom\u00e8nes inexpliqu\u00e9s, offrant une r\u00e9flexion profonde sur les myst\u00e8res de l&rsquo;esprit humain.<\/p>\n","protected":false},"excerpt":{"rendered":"<p><strong data-start=\"0\" data-end=\"34\" data-is-only-node=\"\">\u00c9tats Modifi\u00e9s de Conscience\u00a0\u00bb<\/strong> de <strong data-start=\"38\" data-end=\"59\">Sylvie D\u00e9thiollaz<\/strong> et <strong data-start=\"63\" data-end=\"90\">Claude Charles Fourrier<\/strong> explore les exp\u00e9riences hors du corps, les EMI et d&rsquo;autres ph\u00e9nom\u00e8nes fascinants. \u00c0 travers une approche scientifique et des t\u00e9moignages, les auteurs analysent ces \u00e9tats pour mieux comprendre la nature de la conscience.<\/p>\n","protected":false},"featured_media":23355,"comment_status":"open","ping_status":"closed","template":"","meta":{"inline_featured_image":false},"product_cat":[3673],"product_tag":[],"class_list":{"0":"post-23353","1":"product","2":"type-product","3":"status-publish","4":"has-post-thumbnail","6":"product_cat-aventire-secrete","7":"pa_auteurs-sylvie-dethiollaz-claude-charles-fourrier","9":"first","10":"instock","11":"shipping-taxable","12":"purchasable","13":"product-type-simple"},"_links":{"self":[{"href":"https:\/\/baralivres.ma\/index.php?rest_route=\/wp\/v2\/product\/23353","targetHints":{"allow":["GET"]}}],"collection":[{"href":"https:\/\/baralivres.ma\/index.php?rest_route=\/wp\/v2\/product"}],"about":[{"href":"https:\/\/baralivres.ma\/index.php?rest_route=\/wp\/v2\/types\/product"}],"replies":[{"embeddable":true,"href":"https:\/\/baralivres.ma\/index.php?rest_route=%2Fwp%2Fv2%2Fcomments&post=23353"}],"version-history":[{"count":1,"href":"https:\/\/baralivres.ma\/index.php?rest_route=\/wp\/v2\/product\/23353\/revisions"}],"predecessor-version":[{"id":23356,"href":"https:\/\/baralivres.ma\/index.php?rest_route=\/wp\/v2\/product\/23353\/revisions\/23356"}],"wp:featuredmedia":[{"embeddable":true,"href":"https:\/\/baralivres.ma\/index.php?rest_route=\/wp\/v2\/media\/23355"}],"wp:attachment":[{"href":"https:\/\/baralivres.ma\/index.php?rest_route=%2Fwp%2Fv2%2Fmedia&parent=23353"}],"wp:term":[{"taxonomy":"product_cat","embeddable":true,"href":"https:\/\/baralivres.ma\/index.php?rest_route=%2Fwp%2Fv2%2Fproduct_cat&post=23353"},{"taxonomy":"product_tag","embeddable":true,"href":"https:\/\/baralivres.ma\/index.php?rest_route=%2Fwp%2Fv2%2Fproduct_tag&post=23353"}],"curies":[{"name":"wp","href":"https:\/\/api.w.org\/{rel}","templated":true}]}}