{"id":23350,"date":"2025-03-20T11:48:51","date_gmt":"2025-03-20T10:48:51","guid":{"rendered":"https:\/\/baralivres.ma\/?post_type=product&#038;p=23350"},"modified":"2025-03-20T11:48:51","modified_gmt":"2025-03-20T10:48:51","slug":"zero-contrainte-pour-rester-jeune","status":"publish","type":"product","link":"https:\/\/baralivres.ma\/?product=zero-contrainte-pour-rester-jeune","title":{"rendered":"Z\u00e9ro Contrainte Pour Rester Jeune"},"content":{"rendered":"<p><strong data-start=\"0\" data-end=\"37\" data-is-only-node=\"\">Z\u00e9ro contrainte pour rester jeune<\/strong> du Dr Jimmy Mohamed propose 35 astuces simples et scientifiquement valid\u00e9es pour vivre plus longtemps en bonne sant\u00e9. \u00c0 travers des conseils pratiques, il montre qu\u2019il n\u2019est jamais trop tard pour adopter de bonnes habitudes et am\u00e9liorer son bien-\u00eatre au quotidien.<\/p>\n","protected":false},"excerpt":{"rendered":"<p><strong data-start=\"0\" data-end=\"37\" data-is-only-node=\"\">Z\u00e9ro contrainte pour rester jeune<\/strong> du Dr Jimmy Mohamed offre 35 astuces simples pour rester en bonne sant\u00e9 et bien vieillir sans effort.<\/p>\n","protected":false},"featured_media":23351,"comment_status":"open","ping_status":"closed","template":"","meta":{"inline_featured_image":false},"product_cat":[15],"product_tag":[],"class_list":{"0":"post-23350","1":"product","2":"type-product","3":"status-publish","4":"has-post-thumbnail","6":"product_cat-uncategorized","7":"pa_auteurs-jimmy-mohamed","9":"first","10":"instock","11":"shipping-taxable","12":"purchasable","13":"product-type-simple"},"_links":{"self":[{"href":"https:\/\/baralivres.ma\/index.php?rest_route=\/wp\/v2\/product\/23350","targetHints":{"allow":["GET"]}}],"collection":[{"href":"https:\/\/baralivres.ma\/index.php?rest_route=\/wp\/v2\/product"}],"about":[{"href":"https:\/\/baralivres.ma\/index.php?rest_route=\/wp\/v2\/types\/product"}],"replies":[{"embeddable":true,"href":"https:\/\/baralivres.ma\/index.php?rest_route=%2Fwp%2Fv2%2Fcomments&post=23350"}],"version-history":[{"count":1,"href":"https:\/\/baralivres.ma\/index.php?rest_route=\/wp\/v2\/product\/23350\/revisions"}],"predecessor-version":[{"id":23352,"href":"https:\/\/baralivres.ma\/index.php?rest_route=\/wp\/v2\/product\/23350\/revisions\/23352"}],"wp:featuredmedia":[{"embeddable":true,"href":"https:\/\/baralivres.ma\/index.php?rest_route=\/wp\/v2\/media\/23351"}],"wp:attachment":[{"href":"https:\/\/baralivres.ma\/index.php?rest_route=%2Fwp%2Fv2%2Fmedia&parent=23350"}],"wp:term":[{"taxonomy":"product_cat","embeddable":true,"href":"https:\/\/baralivres.ma\/index.php?rest_route=%2Fwp%2Fv2%2Fproduct_cat&post=23350"},{"taxonomy":"product_tag","embeddable":true,"href":"https:\/\/baralivres.ma\/index.php?rest_route=%2Fwp%2Fv2%2Fproduct_tag&post=23350"}],"curies":[{"name":"wp","href":"https:\/\/api.w.org\/{rel}","templated":true}]}}