{"id":23340,"date":"2025-03-17T13:14:31","date_gmt":"2025-03-17T12:14:31","guid":{"rendered":"https:\/\/baralivres.ma\/?post_type=product&#038;p=23340"},"modified":"2025-03-17T13:14:31","modified_gmt":"2025-03-17T12:14:31","slug":"baby-firsts","status":"publish","type":"product","link":"https:\/\/baralivres.ma\/?product=baby-firsts","title":{"rendered":"Baby Firsts"},"content":{"rendered":"<p data-start=\"0\" data-end=\"181\">La collection <strong data-start=\"14\" data-end=\"29\">Baby Firsts<\/strong> est une s\u00e9rie de livres d&rsquo;\u00e9veil destin\u00e9e aux tout-petits pour leur faire d\u00e9couvrir le monde qui les entoure \u00e0 travers des images et des mots simples.<\/p>\n<p data-start=\"183\" data-end=\"394\">\ud83c\udf3f <strong data-start=\"186\" data-end=\"217\">Th\u00e8mes vari\u00e9s et attrayants<\/strong> : Chaque livre explore un aspect sp\u00e9cifique de la ferme et de ses habitants, offrant une premi\u00e8re introduction aux animaux, aux sons, aux aliments et \u00e0 l\u2019environnement rural.<\/p>\n<p data-start=\"396\" data-end=\"929\">\ud83d\udcda <strong data-start=\"399\" data-end=\"426\">Titres de la collection<\/strong> :<br data-start=\"428\" data-end=\"431\" \/>\ud83d\udd39 <em data-start=\"434\" data-end=\"449\" data-is-only-node=\"\">Animal Babies<\/em> \u2013 Une d\u00e9couverte attendrissante des b\u00e9b\u00e9s animaux.<br data-start=\"500\" data-end=\"503\" \/>\ud83d\udd39 <em data-start=\"506\" data-end=\"523\">Around the Farm<\/em> \u2013 Une promenade immersive \u00e0 travers la ferme et ses diff\u00e9rentes parties.<br data-start=\"596\" data-end=\"599\" \/>\ud83d\udd39 <em data-start=\"602\" data-end=\"616\">Farm Animals<\/em> \u2013 Une pr\u00e9sentation des animaux qui peuplent la ferme.<br data-start=\"670\" data-end=\"673\" \/>\ud83d\udd39 <em data-start=\"676\" data-end=\"688\">Farm Birds<\/em> \u2013 Un focus sur les oiseaux de la ferme et leurs caract\u00e9ristiques.<br data-start=\"754\" data-end=\"757\" \/>\ud83d\udd39 <em data-start=\"760\" data-end=\"772\">Farm Foods<\/em> \u2013 Une introduction aux aliments produits \u00e0 la ferme.<br data-start=\"825\" data-end=\"828\" \/>\ud83d\udd39 <em data-start=\"831\" data-end=\"844\">Farm Noises<\/em> \u2013 Un livre interactif qui fait d\u00e9couvrir aux petits les sons typiques de la ferme.<\/p>\n","protected":false},"excerpt":{"rendered":"<p>La collection <strong data-start=\"14\" data-end=\"29\">Baby Firsts<\/strong> initie les tout-petits \u00e0 la vie \u00e0 la ferme \u00e0 travers des images color\u00e9es et des mots simples. Chaque livre explore un th\u00e8me sp\u00e9cifique : b\u00e9b\u00e9s animaux, lieux de la ferme, animaux, oiseaux, aliments et sons. Id\u00e9al pour l\u2019\u00e9veil et l\u2019apprentissage du vocabulaire d\u00e8s le plus jeune \u00e2ge !<\/p>\n","protected":false},"featured_media":23341,"comment_status":"open","ping_status":"closed","template":"","meta":{"inline_featured_image":false},"product_cat":[3951,198],"product_tag":[],"class_list":{"0":"post-23340","1":"product","2":"type-product","3":"status-publish","4":"has-post-thumbnail","6":"product_cat-les-livres-cartonnes-anglais","7":"product_cat-livres-animes","9":"first","10":"instock","11":"shipping-taxable","12":"purchasable","13":"product-type-simple"},"_links":{"self":[{"href":"https:\/\/baralivres.ma\/index.php?rest_route=\/wp\/v2\/product\/23340","targetHints":{"allow":["GET"]}}],"collection":[{"href":"https:\/\/baralivres.ma\/index.php?rest_route=\/wp\/v2\/product"}],"about":[{"href":"https:\/\/baralivres.ma\/index.php?rest_route=\/wp\/v2\/types\/product"}],"replies":[{"embeddable":true,"href":"https:\/\/baralivres.ma\/index.php?rest_route=%2Fwp%2Fv2%2Fcomments&post=23340"}],"version-history":[{"count":1,"href":"https:\/\/baralivres.ma\/index.php?rest_route=\/wp\/v2\/product\/23340\/revisions"}],"predecessor-version":[{"id":23348,"href":"https:\/\/baralivres.ma\/index.php?rest_route=\/wp\/v2\/product\/23340\/revisions\/23348"}],"wp:featuredmedia":[{"embeddable":true,"href":"https:\/\/baralivres.ma\/index.php?rest_route=\/wp\/v2\/media\/23341"}],"wp:attachment":[{"href":"https:\/\/baralivres.ma\/index.php?rest_route=%2Fwp%2Fv2%2Fmedia&parent=23340"}],"wp:term":[{"taxonomy":"product_cat","embeddable":true,"href":"https:\/\/baralivres.ma\/index.php?rest_route=%2Fwp%2Fv2%2Fproduct_cat&post=23340"},{"taxonomy":"product_tag","embeddable":true,"href":"https:\/\/baralivres.ma\/index.php?rest_route=%2Fwp%2Fv2%2Fproduct_tag&post=23340"}],"curies":[{"name":"wp","href":"https:\/\/api.w.org\/{rel}","templated":true}]}}