{"id":23332,"date":"2025-03-17T11:22:26","date_gmt":"2025-03-17T10:22:26","guid":{"rendered":"https:\/\/baralivres.ma\/?post_type=product&#038;p=23332"},"modified":"2025-03-17T11:22:26","modified_gmt":"2025-03-17T10:22:26","slug":"piano-book-play-along-bedtime-lullaby","status":"publish","type":"product","link":"https:\/\/baralivres.ma\/?product=piano-book-play-along-bedtime-lullaby","title":{"rendered":"Piano Book: Play Along Bedtime Lullaby"},"content":{"rendered":"<p><strong data-start=\"1\" data-end=\"43\">Piano Book: Play Along Bedtime Lullaby<\/strong>\u00a0\u00bb est un livre musical interactif qui accompagne l&rsquo;enfant avec de douces berceuses. Gr\u00e2ce aux touches de piano int\u00e9gr\u00e9es, il peut jouer et \u00e9couter des m\u00e9lodies apaisantes avant de s&rsquo;endormir. Id\u00e9al pour un moment calme et ludique ! \ud83c\udfb6\u2728<\/p>\n","protected":false},"excerpt":{"rendered":"<p>Un livre musical interactif avec piano pour jouer et \u00e9couter de douces berceuses. \ud83c\udfb6\u2728<\/p>\n","protected":false},"featured_media":23334,"comment_status":"open","ping_status":"closed","template":"","meta":{"inline_featured_image":false},"product_cat":[3948,197,200],"product_tag":[],"class_list":{"0":"post-23332","1":"product","2":"type-product","3":"status-publish","4":"has-post-thumbnail","6":"product_cat-les-livres-sonore-anglais","7":"product_cat-livre-sonore","8":"product_cat-activites","10":"first","11":"instock","12":"shipping-taxable","13":"purchasable","14":"product-type-simple"},"_links":{"self":[{"href":"https:\/\/baralivres.ma\/index.php?rest_route=\/wp\/v2\/product\/23332","targetHints":{"allow":["GET"]}}],"collection":[{"href":"https:\/\/baralivres.ma\/index.php?rest_route=\/wp\/v2\/product"}],"about":[{"href":"https:\/\/baralivres.ma\/index.php?rest_route=\/wp\/v2\/types\/product"}],"replies":[{"embeddable":true,"href":"https:\/\/baralivres.ma\/index.php?rest_route=%2Fwp%2Fv2%2Fcomments&post=23332"}],"version-history":[{"count":1,"href":"https:\/\/baralivres.ma\/index.php?rest_route=\/wp\/v2\/product\/23332\/revisions"}],"predecessor-version":[{"id":23335,"href":"https:\/\/baralivres.ma\/index.php?rest_route=\/wp\/v2\/product\/23332\/revisions\/23335"}],"wp:featuredmedia":[{"embeddable":true,"href":"https:\/\/baralivres.ma\/index.php?rest_route=\/wp\/v2\/media\/23334"}],"wp:attachment":[{"href":"https:\/\/baralivres.ma\/index.php?rest_route=%2Fwp%2Fv2%2Fmedia&parent=23332"}],"wp:term":[{"taxonomy":"product_cat","embeddable":true,"href":"https:\/\/baralivres.ma\/index.php?rest_route=%2Fwp%2Fv2%2Fproduct_cat&post=23332"},{"taxonomy":"product_tag","embeddable":true,"href":"https:\/\/baralivres.ma\/index.php?rest_route=%2Fwp%2Fv2%2Fproduct_tag&post=23332"}],"curies":[{"name":"wp","href":"https:\/\/api.w.org\/{rel}","templated":true}]}}