{"id":23328,"date":"2025-03-17T11:13:42","date_gmt":"2025-03-17T10:13:42","guid":{"rendered":"https:\/\/baralivres.ma\/?post_type=product&#038;p=23328"},"modified":"2025-03-17T11:13:43","modified_gmt":"2025-03-17T10:13:43","slug":"piano-book-skip-to-my-lou-other-songs","status":"publish","type":"product","link":"https:\/\/baralivres.ma\/?product=piano-book-skip-to-my-lou-other-songs","title":{"rendered":"PIANO BOOK &#8211; SKIP TO MY LOU &#038; OTHER SONGS"},"content":{"rendered":"<p>Smart Kids Piano Book &#8211; Skip to My Lou &amp; Other Songs!\u00a0\u00bb est un livre interactif parfait pour initier les enfants au piano. Avec des chansons c\u00e9l\u00e8bres et des touches color\u00e9es, il facilite l\u2019apprentissage en s\u2019amusant ! \ud83c\udfb5\u2728<\/p>\n","protected":false},"excerpt":{"rendered":"<p>Smart Kids Piano Book\u00a0\u00bb aide les enfants \u00e0 jouer des chansons avec un clavier color\u00e9 et facile \u00e0 utiliser ! \ud83c\udfb6<\/p>\n","protected":false},"featured_media":23329,"comment_status":"open","ping_status":"closed","template":"","meta":{"inline_featured_image":false},"product_cat":[3948,197,200],"product_tag":[],"class_list":{"0":"post-23328","1":"product","2":"type-product","3":"status-publish","4":"has-post-thumbnail","6":"product_cat-les-livres-sonore-anglais","7":"product_cat-livre-sonore","8":"product_cat-activites","10":"first","11":"instock","12":"shipping-taxable","13":"purchasable","14":"product-type-simple"},"_links":{"self":[{"href":"https:\/\/baralivres.ma\/index.php?rest_route=\/wp\/v2\/product\/23328","targetHints":{"allow":["GET"]}}],"collection":[{"href":"https:\/\/baralivres.ma\/index.php?rest_route=\/wp\/v2\/product"}],"about":[{"href":"https:\/\/baralivres.ma\/index.php?rest_route=\/wp\/v2\/types\/product"}],"replies":[{"embeddable":true,"href":"https:\/\/baralivres.ma\/index.php?rest_route=%2Fwp%2Fv2%2Fcomments&post=23328"}],"version-history":[{"count":2,"href":"https:\/\/baralivres.ma\/index.php?rest_route=\/wp\/v2\/product\/23328\/revisions"}],"predecessor-version":[{"id":23333,"href":"https:\/\/baralivres.ma\/index.php?rest_route=\/wp\/v2\/product\/23328\/revisions\/23333"}],"wp:featuredmedia":[{"embeddable":true,"href":"https:\/\/baralivres.ma\/index.php?rest_route=\/wp\/v2\/media\/23329"}],"wp:attachment":[{"href":"https:\/\/baralivres.ma\/index.php?rest_route=%2Fwp%2Fv2%2Fmedia&parent=23328"}],"wp:term":[{"taxonomy":"product_cat","embeddable":true,"href":"https:\/\/baralivres.ma\/index.php?rest_route=%2Fwp%2Fv2%2Fproduct_cat&post=23328"},{"taxonomy":"product_tag","embeddable":true,"href":"https:\/\/baralivres.ma\/index.php?rest_route=%2Fwp%2Fv2%2Fproduct_tag&post=23328"}],"curies":[{"name":"wp","href":"https:\/\/api.w.org\/{rel}","templated":true}]}}