{"id":23320,"date":"2025-03-04T11:50:15","date_gmt":"2025-03-04T10:50:15","guid":{"rendered":"https:\/\/baralivres.ma\/?post_type=product&#038;p=23320"},"modified":"2025-03-04T11:50:15","modified_gmt":"2025-03-04T10:50:15","slug":"my-marvellous-mosaic-book-blue","status":"publish","type":"product","link":"https:\/\/baralivres.ma\/?product=my-marvellous-mosaic-book-blue","title":{"rendered":"My Marvellous Mosaic Book (BLUE)"},"content":{"rendered":"<p data-start=\"0\" data-end=\"85\"><strong data-start=\"0\" data-end=\"83\">My Marvellous Mosaic Book (BLUE) \u2013 Un livre cr\u00e9atif avec plus de 500 stickers !<\/strong><\/p>\n<p data-start=\"87\" data-end=\"366\">\u00ab\u00a0My Marvellous Mosaic Book\u00a0\u00bb est un livre d&rsquo;activit\u00e9s captivant qui invite les enfants \u00e0 explorer l&rsquo;art des mosa\u00efques de mani\u00e8re ludique et interactive. Ce livre contient <strong data-start=\"257\" data-end=\"293\">7 magnifiques images \u00e0 compl\u00e9ter<\/strong> en collant des autocollants color\u00e9s pour former de superbes mosa\u00efques.<\/p>\n<p data-start=\"368\" data-end=\"659\">Avec <strong data-start=\"373\" data-end=\"397\">plus de 500 stickers<\/strong>, ce livre stimule la cr\u00e9ativit\u00e9, la patience et la coordination des enfants tout en leur offrant des heures de plaisir. Id\u00e9al pour les jeunes artistes, il leur permet de d\u00e9velopper leur sens des couleurs et des formes tout en r\u00e9alisant de jolies \u0153uvres d\u2019art.<\/p>\n<p data-start=\"661\" data-end=\"769\" data-is-last-node=\"\" data-is-only-node=\"\">\ud83d\udc99 <strong data-start=\"664\" data-end=\"681\">\u00c9dition BLEUE<\/strong> \u2013 Un choix parfait pour les enfants qui aiment les activit\u00e9s manuelles et artistiques !<\/p>\n","protected":false},"excerpt":{"rendered":"<p><strong data-start=\"0\" data-end=\"36\" data-is-only-node=\"\">My Marvellous Mosaic Book (BLUE)<\/strong> est un livre d\u2019activit\u00e9s avec <strong data-start=\"67\" data-end=\"91\">7 images \u00e0 compl\u00e9ter<\/strong> et <strong data-start=\"95\" data-end=\"119\">plus de 500 stickers<\/strong> pour cr\u00e9er de magnifiques mosa\u00efques. Id\u00e9al pour d\u00e9velopper la cr\u00e9ativit\u00e9 et la coordination des enfants tout en s\u2019amusant ! \ud83d\udc99<\/p>\n","protected":false},"featured_media":23321,"comment_status":"open","ping_status":"closed","template":"","meta":{"inline_featured_image":false},"product_cat":[215,200],"product_tag":[],"class_list":{"0":"post-23320","1":"product","2":"type-product","3":"status-publish","4":"has-post-thumbnail","6":"product_cat-enfant","7":"product_cat-activites","9":"first","10":"instock","11":"shipping-taxable","12":"purchasable","13":"product-type-simple"},"_links":{"self":[{"href":"https:\/\/baralivres.ma\/index.php?rest_route=\/wp\/v2\/product\/23320","targetHints":{"allow":["GET"]}}],"collection":[{"href":"https:\/\/baralivres.ma\/index.php?rest_route=\/wp\/v2\/product"}],"about":[{"href":"https:\/\/baralivres.ma\/index.php?rest_route=\/wp\/v2\/types\/product"}],"replies":[{"embeddable":true,"href":"https:\/\/baralivres.ma\/index.php?rest_route=%2Fwp%2Fv2%2Fcomments&post=23320"}],"version-history":[{"count":1,"href":"https:\/\/baralivres.ma\/index.php?rest_route=\/wp\/v2\/product\/23320\/revisions"}],"predecessor-version":[{"id":23324,"href":"https:\/\/baralivres.ma\/index.php?rest_route=\/wp\/v2\/product\/23320\/revisions\/23324"}],"wp:featuredmedia":[{"embeddable":true,"href":"https:\/\/baralivres.ma\/index.php?rest_route=\/wp\/v2\/media\/23321"}],"wp:attachment":[{"href":"https:\/\/baralivres.ma\/index.php?rest_route=%2Fwp%2Fv2%2Fmedia&parent=23320"}],"wp:term":[{"taxonomy":"product_cat","embeddable":true,"href":"https:\/\/baralivres.ma\/index.php?rest_route=%2Fwp%2Fv2%2Fproduct_cat&post=23320"},{"taxonomy":"product_tag","embeddable":true,"href":"https:\/\/baralivres.ma\/index.php?rest_route=%2Fwp%2Fv2%2Fproduct_tag&post=23320"}],"curies":[{"name":"wp","href":"https:\/\/api.w.org\/{rel}","templated":true}]}}