{"id":23315,"date":"2025-03-04T11:36:27","date_gmt":"2025-03-04T10:36:27","guid":{"rendered":"https:\/\/baralivres.ma\/?post_type=product&#038;p=23315"},"modified":"2025-03-04T11:36:27","modified_gmt":"2025-03-04T10:36:27","slug":"my-marvellous-mosaic-book-pink","status":"publish","type":"product","link":"https:\/\/baralivres.ma\/?product=my-marvellous-mosaic-book-pink","title":{"rendered":"My Marvellous Mosaic Book (Pink)"},"content":{"rendered":"<p><strong data-start=\"0\" data-end=\"36\" data-is-only-node=\"\">My Marvellous Mosaic Book (Pink)<\/strong> est un livre d&rsquo;activit\u00e9s cr\u00e9atif id\u00e9al pour les enfants qui aiment les mosa\u00efques et les autocollants. Il comprend <strong data-start=\"151\" data-end=\"187\">7 magnifiques images \u00e0 compl\u00e9ter<\/strong> et plus de <strong data-start=\"199\" data-end=\"219\">500 autocollants<\/strong> color\u00e9s \u00e0 placer au bon endroit pour donner vie aux illustrations. Ce livre d\u00e9veloppe la <strong data-start=\"309\" data-end=\"327\">motricit\u00e9 fine<\/strong>, la <strong data-start=\"332\" data-end=\"349\">concentration<\/strong> et la <strong data-start=\"356\" data-end=\"370\">cr\u00e9ativit\u00e9<\/strong> des enfants tout en leur offrant un moment de jeu amusant et relaxant. Avec son design attrayant et son concept ludique, ce livre est parfait pour occuper les petits artistes pendant des heures ! \ud83c\udfa8\u2728<\/p>\n","protected":false},"excerpt":{"rendered":"<p><strong data-start=\"0\" data-end=\"36\" data-is-only-node=\"\">My Marvellous Mosaic Book (Pink)<\/strong> propose <strong data-start=\"45\" data-end=\"69\">7 images \u00e0 compl\u00e9ter<\/strong> avec plus de <strong data-start=\"83\" data-end=\"103\">500 autocollants<\/strong> color\u00e9s. Un livre ludique pour d\u00e9velopper la <strong data-start=\"149\" data-end=\"163\">cr\u00e9ativit\u00e9<\/strong> et la <strong data-start=\"170\" data-end=\"188\">motricit\u00e9 fine<\/strong> des enfants ! \ud83c\udfa8\u2728<\/p>\n","protected":false},"featured_media":23316,"comment_status":"open","ping_status":"closed","template":"","meta":{"inline_featured_image":false},"product_cat":[215,200],"product_tag":[],"class_list":{"0":"post-23315","1":"product","2":"type-product","3":"status-publish","4":"has-post-thumbnail","6":"product_cat-enfant","7":"product_cat-activites","9":"first","10":"instock","11":"shipping-taxable","12":"purchasable","13":"product-type-simple"},"_links":{"self":[{"href":"https:\/\/baralivres.ma\/index.php?rest_route=\/wp\/v2\/product\/23315","targetHints":{"allow":["GET"]}}],"collection":[{"href":"https:\/\/baralivres.ma\/index.php?rest_route=\/wp\/v2\/product"}],"about":[{"href":"https:\/\/baralivres.ma\/index.php?rest_route=\/wp\/v2\/types\/product"}],"replies":[{"embeddable":true,"href":"https:\/\/baralivres.ma\/index.php?rest_route=%2Fwp%2Fv2%2Fcomments&post=23315"}],"version-history":[{"count":1,"href":"https:\/\/baralivres.ma\/index.php?rest_route=\/wp\/v2\/product\/23315\/revisions"}],"predecessor-version":[{"id":23319,"href":"https:\/\/baralivres.ma\/index.php?rest_route=\/wp\/v2\/product\/23315\/revisions\/23319"}],"wp:featuredmedia":[{"embeddable":true,"href":"https:\/\/baralivres.ma\/index.php?rest_route=\/wp\/v2\/media\/23316"}],"wp:attachment":[{"href":"https:\/\/baralivres.ma\/index.php?rest_route=%2Fwp%2Fv2%2Fmedia&parent=23315"}],"wp:term":[{"taxonomy":"product_cat","embeddable":true,"href":"https:\/\/baralivres.ma\/index.php?rest_route=%2Fwp%2Fv2%2Fproduct_cat&post=23315"},{"taxonomy":"product_tag","embeddable":true,"href":"https:\/\/baralivres.ma\/index.php?rest_route=%2Fwp%2Fv2%2Fproduct_tag&post=23315"}],"curies":[{"name":"wp","href":"https:\/\/api.w.org\/{rel}","templated":true}]}}