{"id":23306,"date":"2025-03-03T14:56:36","date_gmt":"2025-03-03T13:56:36","guid":{"rendered":"https:\/\/baralivres.ma\/?post_type=product&#038;p=23306"},"modified":"2025-03-03T14:56:36","modified_gmt":"2025-03-03T13:56:36","slug":"sam-goes-to-a-party","status":"publish","type":"product","link":"https:\/\/baralivres.ma\/?product=sam-goes-to-a-party","title":{"rendered":"Sam Goes to a Party"},"content":{"rendered":"<p>\u00ab\u00a0Sam Goes to a Party\u00a0\u00bb est un livre pour enfants publi\u00e9 par North Parade Publishing en 2016. Ce livre interactif invite les jeunes lecteurs \u00e0 aider Sam \u00e0 se pr\u00e9parer pour sa f\u00eate en choisissant parmi une vari\u00e9t\u00e9 de tenues color\u00e9es. Les enfants peuvent d\u00e9tacher leur propre personnage et l&rsquo;habiller selon leurs pr\u00e9f\u00e9rences, rendant la lecture \u00e0 la fois amusante et engageante.Le livre est en anglais et compte 16 pages. Il est au format broch\u00e9 avec des dimensions de 370 mm de largeur<\/p>\n","protected":false},"excerpt":{"rendered":"<p><em data-start=\"0\" data-end=\"23\" data-is-only-node=\"\">\u00ab\u00a0Sam Goes to a Party\u00a0\u00bb<\/em> est un livre interactif pour enfants o\u00f9 ils aident Sam \u00e0 choisir sa tenue pour une f\u00eate. Avec des \u00e9l\u00e9ments d\u00e9tachables, il rend la lecture ludique et engageante.<\/p>\n","protected":false},"featured_media":23307,"comment_status":"open","ping_status":"closed","template":"","meta":{"inline_featured_image":false},"product_cat":[215,210,200],"product_tag":[],"class_list":{"0":"post-23306","1":"product","2":"type-product","3":"status-publish","4":"has-post-thumbnail","6":"product_cat-enfant","7":"product_cat-activites-bebe-enfant","8":"product_cat-activites","10":"first","11":"instock","12":"shipping-taxable","13":"purchasable","14":"product-type-simple"},"_links":{"self":[{"href":"https:\/\/baralivres.ma\/index.php?rest_route=\/wp\/v2\/product\/23306","targetHints":{"allow":["GET"]}}],"collection":[{"href":"https:\/\/baralivres.ma\/index.php?rest_route=\/wp\/v2\/product"}],"about":[{"href":"https:\/\/baralivres.ma\/index.php?rest_route=\/wp\/v2\/types\/product"}],"replies":[{"embeddable":true,"href":"https:\/\/baralivres.ma\/index.php?rest_route=%2Fwp%2Fv2%2Fcomments&post=23306"}],"version-history":[{"count":1,"href":"https:\/\/baralivres.ma\/index.php?rest_route=\/wp\/v2\/product\/23306\/revisions"}],"predecessor-version":[{"id":23312,"href":"https:\/\/baralivres.ma\/index.php?rest_route=\/wp\/v2\/product\/23306\/revisions\/23312"}],"wp:featuredmedia":[{"embeddable":true,"href":"https:\/\/baralivres.ma\/index.php?rest_route=\/wp\/v2\/media\/23307"}],"wp:attachment":[{"href":"https:\/\/baralivres.ma\/index.php?rest_route=%2Fwp%2Fv2%2Fmedia&parent=23306"}],"wp:term":[{"taxonomy":"product_cat","embeddable":true,"href":"https:\/\/baralivres.ma\/index.php?rest_route=%2Fwp%2Fv2%2Fproduct_cat&post=23306"},{"taxonomy":"product_tag","embeddable":true,"href":"https:\/\/baralivres.ma\/index.php?rest_route=%2Fwp%2Fv2%2Fproduct_tag&post=23306"}],"curies":[{"name":"wp","href":"https:\/\/api.w.org\/{rel}","templated":true}]}}