{"id":23299,"date":"2025-03-03T14:34:42","date_gmt":"2025-03-03T13:34:42","guid":{"rendered":"https:\/\/baralivres.ma\/?post_type=product&#038;p=23299"},"modified":"2025-03-03T14:34:42","modified_gmt":"2025-03-03T13:34:42","slug":"bobby-goes-to-school","status":"publish","type":"product","link":"https:\/\/baralivres.ma\/?product=bobby-goes-to-school","title":{"rendered":"Bobby Goes to School"},"content":{"rendered":"<p data-start=\"0\" data-end=\"451\"><strong data-start=\"0\" data-end=\"24\">Bobby Goes to School<\/strong> est un livre illustr\u00e9 qui raconte l\u2019histoire de Bobby, un jeune ourson qui fait sa premi\u00e8re rentr\u00e9e des classes. \u00c0 travers ses aventures, les enfants d\u00e9couvrent les \u00e9motions li\u00e9es \u00e0 cette grande \u00e9tape : l\u2019excitation, l\u2019appr\u00e9hension et la joie de se faire de nouveaux amis. Avec des illustrations color\u00e9es et un texte simple, ce livre est parfait pour rassurer et accompagner les tout-petits dans cette transition importante.<\/p>\n<p data-start=\"0\" data-end=\"451\">Id\u00e9al pour les jeunes enfants qui s\u2019appr\u00eatent \u00e0 entrer \u00e0 l\u2019\u00e9cole ! \ud83c\udf92\u2728<\/p>\n","protected":false},"excerpt":{"rendered":"<p><strong data-start=\"0\" data-end=\"24\">Bobby Goes to School<\/strong> raconte la premi\u00e8re journ\u00e9e d\u2019\u00e9cole de Bobby, un ourson curieux et attachant. Une histoire douce et rassurante pour pr\u00e9parer les tout-petits \u00e0 cette grande \u00e9tape.<\/p>\n","protected":false},"featured_media":23301,"comment_status":"open","ping_status":"closed","template":"","meta":{"inline_featured_image":false},"product_cat":[215,200],"product_tag":[],"class_list":{"0":"post-23299","1":"product","2":"type-product","3":"status-publish","4":"has-post-thumbnail","6":"product_cat-enfant","7":"product_cat-activites","9":"first","10":"instock","11":"shipping-taxable","12":"purchasable","13":"product-type-simple"},"_links":{"self":[{"href":"https:\/\/baralivres.ma\/index.php?rest_route=\/wp\/v2\/product\/23299","targetHints":{"allow":["GET"]}}],"collection":[{"href":"https:\/\/baralivres.ma\/index.php?rest_route=\/wp\/v2\/product"}],"about":[{"href":"https:\/\/baralivres.ma\/index.php?rest_route=\/wp\/v2\/types\/product"}],"replies":[{"embeddable":true,"href":"https:\/\/baralivres.ma\/index.php?rest_route=%2Fwp%2Fv2%2Fcomments&post=23299"}],"version-history":[{"count":1,"href":"https:\/\/baralivres.ma\/index.php?rest_route=\/wp\/v2\/product\/23299\/revisions"}],"predecessor-version":[{"id":23305,"href":"https:\/\/baralivres.ma\/index.php?rest_route=\/wp\/v2\/product\/23299\/revisions\/23305"}],"wp:featuredmedia":[{"embeddable":true,"href":"https:\/\/baralivres.ma\/index.php?rest_route=\/wp\/v2\/media\/23301"}],"wp:attachment":[{"href":"https:\/\/baralivres.ma\/index.php?rest_route=%2Fwp%2Fv2%2Fmedia&parent=23299"}],"wp:term":[{"taxonomy":"product_cat","embeddable":true,"href":"https:\/\/baralivres.ma\/index.php?rest_route=%2Fwp%2Fv2%2Fproduct_cat&post=23299"},{"taxonomy":"product_tag","embeddable":true,"href":"https:\/\/baralivres.ma\/index.php?rest_route=%2Fwp%2Fv2%2Fproduct_tag&post=23299"}],"curies":[{"name":"wp","href":"https:\/\/api.w.org\/{rel}","templated":true}]}}