{"id":23268,"date":"2025-02-28T17:58:04","date_gmt":"2025-02-28T16:58:04","guid":{"rendered":"https:\/\/baralivres.ma\/?post_type=product&#038;p=23268"},"modified":"2025-02-28T17:58:04","modified_gmt":"2025-02-28T16:58:04","slug":"which-animal-would-be-a-good-friend","status":"publish","type":"product","link":"https:\/\/baralivres.ma\/?product=which-animal-would-be-a-good-friend","title":{"rendered":"Which Animal Would be a Good Friend?"},"content":{"rendered":"<p><em data-start=\"0\" data-end=\"38\" data-is-only-node=\"\">Which Animal Would Be a Good Friend?<\/em> est un livre captivant et illustr\u00e9 qui invite les enfants \u00e0 explorer l&rsquo;univers fascinant des animaux et \u00e0 r\u00e9fl\u00e9chir aux qualit\u00e9s d&rsquo;un bon ami. \u00c0 travers des pages color\u00e9es et des illustrations vivantes, ce livre pr\u00e9sente divers animaux et leur comportement, tout en mettant l&rsquo;accent sur les valeurs d&rsquo;amiti\u00e9, de partage et de bienveillance. L&rsquo;histoire guide les jeunes lecteurs \u00e0 travers des situations imaginaires o\u00f9 ils doivent d\u00e9cider quel animal pourrait \u00eatre un bon ami, en tenant compte de la gentillesse, de la loyaut\u00e9 et du soutien. Ce livre est id\u00e9al pour aider les enfants \u00e0 d\u00e9velopper des comp\u00e9tences sociales et \u00e9motionnelles, tout en nourrissant leur curiosit\u00e9 et leur amour pour les animaux.<\/p>\n","protected":false},"excerpt":{"rendered":"<p><em data-start=\"0\" data-end=\"38\" data-is-only-node=\"\">Which Animal Would Be a Good Friend?<\/em> est un livre illustr\u00e9 pour enfants qui explore les qualit\u00e9s d&rsquo;un bon ami \u00e0 travers diff\u00e9rents animaux. Avec des illustrations color\u00e9es, il aide les jeunes lecteurs \u00e0 comprendre l&rsquo;importance de l&rsquo;amiti\u00e9, du partage et de la bienveillance. Id\u00e9al pour d\u00e9velopper les comp\u00e9tences sociales et \u00e9motionnelles des enfants.<\/p>\n","protected":false},"featured_media":23269,"comment_status":"open","ping_status":"closed","template":"","meta":{"inline_featured_image":false},"product_cat":[3899,4256,3706,200],"product_tag":[],"class_list":{"0":"post-23268","1":"product","2":"type-product","3":"status-publish","4":"has-post-thumbnail","6":"product_cat-encyclopedies_anglais","7":"product_cat-les-livres-educatifs","8":"product_cat-encyclopedie-2","9":"product_cat-activites","11":"first","12":"instock","13":"shipping-taxable","14":"purchasable","15":"product-type-simple"},"_links":{"self":[{"href":"https:\/\/baralivres.ma\/index.php?rest_route=\/wp\/v2\/product\/23268","targetHints":{"allow":["GET"]}}],"collection":[{"href":"https:\/\/baralivres.ma\/index.php?rest_route=\/wp\/v2\/product"}],"about":[{"href":"https:\/\/baralivres.ma\/index.php?rest_route=\/wp\/v2\/types\/product"}],"replies":[{"embeddable":true,"href":"https:\/\/baralivres.ma\/index.php?rest_route=%2Fwp%2Fv2%2Fcomments&post=23268"}],"version-history":[{"count":1,"href":"https:\/\/baralivres.ma\/index.php?rest_route=\/wp\/v2\/product\/23268\/revisions"}],"predecessor-version":[{"id":23275,"href":"https:\/\/baralivres.ma\/index.php?rest_route=\/wp\/v2\/product\/23268\/revisions\/23275"}],"wp:featuredmedia":[{"embeddable":true,"href":"https:\/\/baralivres.ma\/index.php?rest_route=\/wp\/v2\/media\/23269"}],"wp:attachment":[{"href":"https:\/\/baralivres.ma\/index.php?rest_route=%2Fwp%2Fv2%2Fmedia&parent=23268"}],"wp:term":[{"taxonomy":"product_cat","embeddable":true,"href":"https:\/\/baralivres.ma\/index.php?rest_route=%2Fwp%2Fv2%2Fproduct_cat&post=23268"},{"taxonomy":"product_tag","embeddable":true,"href":"https:\/\/baralivres.ma\/index.php?rest_route=%2Fwp%2Fv2%2Fproduct_tag&post=23268"}],"curies":[{"name":"wp","href":"https:\/\/api.w.org\/{rel}","templated":true}]}}