{"id":23261,"date":"2025-02-28T17:53:06","date_gmt":"2025-02-28T16:53:06","guid":{"rendered":"https:\/\/baralivres.ma\/?post_type=product&#038;p=23261"},"modified":"2025-02-28T17:53:06","modified_gmt":"2025-02-28T16:53:06","slug":"what-did-dinosaurs-eat-for-dinner","status":"publish","type":"product","link":"https:\/\/baralivres.ma\/?product=what-did-dinosaurs-eat-for-dinner","title":{"rendered":"What Did Dinosaurs Eat for Dinner?"},"content":{"rendered":"<p><strong data-start=\"0\" data-end=\"38\" data-is-only-node=\"\">What Did Dinosaurs Eat for Dinner?<\/strong> est un livre fascinant qui plonge les jeunes lecteurs dans l&rsquo;univers des dinosaures pour explorer leur alimentation. \u00c0 travers des illustrations captivantes et des textes simples, ce livre r\u00e9pond \u00e0 la question intrigante de ce que ces cr\u00e9atures pr\u00e9historiques mangeaient. Les enfants d\u00e9couvriront les diff\u00e9rents types de dinosaures, leur r\u00e9gime alimentaire et comment ils chassaient ou se nourrissaient dans un monde o\u00f9 les g\u00e9ants r\u00e9gnaient. Une lecture \u00e9ducative et ludique pour stimuler l&rsquo;imagination et l&rsquo;apprentissage des plus jeunes sur la faune ancienne.<\/p>\n","protected":false},"excerpt":{"rendered":"<p><strong data-start=\"0\" data-end=\"38\" data-is-only-node=\"\">What Did Dinosaurs Eat for Dinner?<\/strong> est un livre captivant qui explore l&rsquo;alimentation des dinosaures \u00e0 travers des illustrations et des textes simples. Les enfants d\u00e9couvriront ce que ces g\u00e9ants pr\u00e9historiques mangeaient, de fa\u00e7on ludique et \u00e9ducative.<\/p>\n","protected":false},"featured_media":23262,"comment_status":"open","ping_status":"closed","template":"","meta":{"inline_featured_image":false},"product_cat":[3899,4256,3706,200],"product_tag":[],"class_list":{"0":"post-23261","1":"product","2":"type-product","3":"status-publish","4":"has-post-thumbnail","6":"product_cat-encyclopedies_anglais","7":"product_cat-les-livres-educatifs","8":"product_cat-encyclopedie-2","9":"product_cat-activites","11":"first","12":"instock","13":"shipping-taxable","14":"purchasable","15":"product-type-simple"},"_links":{"self":[{"href":"https:\/\/baralivres.ma\/index.php?rest_route=\/wp\/v2\/product\/23261","targetHints":{"allow":["GET"]}}],"collection":[{"href":"https:\/\/baralivres.ma\/index.php?rest_route=\/wp\/v2\/product"}],"about":[{"href":"https:\/\/baralivres.ma\/index.php?rest_route=\/wp\/v2\/types\/product"}],"replies":[{"embeddable":true,"href":"https:\/\/baralivres.ma\/index.php?rest_route=%2Fwp%2Fv2%2Fcomments&post=23261"}],"version-history":[{"count":1,"href":"https:\/\/baralivres.ma\/index.php?rest_route=\/wp\/v2\/product\/23261\/revisions"}],"predecessor-version":[{"id":23267,"href":"https:\/\/baralivres.ma\/index.php?rest_route=\/wp\/v2\/product\/23261\/revisions\/23267"}],"wp:featuredmedia":[{"embeddable":true,"href":"https:\/\/baralivres.ma\/index.php?rest_route=\/wp\/v2\/media\/23262"}],"wp:attachment":[{"href":"https:\/\/baralivres.ma\/index.php?rest_route=%2Fwp%2Fv2%2Fmedia&parent=23261"}],"wp:term":[{"taxonomy":"product_cat","embeddable":true,"href":"https:\/\/baralivres.ma\/index.php?rest_route=%2Fwp%2Fv2%2Fproduct_cat&post=23261"},{"taxonomy":"product_tag","embeddable":true,"href":"https:\/\/baralivres.ma\/index.php?rest_route=%2Fwp%2Fv2%2Fproduct_tag&post=23261"}],"curies":[{"name":"wp","href":"https:\/\/api.w.org\/{rel}","templated":true}]}}