{"id":23254,"date":"2025-02-28T17:48:01","date_gmt":"2025-02-28T16:48:01","guid":{"rendered":"https:\/\/baralivres.ma\/?post_type=product&#038;p=23254"},"modified":"2025-02-28T17:48:01","modified_gmt":"2025-02-28T16:48:01","slug":"how-does-the-human-body-work","status":"publish","type":"product","link":"https:\/\/baralivres.ma\/?product=how-does-the-human-body-work","title":{"rendered":"How Does the Human Body Work"},"content":{"rendered":"<p data-start=\"84\" data-end=\"831\"><em data-start=\"84\" data-end=\"114\">How Does the Human Body Work<\/em> est un livre fascinant qui explore en d\u00e9tail le fonctionnement du corps humain. Il s\u2019adresse aux jeunes lecteurs et leur permet de comprendre de mani\u00e8re simple et visuelle comment chaque partie du corps humain contribue \u00e0 la vie quotidienne. De la peau aux organes internes, ce livre offre des explications claires sur la fa\u00e7on dont notre corps se prot\u00e8ge, se nourrit, se r\u00e9pare et fonctionne en harmonie. Gr\u00e2ce \u00e0 des illustrations color\u00e9es et des textes accessibles, les enfants peuvent d\u00e9couvrir le syst\u00e8me circulatoire, digestif, respiratoire et bien plus encore, tout en d\u00e9veloppant une curiosit\u00e9 scientifique. Un excellent outil d\u2019apprentissage pour les petits curieux en qu\u00eate de comprendre leur propre corps.<\/p>\n<p data-start=\"833\" data-end=\"1027\" data-is-last-node=\"\" data-is-only-node=\"\">Id\u00e9al pour les jeunes lecteurs int\u00e9ress\u00e9s par la biologie et les sciences naturelles, ce livre est \u00e0 la fois \u00e9ducatif et captivant, avec des informations adapt\u00e9es \u00e0 leur niveau de compr\u00e9hension.<\/p>\n","protected":false},"excerpt":{"rendered":"<p><strong data-start=\"0\" data-end=\"32\" data-is-only-node=\"\">How Does the Human Body Work<\/strong> (ISBN : est un livre \u00e9ducatif qui explique de mani\u00e8re simple et visuelle le fonctionnement du corps humain. \u00c0 travers des illustrations color\u00e9es et des textes clairs, les jeunes lecteurs d\u00e9couvriront les diff\u00e9rents syst\u00e8mes du corps, comme la circulation, la digestion et la respiration. Un ouvrage captivant pour \u00e9veiller la curiosit\u00e9 des enfants sur le monde fascinant de la biologie.<\/p>\n","protected":false},"featured_media":23255,"comment_status":"open","ping_status":"closed","template":"","meta":{"inline_featured_image":false},"product_cat":[3951,4256,198,200],"product_tag":[],"class_list":{"0":"post-23254","1":"product","2":"type-product","3":"status-publish","4":"has-post-thumbnail","6":"product_cat-les-livres-cartonnes-anglais","7":"product_cat-les-livres-educatifs","8":"product_cat-livres-animes","9":"product_cat-activites","11":"first","12":"instock","13":"shipping-taxable","14":"purchasable","15":"product-type-simple"},"_links":{"self":[{"href":"https:\/\/baralivres.ma\/index.php?rest_route=\/wp\/v2\/product\/23254","targetHints":{"allow":["GET"]}}],"collection":[{"href":"https:\/\/baralivres.ma\/index.php?rest_route=\/wp\/v2\/product"}],"about":[{"href":"https:\/\/baralivres.ma\/index.php?rest_route=\/wp\/v2\/types\/product"}],"replies":[{"embeddable":true,"href":"https:\/\/baralivres.ma\/index.php?rest_route=%2Fwp%2Fv2%2Fcomments&post=23254"}],"version-history":[{"count":1,"href":"https:\/\/baralivres.ma\/index.php?rest_route=\/wp\/v2\/product\/23254\/revisions"}],"predecessor-version":[{"id":23260,"href":"https:\/\/baralivres.ma\/index.php?rest_route=\/wp\/v2\/product\/23254\/revisions\/23260"}],"wp:featuredmedia":[{"embeddable":true,"href":"https:\/\/baralivres.ma\/index.php?rest_route=\/wp\/v2\/media\/23255"}],"wp:attachment":[{"href":"https:\/\/baralivres.ma\/index.php?rest_route=%2Fwp%2Fv2%2Fmedia&parent=23254"}],"wp:term":[{"taxonomy":"product_cat","embeddable":true,"href":"https:\/\/baralivres.ma\/index.php?rest_route=%2Fwp%2Fv2%2Fproduct_cat&post=23254"},{"taxonomy":"product_tag","embeddable":true,"href":"https:\/\/baralivres.ma\/index.php?rest_route=%2Fwp%2Fv2%2Fproduct_tag&post=23254"}],"curies":[{"name":"wp","href":"https:\/\/api.w.org\/{rel}","templated":true}]}}