{"id":23244,"date":"2025-02-28T17:18:58","date_gmt":"2025-02-28T16:18:58","guid":{"rendered":"https:\/\/baralivres.ma\/?post_type=product&#038;p=23244"},"modified":"2025-02-28T17:18:58","modified_gmt":"2025-02-28T16:18:58","slug":"the-wheels-on-the-bus-and-other-songs","status":"publish","type":"product","link":"https:\/\/baralivres.ma\/?product=the-wheels-on-the-bus-and-other-songs","title":{"rendered":"The Wheels On The Bus: And Other Songs"},"content":{"rendered":"<p><strong data-start=\"0\" data-end=\"42\" data-is-only-node=\"\">The Wheels On The Bus: And Other Songs<\/strong> est un livre sonore amusant et interactif qui invite les enfants \u00e0 chanter en suivant des chansons populaires, dont la c\u00e9l\u00e8bre \u00ab\u00a0The Wheels on the Bus\u00a0\u00bb. Ce livre color\u00e9 pr\u00e9sente des illustrations vibrantes et des boutons sonores qui permettent aux tout-petits d&rsquo;\u00e9couter et de participer aux chansons. Chaque chanson est accompagn\u00e9e d&rsquo;illustrations joyeuses et de sc\u00e8nes qui captivent l&rsquo;attention des enfants tout en encourageant leur engagement musical. Un excellent moyen pour les jeunes enfants de d\u00e9couvrir la musique et de d\u00e9velopper leur sens du rythme tout en s&rsquo;amusant.<\/p>\n","protected":false},"excerpt":{"rendered":"<p><strong data-start=\"0\" data-end=\"42\" data-is-only-node=\"\">The Wheels On The Bus: And Other Songs<\/strong> est un livre sonore interactif qui permet aux enfants de chanter avec des chansons populaires comme \u00ab\u00a0The Wheels on the Bus\u00a0\u00bb. Il pr\u00e9sente des illustrations color\u00e9es et des boutons sonores pour une exp\u00e9rience musicale amusante et engageante.<\/p>\n","protected":false},"featured_media":23245,"comment_status":"open","ping_status":"closed","template":"","meta":{"inline_featured_image":false},"product_cat":[3948,197],"product_tag":[],"class_list":{"0":"post-23244","1":"product","2":"type-product","3":"status-publish","4":"has-post-thumbnail","6":"product_cat-les-livres-sonore-anglais","7":"product_cat-livre-sonore","9":"first","10":"instock","11":"shipping-taxable","12":"purchasable","13":"product-type-simple"},"_links":{"self":[{"href":"https:\/\/baralivres.ma\/index.php?rest_route=\/wp\/v2\/product\/23244","targetHints":{"allow":["GET"]}}],"collection":[{"href":"https:\/\/baralivres.ma\/index.php?rest_route=\/wp\/v2\/product"}],"about":[{"href":"https:\/\/baralivres.ma\/index.php?rest_route=\/wp\/v2\/types\/product"}],"replies":[{"embeddable":true,"href":"https:\/\/baralivres.ma\/index.php?rest_route=%2Fwp%2Fv2%2Fcomments&post=23244"}],"version-history":[{"count":1,"href":"https:\/\/baralivres.ma\/index.php?rest_route=\/wp\/v2\/product\/23244\/revisions"}],"predecessor-version":[{"id":23246,"href":"https:\/\/baralivres.ma\/index.php?rest_route=\/wp\/v2\/product\/23244\/revisions\/23246"}],"wp:featuredmedia":[{"embeddable":true,"href":"https:\/\/baralivres.ma\/index.php?rest_route=\/wp\/v2\/media\/23245"}],"wp:attachment":[{"href":"https:\/\/baralivres.ma\/index.php?rest_route=%2Fwp%2Fv2%2Fmedia&parent=23244"}],"wp:term":[{"taxonomy":"product_cat","embeddable":true,"href":"https:\/\/baralivres.ma\/index.php?rest_route=%2Fwp%2Fv2%2Fproduct_cat&post=23244"},{"taxonomy":"product_tag","embeddable":true,"href":"https:\/\/baralivres.ma\/index.php?rest_route=%2Fwp%2Fv2%2Fproduct_tag&post=23244"}],"curies":[{"name":"wp","href":"https:\/\/api.w.org\/{rel}","templated":true}]}}