{"id":23238,"date":"2025-02-28T17:13:30","date_gmt":"2025-02-28T16:13:30","guid":{"rendered":"https:\/\/baralivres.ma\/?post_type=product&#038;p=23238"},"modified":"2025-02-28T17:13:30","modified_gmt":"2025-02-28T16:13:30","slug":"my-first-learning-pen-book-out-and-about","status":"publish","type":"product","link":"https:\/\/baralivres.ma\/?product=my-first-learning-pen-book-out-and-about","title":{"rendered":"My First Learning Pen Book \u2013 Out And About"},"content":{"rendered":"<p><em data-start=\"0\" data-end=\"44\" data-is-only-node=\"\">My First Learning Pen Book \u2013 Out and About<\/em> est un livre interactif pour les jeunes enfants qui explore les activit\u00e9s quotidiennes \u00e0 travers des illustrations color\u00e9es. En utilisant un stylo intelligent, les enfants peuvent \u00e9couter des mots et des sons en touchant les images, ce qui les aide \u00e0 enrichir leur vocabulaire, notamment en anglais. Id\u00e9al pour les tout-petits, ce livre stimule l&rsquo;apprentissage autonome et l&rsquo;exploration du monde qui les entoure.<\/p>\n","protected":false},"excerpt":{"rendered":"<p><em data-start=\"0\" data-end=\"44\" data-is-only-node=\"\">My First Learning Pen Book \u2013 Out and About<\/em> est un livre interactif pour enfants, permettant d\u2019apprendre des mots en anglais en touchant des images. Avec un stylo intelligent, les enfants d\u00e9couvrent des activit\u00e9s quotidiennes tout en enrichissant leur vocabulaire de mani\u00e8re ludique.<\/p>\n","protected":false},"featured_media":23239,"comment_status":"open","ping_status":"closed","template":"","meta":{"inline_featured_image":false},"product_cat":[210,200],"product_tag":[],"class_list":{"0":"post-23238","1":"product","2":"type-product","3":"status-publish","4":"has-post-thumbnail","6":"product_cat-activites-bebe-enfant","7":"product_cat-activites","9":"first","10":"instock","11":"shipping-taxable","12":"purchasable","13":"product-type-simple"},"_links":{"self":[{"href":"https:\/\/baralivres.ma\/index.php?rest_route=\/wp\/v2\/product\/23238","targetHints":{"allow":["GET"]}}],"collection":[{"href":"https:\/\/baralivres.ma\/index.php?rest_route=\/wp\/v2\/product"}],"about":[{"href":"https:\/\/baralivres.ma\/index.php?rest_route=\/wp\/v2\/types\/product"}],"replies":[{"embeddable":true,"href":"https:\/\/baralivres.ma\/index.php?rest_route=%2Fwp%2Fv2%2Fcomments&post=23238"}],"version-history":[{"count":1,"href":"https:\/\/baralivres.ma\/index.php?rest_route=\/wp\/v2\/product\/23238\/revisions"}],"predecessor-version":[{"id":23243,"href":"https:\/\/baralivres.ma\/index.php?rest_route=\/wp\/v2\/product\/23238\/revisions\/23243"}],"wp:featuredmedia":[{"embeddable":true,"href":"https:\/\/baralivres.ma\/index.php?rest_route=\/wp\/v2\/media\/23239"}],"wp:attachment":[{"href":"https:\/\/baralivres.ma\/index.php?rest_route=%2Fwp%2Fv2%2Fmedia&parent=23238"}],"wp:term":[{"taxonomy":"product_cat","embeddable":true,"href":"https:\/\/baralivres.ma\/index.php?rest_route=%2Fwp%2Fv2%2Fproduct_cat&post=23238"},{"taxonomy":"product_tag","embeddable":true,"href":"https:\/\/baralivres.ma\/index.php?rest_route=%2Fwp%2Fv2%2Fproduct_tag&post=23238"}],"curies":[{"name":"wp","href":"https:\/\/api.w.org\/{rel}","templated":true}]}}