{"id":23233,"date":"2025-02-28T17:04:34","date_gmt":"2025-02-28T16:04:34","guid":{"rendered":"https:\/\/baralivres.ma\/?post_type=product&#038;p=23233"},"modified":"2025-02-28T17:04:34","modified_gmt":"2025-02-28T16:04:34","slug":"my-first-pen-book-all-about-animals","status":"publish","type":"product","link":"https:\/\/baralivres.ma\/?product=my-first-pen-book-all-about-animals","title":{"rendered":"My First Pen Book All About Animals"},"content":{"rendered":"<p><em data-start=\"0\" data-end=\"38\" data-is-only-node=\"\">My First Pen Book: All About Animals<\/em> est un livre interactif id\u00e9al pour les jeunes enfants, con\u00e7u pour \u00e9veiller leur curiosit\u00e9 et leur apprendre sur le monde fascinant des animaux. Avec des images simples et color\u00e9es, ce livre invite les tout-petits \u00e0 tracer, colorier et \u00e9crire tout en d\u00e9couvrant des informations int\u00e9ressantes sur une vari\u00e9t\u00e9 d&rsquo;animaux. Chaque page propose des activit\u00e9s ludiques qui aident \u00e0 d\u00e9velopper la coordination \u0153il-main, la motricit\u00e9 fine et les comp\u00e9tences en \u00e9criture. Ce livre encourage \u00e9galement l&rsquo;apprentissage du vocabulaire, en introduisant les enfants \u00e0 des termes associ\u00e9s aux animaux et \u00e0 leur habitat. Parfait pour les enfants \u00e0 partir de 3 ans, <em data-start=\"687\" data-end=\"725\">My First Pen Book: All About Animals<\/em> est un excellent moyen de rendre l&rsquo;apprentissage amusant et interactif.<\/p>\n","protected":false},"excerpt":{"rendered":"<p><em data-start=\"0\" data-end=\"38\" data-is-only-node=\"\">My First Pen Book: All About Animals<\/em> est un livre interactif pour les jeunes enfants, leur permettant de d\u00e9couvrir les animaux tout en pratiquant l&rsquo;\u00e9criture et le dessin. Avec des images color\u00e9es et des activit\u00e9s ludiques, ce livre aide \u00e0 d\u00e9velopper la motricit\u00e9 fine et le vocabulaire des tout-petits. Id\u00e9al d\u00e8s 3 ans.<\/p>\n","protected":false},"featured_media":23234,"comment_status":"open","ping_status":"closed","template":"","meta":{"inline_featured_image":false},"product_cat":[210,200],"product_tag":[],"class_list":{"0":"post-23233","1":"product","2":"type-product","3":"status-publish","4":"has-post-thumbnail","6":"product_cat-activites-bebe-enfant","7":"product_cat-activites","9":"first","10":"instock","11":"shipping-taxable","12":"purchasable","13":"product-type-simple"},"_links":{"self":[{"href":"https:\/\/baralivres.ma\/index.php?rest_route=\/wp\/v2\/product\/23233","targetHints":{"allow":["GET"]}}],"collection":[{"href":"https:\/\/baralivres.ma\/index.php?rest_route=\/wp\/v2\/product"}],"about":[{"href":"https:\/\/baralivres.ma\/index.php?rest_route=\/wp\/v2\/types\/product"}],"replies":[{"embeddable":true,"href":"https:\/\/baralivres.ma\/index.php?rest_route=%2Fwp%2Fv2%2Fcomments&post=23233"}],"version-history":[{"count":1,"href":"https:\/\/baralivres.ma\/index.php?rest_route=\/wp\/v2\/product\/23233\/revisions"}],"predecessor-version":[{"id":23237,"href":"https:\/\/baralivres.ma\/index.php?rest_route=\/wp\/v2\/product\/23233\/revisions\/23237"}],"wp:featuredmedia":[{"embeddable":true,"href":"https:\/\/baralivres.ma\/index.php?rest_route=\/wp\/v2\/media\/23234"}],"wp:attachment":[{"href":"https:\/\/baralivres.ma\/index.php?rest_route=%2Fwp%2Fv2%2Fmedia&parent=23233"}],"wp:term":[{"taxonomy":"product_cat","embeddable":true,"href":"https:\/\/baralivres.ma\/index.php?rest_route=%2Fwp%2Fv2%2Fproduct_cat&post=23233"},{"taxonomy":"product_tag","embeddable":true,"href":"https:\/\/baralivres.ma\/index.php?rest_route=%2Fwp%2Fv2%2Fproduct_tag&post=23233"}],"curies":[{"name":"wp","href":"https:\/\/api.w.org\/{rel}","templated":true}]}}