{"id":23229,"date":"2025-02-28T17:00:33","date_gmt":"2025-02-28T16:00:33","guid":{"rendered":"https:\/\/baralivres.ma\/?post_type=product&#038;p=23229"},"modified":"2025-02-28T17:00:34","modified_gmt":"2025-02-28T16:00:34","slug":"my-first-learning-pen-book-terrific-transport","status":"publish","type":"product","link":"https:\/\/baralivres.ma\/?product=my-first-learning-pen-book-terrific-transport","title":{"rendered":"My First Learning Pen Book Terrific Transport"},"content":{"rendered":"<p data-start=\"0\" data-end=\"563\"><strong data-start=\"0\" data-end=\"51\">My First Learning Pen Book : Terrific Transport<\/strong> est un livre \u00e9ducatif interactif qui introduit les enfants aux diff\u00e9rents moyens de transport de mani\u00e8re ludique et immersive. Con\u00e7u pour les tout-petits, ce livre fonctionne avec un stylo magique qui, lorsqu&rsquo;il est plac\u00e9 sur les illustrations, d\u00e9clenche des sons et des informations int\u00e9ressantes. Les enfants d\u00e9couvriront des v\u00e9hicules comme les voitures, les trains, les avions, les bateaux et bien d&rsquo;autres encore, tout en d\u00e9veloppant leur vocabulaire et leur compr\u00e9hension des concepts li\u00e9s aux transports.<\/p>\n<p data-start=\"565\" data-end=\"941\" data-is-last-node=\"\" data-is-only-node=\"\">Avec des pages color\u00e9es et attrayantes, ce livre stimule la curiosit\u00e9 des enfants, leur offrant une exp\u00e9rience d&rsquo;apprentissage amusante tout en renfor\u00e7ant leurs comp\u00e9tences en reconnaissance des mots et en \u00e9coute. Id\u00e9al pour les jeunes enfants qui commencent \u00e0 explorer le monde qui les entoure, <strong data-start=\"861\" data-end=\"883\">Terrific Transport<\/strong> est un excellent moyen d&rsquo;allier apprentissage et plaisir.<\/p>\n","protected":false},"excerpt":{"rendered":"<p><strong data-start=\"0\" data-end=\"51\" data-is-only-node=\"\">My First Learning Pen Book : Terrific Transport<\/strong> est un livre interactif pour les tout-petits, permettant de d\u00e9couvrir les diff\u00e9rents moyens de transport. Gr\u00e2ce \u00e0 un stylo magique, chaque illustration d\u00e9clenche des sons et des informations, offrant ainsi une exp\u00e9rience d&rsquo;apprentissage ludique et immersive. Id\u00e9al pour d\u00e9velopper le vocabulaire et la curiosit\u00e9 des enfants.<\/p>\n","protected":false},"featured_media":23231,"comment_status":"open","ping_status":"closed","template":"","meta":{"inline_featured_image":false},"product_cat":[210,200],"product_tag":[],"class_list":{"0":"post-23229","1":"product","2":"type-product","3":"status-publish","4":"has-post-thumbnail","6":"product_cat-activites-bebe-enfant","7":"product_cat-activites","9":"first","10":"instock","11":"shipping-taxable","12":"purchasable","13":"product-type-simple"},"_links":{"self":[{"href":"https:\/\/baralivres.ma\/index.php?rest_route=\/wp\/v2\/product\/23229","targetHints":{"allow":["GET"]}}],"collection":[{"href":"https:\/\/baralivres.ma\/index.php?rest_route=\/wp\/v2\/product"}],"about":[{"href":"https:\/\/baralivres.ma\/index.php?rest_route=\/wp\/v2\/types\/product"}],"replies":[{"embeddable":true,"href":"https:\/\/baralivres.ma\/index.php?rest_route=%2Fwp%2Fv2%2Fcomments&post=23229"}],"version-history":[{"count":1,"href":"https:\/\/baralivres.ma\/index.php?rest_route=\/wp\/v2\/product\/23229\/revisions"}],"predecessor-version":[{"id":23232,"href":"https:\/\/baralivres.ma\/index.php?rest_route=\/wp\/v2\/product\/23229\/revisions\/23232"}],"wp:featuredmedia":[{"embeddable":true,"href":"https:\/\/baralivres.ma\/index.php?rest_route=\/wp\/v2\/media\/23231"}],"wp:attachment":[{"href":"https:\/\/baralivres.ma\/index.php?rest_route=%2Fwp%2Fv2%2Fmedia&parent=23229"}],"wp:term":[{"taxonomy":"product_cat","embeddable":true,"href":"https:\/\/baralivres.ma\/index.php?rest_route=%2Fwp%2Fv2%2Fproduct_cat&post=23229"},{"taxonomy":"product_tag","embeddable":true,"href":"https:\/\/baralivres.ma\/index.php?rest_route=%2Fwp%2Fv2%2Fproduct_tag&post=23229"}],"curies":[{"name":"wp","href":"https:\/\/api.w.org\/{rel}","templated":true}]}}