{"id":23214,"date":"2025-02-28T16:10:18","date_gmt":"2025-02-28T15:10:18","guid":{"rendered":"https:\/\/baralivres.ma\/?post_type=product&#038;p=23214"},"modified":"2025-02-28T16:10:18","modified_gmt":"2025-02-28T15:10:18","slug":"le-loup-qui-saimait-beaucoup-trop","status":"publish","type":"product","link":"https:\/\/baralivres.ma\/?product=le-loup-qui-saimait-beaucoup-trop","title":{"rendered":"Le loup qui s&rsquo;aimait beaucoup trop"},"content":{"rendered":"<p data-start=\"0\" data-end=\"429\"><strong data-start=\"0\" data-end=\"38\">Le Loup qui s&rsquo;aimait beaucoup trop<\/strong> est une histoire pleine d&rsquo;humour et de tendresse qui met en sc\u00e8ne notre c\u00e9l\u00e8bre Loup. Cette fois-ci, Loup est convaincu d\u2019\u00eatre le plus beau, le plus fort et le plus impressionnant. Il d\u00e9cide donc de participer au grand concours du <strong data-start=\"270\" data-end=\"297\">Plus Grand M\u00e9chant Loup<\/strong>. Pour remporter le prix tant convoit\u00e9, il doit \u00eatre le plus rapide, le plus costaud, le plus adroit et surtout\u2026 le plus m\u00e9chant !<\/p>\n<p data-start=\"431\" data-end=\"723\">Mais en voulant prouver \u00e0 tout le monde qu\u2019il est le meilleur, Loup devient insupportable. \u00c0 force de se vanter et de malmener les autres, il se retrouve bien seul. Et quand les \u00e9preuves deviennent difficiles, il r\u00e9alise qu\u2019avoir des amis, c&rsquo;est bien plus important que d\u2019\u00eatre le plus fort.<\/p>\n<p data-start=\"725\" data-end=\"834\" data-is-last-node=\"\" data-is-only-node=\"\">Une belle histoire sur l\u2019amiti\u00e9, l\u2019humilit\u00e9 et l\u2019importance de ne pas laisser son \u00e9go prendre trop de place !<\/p>\n","protected":false},"excerpt":{"rendered":"<p><strong data-start=\"0\" data-end=\"38\" data-is-only-node=\"\">Le Loup qui s&rsquo;aimait beaucoup trop<\/strong> raconte l\u2019histoire de Loup, persuad\u00e9 d\u2019\u00eatre le plus beau et le plus fort. Bien d\u00e9cid\u00e9 \u00e0 gagner le concours du <strong data-start=\"149\" data-end=\"176\">Plus Grand M\u00e9chant Loup<\/strong>, il devient insupportable et finit par se retrouver seul. Mais quand les \u00e9preuves deviennent difficiles, il comprend que l\u2019amiti\u00e9 est bien plus pr\u00e9cieuse que la force ou la vanit\u00e9. Une belle le\u00e7on d\u2019humilit\u00e9 et de partage !<\/p>\n","protected":false},"featured_media":23215,"comment_status":"open","ping_status":"closed","template":"","meta":{"inline_featured_image":false},"product_cat":[4229,4234],"product_tag":[],"class_list":{"0":"post-23214","1":"product","2":"type-product","3":"status-publish","4":"has-post-thumbnail","6":"product_cat-bibliotheque_a_moins-cher","7":"product_cat-collection-de-le-loup","9":"first","10":"instock","11":"shipping-taxable","12":"purchasable","13":"product-type-simple"},"_links":{"self":[{"href":"https:\/\/baralivres.ma\/index.php?rest_route=\/wp\/v2\/product\/23214","targetHints":{"allow":["GET"]}}],"collection":[{"href":"https:\/\/baralivres.ma\/index.php?rest_route=\/wp\/v2\/product"}],"about":[{"href":"https:\/\/baralivres.ma\/index.php?rest_route=\/wp\/v2\/types\/product"}],"replies":[{"embeddable":true,"href":"https:\/\/baralivres.ma\/index.php?rest_route=%2Fwp%2Fv2%2Fcomments&post=23214"}],"version-history":[{"count":1,"href":"https:\/\/baralivres.ma\/index.php?rest_route=\/wp\/v2\/product\/23214\/revisions"}],"predecessor-version":[{"id":23216,"href":"https:\/\/baralivres.ma\/index.php?rest_route=\/wp\/v2\/product\/23214\/revisions\/23216"}],"wp:featuredmedia":[{"embeddable":true,"href":"https:\/\/baralivres.ma\/index.php?rest_route=\/wp\/v2\/media\/23215"}],"wp:attachment":[{"href":"https:\/\/baralivres.ma\/index.php?rest_route=%2Fwp%2Fv2%2Fmedia&parent=23214"}],"wp:term":[{"taxonomy":"product_cat","embeddable":true,"href":"https:\/\/baralivres.ma\/index.php?rest_route=%2Fwp%2Fv2%2Fproduct_cat&post=23214"},{"taxonomy":"product_tag","embeddable":true,"href":"https:\/\/baralivres.ma\/index.php?rest_route=%2Fwp%2Fv2%2Fproduct_tag&post=23214"}],"curies":[{"name":"wp","href":"https:\/\/api.w.org\/{rel}","templated":true}]}}