{"id":23211,"date":"2025-02-28T16:07:48","date_gmt":"2025-02-28T15:07:48","guid":{"rendered":"https:\/\/baralivres.ma\/?post_type=product&#038;p=23211"},"modified":"2025-02-28T16:07:48","modified_gmt":"2025-02-28T15:07:48","slug":"le-loup-qui-voulait-etre-un-super-heros","status":"publish","type":"product","link":"https:\/\/baralivres.ma\/?product=le-loup-qui-voulait-etre-un-super-heros","title":{"rendered":"Le loup qui voulait \u00eatre un super-h\u00e9ros"},"content":{"rendered":"<p data-start=\"0\" data-end=\"552\"><strong data-start=\"0\" data-end=\"43\">Le Loup qui voulait \u00eatre un super-h\u00e9ros<\/strong> est une aventure amusante et touchante mettant en sc\u00e8ne le c\u00e9l\u00e8bre Loup. Aujourd\u2019hui, Loup a une id\u00e9e g\u00e9niale : devenir un super-h\u00e9ros ! Il enfile son costume et se transforme en <strong data-start=\"223\" data-end=\"247\" data-is-only-node=\"\">Super-Extra-Fabuloup<\/strong>, pr\u00eat \u00e0 accomplir des exploits. Mais \u00eatre un h\u00e9ros, ce n\u2019est pas si simple, surtout quand on est un peu maladroit\u2026 Trouver quelqu\u2019un \u00e0 sauver devient un v\u00e9ritable d\u00e9fi ! Heureusement, entre quiproquos et situations cocasses, Loup pourra compter sur une aide pr\u00e9cieuse : celle de sa <strong data-start=\"530\" data-end=\"549\">super amoureuse<\/strong>.<\/p>\n<p data-start=\"554\" data-end=\"676\" data-is-last-node=\"\" data-is-only-node=\"\">Un album dr\u00f4le et attendrissant, parfait pour aborder les notions de pers\u00e9v\u00e9rance et de confiance en soi avec les enfants.<\/p>\n","protected":false},"excerpt":{"rendered":"<p><strong data-start=\"0\" data-end=\"43\" data-is-only-node=\"\">Le Loup qui voulait \u00eatre un super-h\u00e9ros<\/strong> raconte l\u2019histoire de Loup, qui d\u00e9cide de devenir <strong data-start=\"94\" data-end=\"118\">Super-Extra-Fabuloup<\/strong> ! Mais \u00eatre un h\u00e9ros n\u2019est pas si facile quand on est maladroit\u2026 Heureusement, il peut compter sur sa <strong data-start=\"221\" data-end=\"240\">super amoureuse<\/strong> dans cette aventure dr\u00f4le et tendre.<\/p>\n","protected":false},"featured_media":23212,"comment_status":"open","ping_status":"closed","template":"","meta":{"inline_featured_image":false},"product_cat":[4229,4234],"product_tag":[],"class_list":{"0":"post-23211","1":"product","2":"type-product","3":"status-publish","4":"has-post-thumbnail","6":"product_cat-bibliotheque_a_moins-cher","7":"product_cat-collection-de-le-loup","9":"first","10":"instock","11":"shipping-taxable","12":"purchasable","13":"product-type-simple"},"_links":{"self":[{"href":"https:\/\/baralivres.ma\/index.php?rest_route=\/wp\/v2\/product\/23211","targetHints":{"allow":["GET"]}}],"collection":[{"href":"https:\/\/baralivres.ma\/index.php?rest_route=\/wp\/v2\/product"}],"about":[{"href":"https:\/\/baralivres.ma\/index.php?rest_route=\/wp\/v2\/types\/product"}],"replies":[{"embeddable":true,"href":"https:\/\/baralivres.ma\/index.php?rest_route=%2Fwp%2Fv2%2Fcomments&post=23211"}],"version-history":[{"count":1,"href":"https:\/\/baralivres.ma\/index.php?rest_route=\/wp\/v2\/product\/23211\/revisions"}],"predecessor-version":[{"id":23213,"href":"https:\/\/baralivres.ma\/index.php?rest_route=\/wp\/v2\/product\/23211\/revisions\/23213"}],"wp:featuredmedia":[{"embeddable":true,"href":"https:\/\/baralivres.ma\/index.php?rest_route=\/wp\/v2\/media\/23212"}],"wp:attachment":[{"href":"https:\/\/baralivres.ma\/index.php?rest_route=%2Fwp%2Fv2%2Fmedia&parent=23211"}],"wp:term":[{"taxonomy":"product_cat","embeddable":true,"href":"https:\/\/baralivres.ma\/index.php?rest_route=%2Fwp%2Fv2%2Fproduct_cat&post=23211"},{"taxonomy":"product_tag","embeddable":true,"href":"https:\/\/baralivres.ma\/index.php?rest_route=%2Fwp%2Fv2%2Fproduct_tag&post=23211"}],"curies":[{"name":"wp","href":"https:\/\/api.w.org\/{rel}","templated":true}]}}