{"id":23201,"date":"2025-02-28T15:59:38","date_gmt":"2025-02-28T14:59:38","guid":{"rendered":"https:\/\/baralivres.ma\/?post_type=product&#038;p=23201"},"modified":"2025-02-28T15:59:38","modified_gmt":"2025-02-28T14:59:38","slug":"le-loup-qui-voyageait-dans-le-temps","status":"publish","type":"product","link":"https:\/\/baralivres.ma\/?product=le-loup-qui-voyageait-dans-le-temps","title":{"rendered":"Le loup qui voyageait dans le temps"},"content":{"rendered":"<p data-start=\"0\" data-end=\"41\"><strong data-start=\"0\" data-end=\"39\">Le Loup qui voyageait dans le temps<\/strong><\/p>\n<p data-start=\"43\" data-end=\"546\">Dans cette aventure captivante, Loup fait une d\u00e9couverte incroyable dans son grenier : un livre magique qui lui permet de voyager \u00e0 travers le temps ! En un clin d&rsquo;\u0153il, il se retrouve projet\u00e9 \u00e0 diff\u00e9rentes \u00e9poques : au temps des dinosaures, parmi les hommes pr\u00e9historiques, aux c\u00f4t\u00e9s de Jules C\u00e9sar ou encore en plein c\u0153ur de la R\u00e9volution fran\u00e7aise. Chaque \u00e9poque r\u00e9serve son lot de surprises et de rebondissements, offrant aux jeunes lecteurs une mani\u00e8re ludique et amusante de d\u00e9couvrir l\u2019Histoire.<\/p>\n<p data-start=\"548\" data-end=\"916\" data-is-last-node=\"\" data-is-only-node=\"\">Cet album fait partie de la collection <strong data-start=\"587\" data-end=\"612\">\u00ab Mes p\u2019tits albums \u00bb<\/strong>, une s\u00e9rie d\u2019histoires tendres et rigolotes, sp\u00e9cialement con\u00e7ues pour aborder des th\u00e8mes importants du quotidien des enfants. Avec des illustrations color\u00e9es et un texte accessible, ce livre \u00e9merveillera petits et grands tout en stimulant leur curiosit\u00e9 pour le pass\u00e9. Un voyage \u00e0 ne pas manquer ! \ud83d\ude80\ud83d\udcd6<\/p>\n","protected":false},"excerpt":{"rendered":"<p data-start=\"0\" data-end=\"41\"><strong data-start=\"0\" data-end=\"39\">Le Loup qui voyageait dans le temps<\/strong><\/p>\n<p data-start=\"43\" data-end=\"340\" data-is-last-node=\"\" data-is-only-node=\"\">En fouillant son grenier, Loup d\u00e9couvre un livre magique qui le propulse \u00e0 travers les \u00e9poques ! Des dinosaures \u00e0 la R\u00e9volution fran\u00e7aise, en passant par Jules C\u00e9sar, chaque voyage est une aventure pleine de surprises. Une histoire dr\u00f4le et captivante pour d\u00e9couvrir l\u2019Histoire en s\u2019amusant ! \ud83d\ude80\ud83d\udcd6<\/p>\n","protected":false},"featured_media":23203,"comment_status":"open","ping_status":"closed","template":"","meta":{"inline_featured_image":false},"product_cat":[4229,4234],"product_tag":[],"class_list":{"0":"post-23201","1":"product","2":"type-product","3":"status-publish","4":"has-post-thumbnail","6":"product_cat-bibliotheque_a_moins-cher","7":"product_cat-collection-de-le-loup","9":"first","10":"instock","11":"shipping-taxable","12":"purchasable","13":"product-type-simple"},"_links":{"self":[{"href":"https:\/\/baralivres.ma\/index.php?rest_route=\/wp\/v2\/product\/23201","targetHints":{"allow":["GET"]}}],"collection":[{"href":"https:\/\/baralivres.ma\/index.php?rest_route=\/wp\/v2\/product"}],"about":[{"href":"https:\/\/baralivres.ma\/index.php?rest_route=\/wp\/v2\/types\/product"}],"replies":[{"embeddable":true,"href":"https:\/\/baralivres.ma\/index.php?rest_route=%2Fwp%2Fv2%2Fcomments&post=23201"}],"version-history":[{"count":1,"href":"https:\/\/baralivres.ma\/index.php?rest_route=\/wp\/v2\/product\/23201\/revisions"}],"predecessor-version":[{"id":23204,"href":"https:\/\/baralivres.ma\/index.php?rest_route=\/wp\/v2\/product\/23201\/revisions\/23204"}],"wp:featuredmedia":[{"embeddable":true,"href":"https:\/\/baralivres.ma\/index.php?rest_route=\/wp\/v2\/media\/23203"}],"wp:attachment":[{"href":"https:\/\/baralivres.ma\/index.php?rest_route=%2Fwp%2Fv2%2Fmedia&parent=23201"}],"wp:term":[{"taxonomy":"product_cat","embeddable":true,"href":"https:\/\/baralivres.ma\/index.php?rest_route=%2Fwp%2Fv2%2Fproduct_cat&post=23201"},{"taxonomy":"product_tag","embeddable":true,"href":"https:\/\/baralivres.ma\/index.php?rest_route=%2Fwp%2Fv2%2Fproduct_tag&post=23201"}],"curies":[{"name":"wp","href":"https:\/\/api.w.org\/{rel}","templated":true}]}}